{"id":906,"date":"2017-11-14T11:34:51","date_gmt":"2017-11-14T10:34:51","guid":{"rendered":"http:\/\/safari.evolutiontravel.it\/infovacanze\/?page_id=906"},"modified":"2018-12-06T16:05:49","modified_gmt":"2018-12-06T15:05:49","slug":"commenti","status":"publish","type":"page","link":"https:\/\/safari.evolutiontravel.it\/infovacanze\/commenti\/","title":{"rendered":"Commenti &amp; Recensioni sui nostri safari"},"content":{"rendered":"<h2 style=\"padding-left: 30px\"><em>I commenti di chi ha viaggiato con Evolution Travel<\/em><\/h2>\n<p>Quando decidiamo di partire per un safari o altro tipo di viaggio, sentiamo sempre<strong> il bisogno di conoscere prima commenti, recensioni e opinioni<\/strong> di chi ha gi\u00e0 visitato quel paese, soprattutto se \u00e8 un paese cos\u00ec tanto lontano dal nostro, dove tradizioni, usanze, cultura ma anche paesaggi e animali sono molto diversi.<\/p>\n<p>\u00c8 giusto cercare le opinioni di altri viaggiatori perch\u00e8 <strong>abbiamo bisogno di conferme<\/strong> o <strong>di smentite<\/strong> per sentirci sicuri della scelta che siamo in procinto di fare soprattutto quando la scelta implica sostenere un costo e allontanarsi parecchi km da casa anche se per puro piacere.<\/p>\n<p>Per facilitare questa scelta mettiamo a tua disposizione <strong>i pi\u00f9 recenti commenti sui safari di Evolution Travel<\/strong> lasciati da chi ha scelto di esplorare queste destinazioni dell\u2019Africa insieme a noi, alla scoperta di animali, paesaggi e molte altre attrazioni (per visualizzarli tutti, anche quelli degli anni passati clicca su <em>Commenti<\/em> nel men\u00f9 di navigazione). <strong>Con il consenso degli utenti<\/strong> possiamo fornirti nome, cognome e il loro collegamento Facebook.<\/p>\n<p><strong>Patrizia<\/strong> e <strong>Sergio Fornasari <\/strong>per il loro viaggio &#8220;Speciale deserto del Namib&#8221; di giugno 2018 dicono: <em>viaggio fantastico &#8211; molto emozionante&#8230;. sono sensazioni che non si possono descrivere, bisogna viverle&#8230;.Non eravamo mai stati in Africa, ma certamente ci ritorneremo<\/em>.<\/p>\n<p>\u201c<em>Stancante ma bellissima<\/em>\u201d secondo <strong>Claudio Morelli<\/strong> che ha dato 5 stelle all\u2019offerta Safari Amboseli + mare a Watamu. (www.facebook.com\/claudio.morelli.1293).<\/p>\n<p><strong>Giulia Zocca<\/strong> era il suo \u201c<em>primo safari e tutto \u00e8 stato nettamente al di sopra di quanto avrei potuto aspettarmi<\/em>\u201d. Lei ha scelto il viaggio \u201c<em>L&#8217;ultimo paradiso d&#8217;Africa<\/em>\u201d per vedere gli animali, che comprende tour e volo. (www.facebook.com\/giulia.zocca)<\/p>\n<p><strong>Mario Salo<\/strong> ha trovato ottima la sistemazione nei Lodge e buona quella nei campi tendati \u201c<em>considerando che sono in mezzo alla savana<\/em>\u201d. (www.facebook.com\/mario.salomone.90)Pacchetto acquistato: viaggio forografico \u201cGemma d\u2019Africa\u201d che include volo + tour.<\/p>\n<p>Anche <strong>Silvio Fistetto<\/strong> ha scelto il viaggio fotografico, quel che ha commentato in modo positivo \u00e8 l\u2019esperienza dei campi tendati: \u201c<em>indimenticabile<\/em>\u201d. (www.facebook.com\/silviofi)<\/p>\n<p><strong>Lucia Pappalardo<\/strong> ha fatto questo safari in compagnia anche dei suoi due figli di 14 e 12 anni e nonostante i molti km fatti in auto ha per\u00f2 commentato \u201c<em>non erano pesanti poich\u00e9 permettono di entrare in pieno nell&#8217; ambiente e nella regione da visitare<\/em>\u201d. (www.facebook.com\/lucia.pappalardo.902)<\/p>\n<p style=\"text-align: center\"><strong><span style=\"color: #008000\">SCOPRI LE ULTIME OFFERTE DELLA SETTIMANA<\/span><br \/>\n<\/strong><\/p>\n<p style=\"text-align: center\">Non perdere queste occasioni di risparmio: <strong>CLICCA E SCOPRI<\/strong> tutti i <strong>dettagli dei safari<\/strong>!<\/p>\n<div class=\"feedzy-c6d6c12dd9de10550f668ae3af7a2961 feedzy-rss\">\n\t\t<ul class=\"feedzy-style2\">\n\t\t\t\t\t<li  style=\"padding: 23px 0 38px\" class=\"rss_item feedzy-rss-col-3\" >\n\t\t\t\t\t\t\t\t\t<div class=\"rss_image\" style=\"width:225px; height:225px;\">\n\t\t\t\t\t\t<a href=\"https:\/\/safari.evolutiontravel.it\/it_IT\/911\/tab\/40772_terre-selvagge-e-cultura-unavventura-tra-savane-montagne-e-tradizioni.html\" target=\"_blank\" \n\t\t\t\t\t\t\trel=\"noopener \"\n\t\t\t\t\t\t\ttitle=\"Terre selvagge e cultura: un&#039;avventura tra savane, montagne e tradizioni\"\n\t\t\t\t\t\t\tstyle=\"width:225px; height:225px;\">\n\t\t\t\t\t\t\t<span class=\"fetched\" style=\"background-image:  url('http:\/\/etcdn.net\/thumbnails\/40772\/it-johannesburg-terre-selvagge-e-cultura-unavventura-tra-savane-montagne-e-tradizioni-832f8.jpg');\" title=\"Terre selvagge e cultura: un&#039;avventura tra savane, montagne e tradizioni\"><\/span><amp-img width=\"225\" height=\"225\" src=\"http:\/\/etcdn.net\/thumbnails\/40772\/it-johannesburg-terre-selvagge-e-cultura-unavventura-tra-savane-montagne-e-tradizioni-832f8.jpg\">\t\t\t\t\t\t<\/a>\n\t\t\t\t\t<\/div>\n\t\t\t\t\t\t\t\t<div class=\"rss_content_wrap\">\n\t\t\t\t\t<span class=\"title\">\n\t\t\t\t\t\t<a href=\"https:\/\/safari.evolutiontravel.it\/it_IT\/911\/tab\/40772_terre-selvagge-e-cultura-unavventura-tra-savane-montagne-e-tradizioni.html\" target=\"_blank\"  rel=\"noopener \">\n\t\t\t\t\t\t\tTerre selvagge e cultura: un'avventura tra savane, montagne e tradizioni\t\t\t\t\t\t<\/a>\n\t\t\t\t\t<\/span>\n\t\t\t\t\t<div class=\"rss_content\"\n\t\t\t\t\t\t\tstyle=\"\">\n\t\t\t\t\t\t\n\t\t\t\t\t\t\t\t\t\t\t\t<p class=\"description\">Un viaggio tra natura e cultura, dalle savane del Kruger alle maestose Drakensberg. Safari, trekking e storia tra Pilgrims Rest, [&hellip;]<\/p>\n\t\t\t\t\t\t\n\t\t\t\t\t\t\t\t\t\t\t\t\t\t\t\t\t\t\t<div class=\"price-wrap\">\n\t\t\t\t\t\t\t\t<a href=\"https:\/\/safari.evolutiontravel.it\/it_IT\/911\/tab\/40772_terre-selvagge-e-cultura-unavventura-tra-savane-montagne-e-tradizioni.html\" target=\"_blank\" rel=\"noopener\"><button class=\"price\"> 2550<\/button><\/a>\n\t\t\t\t\t\t\t<\/div>\n\t\t\t\t\t\t\t\t\t\t\t<\/div>\n\t\t\t\t<\/div>\n\t\t\t<\/li>\n\t\t\t\t\t\t<li  style=\"padding: 23px 0 38px\" class=\"rss_item feedzy-rss-col-3\" >\n\t\t\t\t\t\t\t\t\t<div class=\"rss_image\" style=\"width:225px; height:225px;\">\n\t\t\t\t\t\t<a href=\"https:\/\/safari.evolutiontravel.it\/it_IT\/911\/tab\/39396_kruger-e-cape-town.html\" target=\"_blank\" \n\t\t\t\t\t\t\trel=\"noopener \"\n\t\t\t\t\t\t\ttitle=\"Kruger e Cape Town\"\n\t\t\t\t\t\t\tstyle=\"width:225px; height:225px;\">\n\t\t\t\t\t\t\t<span class=\"fetched\" style=\"background-image:  url('http:\/\/etcdn.net\/thumbnails\/27782\/it-cape-town-fly-and-drive-in-tour-nella-regione-del-capo-70381.jpg');\" title=\"Kruger e Cape Town\"><\/span><amp-img width=\"225\" height=\"225\" src=\"http:\/\/etcdn.net\/thumbnails\/27782\/it-cape-town-fly-and-drive-in-tour-nella-regione-del-capo-70381.jpg\">\t\t\t\t\t\t<\/a>\n\t\t\t\t\t<\/div>\n\t\t\t\t\t\t\t\t<div class=\"rss_content_wrap\">\n\t\t\t\t\t<span class=\"title\">\n\t\t\t\t\t\t<a href=\"https:\/\/safari.evolutiontravel.it\/it_IT\/911\/tab\/39396_kruger-e-cape-town.html\" target=\"_blank\"  rel=\"noopener \">\n\t\t\t\t\t\t\tKruger e Cape Town\t\t\t\t\t\t<\/a>\n\t\t\t\t\t<\/span>\n\t\t\t\t\t<div class=\"rss_content\"\n\t\t\t\t\t\t\tstyle=\"\">\n\t\t\t\t\t\t\n\t\t\t\t\t\t\t\t\t\t\t\t<p class=\"description\">un classico tour che abbina il safari nel parco con la visita del capo<\/p>\n\t\t\t\t\t\t\n\t\t\t\t\t\t\t\t\t\t\t\t\t\t\t\t\t\t\t<div class=\"price-wrap\">\n\t\t\t\t\t\t\t\t<a href=\"https:\/\/safari.evolutiontravel.it\/it_IT\/911\/tab\/39396_kruger-e-cape-town.html\" target=\"_blank\" rel=\"noopener\"><button class=\"price\"> 2500<\/button><\/a>\n\t\t\t\t\t\t\t<\/div>\n\t\t\t\t\t\t\t\t\t\t\t<\/div>\n\t\t\t\t<\/div>\n\t\t\t<\/li>\n\t\t\t\t\t\t<li  style=\"padding: 23px 0 38px\" class=\"rss_item feedzy-rss-col-3\" >\n\t\t\t\t\t\t\t\t\t<div class=\"rss_image\" style=\"width:225px; height:225px;\">\n\t\t\t\t\t\t<a href=\"https:\/\/safari.evolutiontravel.it\/it_IT\/911\/tab\/39400_safari-di-lusso-kruger-area.html\" target=\"_blank\" \n\t\t\t\t\t\t\trel=\"noopener \"\n\t\t\t\t\t\t\ttitle=\"Safari di Lusso - Kruger area\"\n\t\t\t\t\t\t\tstyle=\"width:225px; height:225px;\">\n\t\t\t\t\t\t\t<span class=\"fetched\" style=\"background-image:  url('http:\/\/etcdn.net\/thumbnails\/28766\/it-cape-town-south-africa-per-tutti-56708.jpg');\" title=\"Safari di Lusso - Kruger area\"><\/span><amp-img width=\"225\" height=\"225\" src=\"http:\/\/etcdn.net\/thumbnails\/28766\/it-cape-town-south-africa-per-tutti-56708.jpg\">\t\t\t\t\t\t<\/a>\n\t\t\t\t\t<\/div>\n\t\t\t\t\t\t\t\t<div class=\"rss_content_wrap\">\n\t\t\t\t\t<span class=\"title\">\n\t\t\t\t\t\t<a href=\"https:\/\/safari.evolutiontravel.it\/it_IT\/911\/tab\/39400_safari-di-lusso-kruger-area.html\" target=\"_blank\"  rel=\"noopener \">\n\t\t\t\t\t\t\tSafari di Lusso - Kruger area\t\t\t\t\t\t<\/a>\n\t\t\t\t\t<\/span>\n\t\t\t\t\t<div class=\"rss_content\"\n\t\t\t\t\t\t\tstyle=\"\">\n\t\t\t\t\t\t\n\t\t\t\t\t\t\t\t\t\t\t\t<p class=\"description\">Un viaggio indimenticabile, totalmente dedicato a chi ama il lusso e non vuole lasciare nulla al caso. Vi troverete a contatto [&hellip;]<\/p>\n\t\t\t\t\t\t\n\t\t\t\t\t\t\t\t\t\t\t\t\t\t\t\t\t\t\t<div class=\"price-wrap\">\n\t\t\t\t\t\t\t\t<a href=\"https:\/\/safari.evolutiontravel.it\/it_IT\/911\/tab\/39400_safari-di-lusso-kruger-area.html\" target=\"_blank\" rel=\"noopener\"><button class=\"price\"> 2000<\/button><\/a>\n\t\t\t\t\t\t\t<\/div>\n\t\t\t\t\t\t\t\t\t\t\t<\/div>\n\t\t\t\t<\/div>\n\t\t\t<\/li>\n\t\t\t\t\t\t<li  style=\"padding: 23px 0 38px\" class=\"rss_item feedzy-rss-col-3\" >\n\t\t\t\t\t\t\t\t\t<div class=\"rss_image\" style=\"width:225px; height:225px;\">\n\t\t\t\t\t\t<a href=\"https:\/\/safari.evolutiontravel.it\/it_IT\/911\/tab\/39389_self-drive-nella-regione-del-capo-e-garden-route.html\" target=\"_blank\" \n\t\t\t\t\t\t\trel=\"noopener \"\n\t\t\t\t\t\t\ttitle=\"Self drive nella Regione del Capo e garden route\"\n\t\t\t\t\t\t\tstyle=\"width:225px; height:225px;\">\n\t\t\t\t\t\t\t<span class=\"fetched\" style=\"background-image:  url('http:\/\/etcdn.net\/thumbnails\/27782\/it-cape-town-fly-and-drive-in-tour-nella-regione-del-capo-70382.jpg');\" title=\"Self drive nella Regione del Capo e garden route\"><\/span><amp-img width=\"225\" height=\"225\" src=\"http:\/\/etcdn.net\/thumbnails\/27782\/it-cape-town-fly-and-drive-in-tour-nella-regione-del-capo-70382.jpg\">\t\t\t\t\t\t<\/a>\n\t\t\t\t\t<\/div>\n\t\t\t\t\t\t\t\t<div class=\"rss_content_wrap\">\n\t\t\t\t\t<span class=\"title\">\n\t\t\t\t\t\t<a href=\"https:\/\/safari.evolutiontravel.it\/it_IT\/911\/tab\/39389_self-drive-nella-regione-del-capo-e-garden-route.html\" target=\"_blank\"  rel=\"noopener \">\n\t\t\t\t\t\t\tSelf drive nella Regione del Capo e garden route\t\t\t\t\t\t<\/a>\n\t\t\t\t\t<\/span>\n\t\t\t\t\t<div class=\"rss_content\"\n\t\t\t\t\t\t\tstyle=\"\">\n\t\t\t\t\t\t\n\t\t\t\t\t\t\t\t\t\t\t\t<p class=\"description\">Lasciatevi accogliere dall'anima viva e dallo spettacolo di un paese straordinario: i suoni, la natura, il soffio del vento e le [&hellip;]<\/p>\n\t\t\t\t\t\t\n\t\t\t\t\t\t\t\t\t\t\t\t\t\t\t\t\t\t\t<div class=\"price-wrap\">\n\t\t\t\t\t\t\t\t<a href=\"https:\/\/safari.evolutiontravel.it\/it_IT\/911\/tab\/39389_self-drive-nella-regione-del-capo-e-garden-route.html\" target=\"_blank\" rel=\"noopener\"><button class=\"price\"> 2400<\/button><\/a>\n\t\t\t\t\t\t\t<\/div>\n\t\t\t\t\t\t\t\t\t\t\t<\/div>\n\t\t\t\t<\/div>\n\t\t\t<\/li>\n\t\t\t\t\t\t<li  style=\"padding: 23px 0 38px\" class=\"rss_item feedzy-rss-col-3\" >\n\t\t\t\t\t\t\t\t\t<div class=\"rss_image\" style=\"width:225px; height:225px;\">\n\t\t\t\t\t\t<a href=\"https:\/\/safari.evolutiontravel.it\/it_IT\/911\/tab\/27782_self-drive-in-tour-nella-regione-del-capo-e-garden-route-e-riserva-privata.html\" target=\"_blank\" \n\t\t\t\t\t\t\trel=\"noopener \"\n\t\t\t\t\t\t\ttitle=\"Self drive in Tour nella Regione del Capo e garden route e riserva privata\"\n\t\t\t\t\t\t\tstyle=\"width:225px; height:225px;\">\n\t\t\t\t\t\t\t<span class=\"fetched\" style=\"background-image:  url('http:\/\/etcdn.net\/thumbnails\/27782\/it-cape-town-fly-and-drive-in-tour-nella-regione-del-capo-70381.jpg');\" title=\"Self drive in Tour nella Regione del Capo e garden route e riserva privata\"><\/span><amp-img width=\"225\" height=\"225\" src=\"http:\/\/etcdn.net\/thumbnails\/27782\/it-cape-town-fly-and-drive-in-tour-nella-regione-del-capo-70381.jpg\">\t\t\t\t\t\t<\/a>\n\t\t\t\t\t<\/div>\n\t\t\t\t\t\t\t\t<div class=\"rss_content_wrap\">\n\t\t\t\t\t<span class=\"title\">\n\t\t\t\t\t\t<a href=\"https:\/\/safari.evolutiontravel.it\/it_IT\/911\/tab\/27782_self-drive-in-tour-nella-regione-del-capo-e-garden-route-e-riserva-privata.html\" target=\"_blank\"  rel=\"noopener \">\n\t\t\t\t\t\t\tSelf drive in Tour nella Regione del Capo e garden route e riserva privata\t\t\t\t\t\t<\/a>\n\t\t\t\t\t<\/span>\n\t\t\t\t\t<div class=\"rss_content\"\n\t\t\t\t\t\t\tstyle=\"\">\n\t\t\t\t\t\t\n\t\t\t\t\t\t\t\t\t\t\t\t<p class=\"description\">Lasciatevi accogliere dall'anima viva e dallo spettacolo di un paese straordinario: i suoni, la natura, il soffio del vento e le [&hellip;]<\/p>\n\t\t\t\t\t\t\n\t\t\t\t\t\t\t\t\t\t\t\t\t\t\t\t\t\t\t<div class=\"price-wrap\">\n\t\t\t\t\t\t\t\t<a href=\"https:\/\/safari.evolutiontravel.it\/it_IT\/911\/tab\/27782_self-drive-in-tour-nella-regione-del-capo-e-garden-route-e-riserva-privata.html\" target=\"_blank\" rel=\"noopener\"><button class=\"price\"> 2350<\/button><\/a>\n\t\t\t\t\t\t\t<\/div>\n\t\t\t\t\t\t\t\t\t\t\t<\/div>\n\t\t\t\t<\/div>\n\t\t\t<\/li>\n\t\t\t\t\t\t<li  style=\"padding: 23px 0 38px\" class=\"rss_item feedzy-rss-col-3\" >\n\t\t\t\t\t\t\t\t\t<div class=\"rss_image\" style=\"width:225px; height:225px;\">\n\t\t\t\t\t\t<a href=\"https:\/\/safari.evolutiontravel.it\/it_IT\/911\/tab\/28628_la-nazione-arcobaleno.html\" target=\"_blank\" \n\t\t\t\t\t\t\trel=\"noopener \"\n\t\t\t\t\t\t\ttitle=\"La nazione arcobaleno\"\n\t\t\t\t\t\t\tstyle=\"width:225px; height:225px;\">\n\t\t\t\t\t\t\t<span class=\"fetched\" style=\"background-image:  url('http:\/\/etcdn.net\/thumbnails\/28628\/it-johannesburg-la-nazione-arcobaleno-56354.jpg');\" title=\"La nazione arcobaleno\"><\/span><amp-img width=\"225\" height=\"225\" src=\"http:\/\/etcdn.net\/thumbnails\/28628\/it-johannesburg-la-nazione-arcobaleno-56354.jpg\">\t\t\t\t\t\t<\/a>\n\t\t\t\t\t<\/div>\n\t\t\t\t\t\t\t\t<div class=\"rss_content_wrap\">\n\t\t\t\t\t<span class=\"title\">\n\t\t\t\t\t\t<a href=\"https:\/\/safari.evolutiontravel.it\/it_IT\/911\/tab\/28628_la-nazione-arcobaleno.html\" target=\"_blank\"  rel=\"noopener \">\n\t\t\t\t\t\t\tLa nazione arcobaleno\t\t\t\t\t\t<\/a>\n\t\t\t\t\t<\/span>\n\t\t\t\t\t<div class=\"rss_content\"\n\t\t\t\t\t\t\tstyle=\"\">\n\t\t\t\t\t\t\n\t\t\t\t\t\t\n\t\t\t\t\t\t\t\t\t\t\t\t\t\t\t\t\t\t\t<div class=\"price-wrap\">\n\t\t\t\t\t\t\t\t<a href=\"https:\/\/safari.evolutiontravel.it\/it_IT\/911\/tab\/28628_la-nazione-arcobaleno.html\" target=\"_blank\" rel=\"noopener\"><button class=\"price\"> 2850<\/button><\/a>\n\t\t\t\t\t\t\t<\/div>\n\t\t\t\t\t\t\t\t\t\t\t<\/div>\n\t\t\t\t<\/div>\n\t\t\t<\/li>\n\t\t\t\t<\/ul>\n<\/div>\n<style type=\"text\/css\" media=\"all\">.feedzy-rss .rss_item .rss_image{float:left;position:relative;border:none;text-decoration:none;max-width:100%}.feedzy-rss .rss_item .rss_image span{display:inline-block;position:absolute;width:100%;height:100%;background-position:50%;background-size:cover}.feedzy-rss .rss_item .rss_image{margin:.3em 1em 0 0;content-visibility:auto}.feedzy-rss ul{list-style:none}.feedzy-rss ul li{display:inline-block}<\/style>\n","protected":false},"excerpt":{"rendered":"<p>I commenti di chi ha viaggiato con Evolution Travel Quando decidiamo di partire per un safari o altro tipo di viaggio, sentiamo sempre il bisogno di conoscere prima commenti, recensioni e opinioni di chi ha gi\u00e0 visitato quel paese, soprattutto se \u00e8 un paese cos\u00ec tanto lontano dal nostro, dove tradizioni, usanze, cultura ma anche <a class=\"moretag\" href=\"https:\/\/safari.evolutiontravel.it\/infovacanze\/commenti\/\">[&#8230;]<\/a><\/p>\n","protected":false},"author":6,"featured_media":0,"parent":0,"menu_order":0,"comment_status":"closed","ping_status":"closed","template":"templates\/template-with-right-sidebar.php","meta":{"footnotes":""},"yoast_head":"<!-- This site is optimized with the Yoast SEO plugin v21.9.1 - https:\/\/yoast.com\/wordpress\/plugins\/seo\/ -->\n<title>Commenti safari di Evolution Travel - Cosa si dice dei nostri viaggi<\/title>\n<meta name=\"description\" content=\"Scopri i commenti di chi ha gi\u00e0 scelto i nostri safari in Africa e parti con le offerte di Evolution Travel, esperti consulenti viaggio a tuo servizio!\" \/>\n<meta name=\"robots\" content=\"index, follow, max-snippet:-1, max-image-preview:large, max-video-preview:-1\" \/>\n<link rel=\"canonical\" href=\"https:\/\/safari.evolutiontravel.it\/infovacanze\/commenti\/\" \/>\n<meta name=\"twitter:label1\" content=\"Tempo di lettura stimato\" \/>\n\t<meta name=\"twitter:data1\" content=\"2 minuti\" \/>\n<script type=\"application\/ld+json\" class=\"yoast-schema-graph\">{\"@context\":\"https:\/\/schema.org\",\"@graph\":[{\"@type\":\"WebPage\",\"@id\":\"https:\/\/safari.evolutiontravel.it\/infovacanze\/commenti\/\",\"url\":\"https:\/\/safari.evolutiontravel.it\/infovacanze\/commenti\/\",\"name\":\"Commenti safari di Evolution Travel - Cosa si dice dei nostri viaggi\",\"isPartOf\":{\"@id\":\"https:\/\/safari.evolutiontravel.it\/infovacanze\/#website\"},\"datePublished\":\"2017-11-14T10:34:51+00:00\",\"dateModified\":\"2018-12-06T15:05:49+00:00\",\"description\":\"Scopri i commenti di chi ha gi\u00e0 scelto i nostri safari in Africa e parti con le offerte di Evolution Travel, esperti consulenti viaggio a tuo servizio!\",\"inLanguage\":\"it-IT\",\"potentialAction\":[{\"@type\":\"ReadAction\",\"target\":[\"https:\/\/safari.evolutiontravel.it\/infovacanze\/commenti\/\"]}]},{\"@type\":\"WebSite\",\"@id\":\"https:\/\/safari.evolutiontravel.it\/infovacanze\/#website\",\"url\":\"https:\/\/safari.evolutiontravel.it\/infovacanze\/\",\"name\":\"Safari\",\"description\":\"\",\"potentialAction\":[{\"@type\":\"SearchAction\",\"target\":{\"@type\":\"EntryPoint\",\"urlTemplate\":\"https:\/\/safari.evolutiontravel.it\/infovacanze\/?s={search_term_string}\"},\"query-input\":\"required name=search_term_string\"}],\"inLanguage\":\"it-IT\"}]}<\/script>\n<!-- \/ Yoast SEO plugin. -->","yoast_head_json":{"title":"Commenti safari di Evolution Travel - Cosa si dice dei nostri viaggi","description":"Scopri i commenti di chi ha gi\u00e0 scelto i nostri safari in Africa e parti con le offerte di Evolution Travel, esperti consulenti viaggio a tuo servizio!","robots":{"index":"index","follow":"follow","max-snippet":"max-snippet:-1","max-image-preview":"max-image-preview:large","max-video-preview":"max-video-preview:-1"},"canonical":"https:\/\/safari.evolutiontravel.it\/infovacanze\/commenti\/","twitter_misc":{"Tempo di lettura stimato":"2 minuti"},"schema":{"@context":"https:\/\/schema.org","@graph":[{"@type":"WebPage","@id":"https:\/\/safari.evolutiontravel.it\/infovacanze\/commenti\/","url":"https:\/\/safari.evolutiontravel.it\/infovacanze\/commenti\/","name":"Commenti safari di Evolution Travel - Cosa si dice dei nostri viaggi","isPartOf":{"@id":"https:\/\/safari.evolutiontravel.it\/infovacanze\/#website"},"datePublished":"2017-11-14T10:34:51+00:00","dateModified":"2018-12-06T15:05:49+00:00","description":"Scopri i commenti di chi ha gi\u00e0 scelto i nostri safari in Africa e parti con le offerte di Evolution Travel, esperti consulenti viaggio a tuo servizio!","inLanguage":"it-IT","potentialAction":[{"@type":"ReadAction","target":["https:\/\/safari.evolutiontravel.it\/infovacanze\/commenti\/"]}]},{"@type":"WebSite","@id":"https:\/\/safari.evolutiontravel.it\/infovacanze\/#website","url":"https:\/\/safari.evolutiontravel.it\/infovacanze\/","name":"Safari","description":"","potentialAction":[{"@type":"SearchAction","target":{"@type":"EntryPoint","urlTemplate":"https:\/\/safari.evolutiontravel.it\/infovacanze\/?s={search_term_string}"},"query-input":"required name=search_term_string"}],"inLanguage":"it-IT"}]}},"_links":{"self":[{"href":"https:\/\/safari.evolutiontravel.it\/infovacanze\/wp-json\/wp\/v2\/pages\/906"}],"collection":[{"href":"https:\/\/safari.evolutiontravel.it\/infovacanze\/wp-json\/wp\/v2\/pages"}],"about":[{"href":"https:\/\/safari.evolutiontravel.it\/infovacanze\/wp-json\/wp\/v2\/types\/page"}],"author":[{"embeddable":true,"href":"https:\/\/safari.evolutiontravel.it\/infovacanze\/wp-json\/wp\/v2\/users\/6"}],"replies":[{"embeddable":true,"href":"https:\/\/safari.evolutiontravel.it\/infovacanze\/wp-json\/wp\/v2\/comments?post=906"}],"version-history":[{"count":5,"href":"https:\/\/safari.evolutiontravel.it\/infovacanze\/wp-json\/wp\/v2\/pages\/906\/revisions"}],"predecessor-version":[{"id":1114,"href":"https:\/\/safari.evolutiontravel.it\/infovacanze\/wp-json\/wp\/v2\/pages\/906\/revisions\/1114"}],"wp:attachment":[{"href":"https:\/\/safari.evolutiontravel.it\/infovacanze\/wp-json\/wp\/v2\/media?parent=906"}],"curies":[{"name":"wp","href":"https:\/\/api.w.org\/{rel}","templated":true}]}}