{"id":69,"date":"2013-08-02T15:10:02","date_gmt":"2013-08-02T13:10:02","guid":{"rendered":"http:\/\/safari.evolutiontravel.it\/infovacanze\/?page_id=69"},"modified":"2018-12-12T10:33:42","modified_gmt":"2018-12-12T09:33:42","slug":"keetmanshoop","status":"publish","type":"page","link":"https:\/\/safari.evolutiontravel.it\/infovacanze\/namibia\/keetmanshoop\/","title":{"rendered":"Keetmanshoop"},"content":{"rendered":"<p align=\"justify\"><strong>Keetmanshoop<\/strong> \u00e8 la pi\u00f9 grande citt\u00e0 della Namibia e si trova <strong>a sud del paese<\/strong>, \u00e8 una tappa quasi obbligatoria perch\u00e8 offre <strong>molte cose da vedere e da fare<\/strong>.<\/p>\n<p align=\"justify\">Dedicate quindi del tempo a scorprire questa citt\u00e0 decisamente affascinante, qui consigliamo di vedere:<\/p>\n<ul>\n<li>il <strong>Museo Keetmanshoop<\/strong> nella <strong>Chiesa renana costruita nel 1895<\/strong> e dichiarata monumento nazionale.<\/li>\n<li><strong>le\u00a0case\u00a0matjieshuis<\/strong>, le tradizionali abitazioni del popolo Nama fatte di paglia;<\/li>\n<li><strong>il vecchio ospedale\u00a0Johanitter Haus<\/strong>;<\/li>\n<li><strong>l\u2019antico\u00a0ufficio postale<\/strong>;<\/li>\n<li><strong>la\u00a0Schutzenhaus<\/strong>, la sede del pi\u00f9 antico club tedesco del paese.<\/li>\n<\/ul>\n<p align=\"justify\">Anche nei dintorni della citt\u00e0, senza allontanarsi troppo, avrete occasione di <strong>fare escursioni e trekking<\/strong>:<\/p>\n<ul>\n<li>le <strong>due foreste<\/strong> con l&#8217;<strong>albero faretra<\/strong>, il cui nome deriva proprio dall\u2019uso che ne fanno i\u00a0boscimani: con i suoi rami e le foglie vengono difatti create le faretre per le frecce.<\/li>\n<li><strong>La Diga di Naute<\/strong>, la terza diga pi\u00f9 grande della Namibia che pu\u00f2 contenere fino a sessantanove milioni di metri cubi d&#8217;acqua.<\/li>\n<li>Il <strong>Fish River\u00a0Canyon<\/strong>\u00a0con il suo parco nazionale, frequentato da chi ama <strong>fare trekking<\/strong>, \u00e8 oggi <strong>il pi\u00f9 grande del continente africano<\/strong>.<\/li>\n<\/ul>\n<p align=\"justify\">Infine <strong>una curiosit\u00e0 sul nome <em>Keetmanshoop: <\/em><\/strong>significa &#8220;<em>la speranza di di Keetman<\/em>&#8220;, un imprenditore della Germania che finanzi\u00f2 la\u00a0Societ\u00e0 Missionaria Renana.<\/p>\n<p style=\"text-align: center\" align=\"justify\"><strong>SCOPRI I DETTAGLI DELLE NOSTRE OFFERTE PER LA NAMIBIA<\/strong><\/p>\n<p style=\"text-align: center\" align=\"justify\"><span style=\"color: #008000\"><strong>CLICCA E SCOPRI TUTTO<\/strong><\/span>: <strong>programma<\/strong>, <strong>foto<\/strong>, <strong>recensioni<\/strong> e molto altro!<\/p>\n<div class=\"feedzy-70cf77dbb01282840e3189498130c087 feedzy-rss\">\n\t\t<ul class=\"feedzy-style2\">\n\t\t\t\t\t<li  style=\"padding: 23px 0 38px\" class=\"rss_item feedzy-rss-col-3\" >\n\t\t\t\t\t\t\t\t\t<div class=\"rss_image\" style=\"width:225px; height:225px;\">\n\t\t\t\t\t\t<a href=\"https:\/\/safari.evolutiontravel.it\/it_IT\/tab\/40338_etosha-e-deserto.html\" target=\"_blank\" \n\t\t\t\t\t\t\trel=\"noopener \"\n\t\t\t\t\t\t\ttitle=\"etosha e deserto\"\n\t\t\t\t\t\t\tstyle=\"width:225px; height:225px;\">\n\t\t\t\t\t\t\t<span class=\"fetched\" style=\"background-image:  url('http:\/\/etcdn.net\/thumbnails\/1296\/it-windhoek-speciale-parco-etosha-568ea.jpg');\" title=\"etosha e deserto\"><\/span><amp-img width=\"225\" height=\"225\" src=\"http:\/\/etcdn.net\/thumbnails\/1296\/it-windhoek-speciale-parco-etosha-568ea.jpg\">\t\t\t\t\t\t<\/a>\n\t\t\t\t\t<\/div>\n\t\t\t\t\t\t\t\t<div class=\"rss_content_wrap\">\n\t\t\t\t\t<span class=\"title\">\n\t\t\t\t\t\t<a href=\"https:\/\/safari.evolutiontravel.it\/it_IT\/tab\/40338_etosha-e-deserto.html\" target=\"_blank\"  rel=\"noopener \">\n\t\t\t\t\t\t\tetosha e deserto\t\t\t\t\t\t<\/a>\n\t\t\t\t\t<\/span>\n\t\t\t\t\t<div class=\"rss_content\"\n\t\t\t\t\t\t\tstyle=\"\">\n\t\t\t\t\t\t\n\t\t\t\t\t\t\t\t\t\t\t\t<p class=\"description\">da giugno ad ottobre, viaggio di gruppo con guida inglese per max 7 persone per scoprire uno stupendo paese, partenze\u00a005 e 19 [&hellip;]<\/p>\n\t\t\t\t\t\t\n\t\t\t\t\t\t\t\t\t\t\t\t\t\t\t\t\t\t\t<div class=\"price-wrap\">\n\t\t\t\t\t\t\t\t<a href=\"https:\/\/safari.evolutiontravel.it\/it_IT\/tab\/40338_etosha-e-deserto.html\" target=\"_blank\" rel=\"noopener\"><button class=\"price\"> 4340<\/button><\/a>\n\t\t\t\t\t\t\t<\/div>\n\t\t\t\t\t\t\t\t\t\t\t<\/div>\n\t\t\t\t<\/div>\n\t\t\t<\/li>\n\t\t\t\t\t\t<li  style=\"padding: 23px 0 38px\" class=\"rss_item feedzy-rss-col-3\" >\n\t\t\t\t\t\t\t\t\t<div class=\"rss_image\" style=\"width:225px; height:225px;\">\n\t\t\t\t\t\t<a href=\"https:\/\/safari.evolutiontravel.it\/it_IT\/tab\/1265_panorama-tra-namib-ed-etosha.html\" target=\"_blank\" \n\t\t\t\t\t\t\trel=\"noopener \"\n\t\t\t\t\t\t\ttitle=\"Panorama, tra namib ed etosha\"\n\t\t\t\t\t\t\tstyle=\"width:225px; height:225px;\">\n\t\t\t\t\t\t\t<span class=\"fetched\" style=\"background-image:  url('http:\/\/etcdn.net\/thumbnails\/1265\/it-windhoek-panorama-tra-namib-ed-etosha-5600e.jpg');\" title=\"Panorama, tra namib ed etosha\"><\/span><amp-img width=\"225\" height=\"225\" src=\"http:\/\/etcdn.net\/thumbnails\/1265\/it-windhoek-panorama-tra-namib-ed-etosha-5600e.jpg\">\t\t\t\t\t\t<\/a>\n\t\t\t\t\t<\/div>\n\t\t\t\t\t\t\t\t<div class=\"rss_content_wrap\">\n\t\t\t\t\t<span class=\"title\">\n\t\t\t\t\t\t<a href=\"https:\/\/safari.evolutiontravel.it\/it_IT\/tab\/1265_panorama-tra-namib-ed-etosha.html\" target=\"_blank\"  rel=\"noopener \">\n\t\t\t\t\t\t\tPanorama, tra namib ed etosha\t\t\t\t\t\t<\/a>\n\t\t\t\t\t<\/span>\n\t\t\t\t\t<div class=\"rss_content\"\n\t\t\t\t\t\t\tstyle=\"\">\n\t\t\t\t\t\t\n\t\t\t\t\t\t\t\t\t\t\t\t<p class=\"description\">Agosto, Viaggio di gruppo con guida italiana per max 12 persone accomunate dal desiderio di vivere una grande avventura in [&hellip;]<\/p>\n\t\t\t\t\t\t\n\t\t\t\t\t\t\t\t\t\t\t\t\t\t\t\t\t\t\t<div class=\"price-wrap\">\n\t\t\t\t\t\t\t\t<a href=\"https:\/\/safari.evolutiontravel.it\/it_IT\/tab\/1265_panorama-tra-namib-ed-etosha.html\" target=\"_blank\" rel=\"noopener\"><button class=\"price\"> 4490<\/button><\/a>\n\t\t\t\t\t\t\t<\/div>\n\t\t\t\t\t\t\t\t\t\t\t<\/div>\n\t\t\t\t<\/div>\n\t\t\t<\/li>\n\t\t\t\t\t\t<li  style=\"padding: 23px 0 38px\" class=\"rss_item feedzy-rss-col-3\" >\n\t\t\t\t\t\t\t\t\t<div class=\"rss_image\" style=\"width:225px; height:225px;\">\n\t\t\t\t\t\t<a href=\"https:\/\/safari.evolutiontravel.it\/it_IT\/tab\/27326_workshop-namibiano.html\" target=\"_blank\" \n\t\t\t\t\t\t\trel=\"noopener \"\n\t\t\t\t\t\t\ttitle=\"workshop namibiano\"\n\t\t\t\t\t\t\tstyle=\"width:225px; height:225px;\">\n\t\t\t\t\t\t\t<span class=\"fetched\" style=\"background-image:  url('http:\/\/etcdn.net\/thumbnails\/27326\/it-windhoek-workshop-namibiano-56017.jpg');\" title=\"workshop namibiano\"><\/span><amp-img width=\"225\" height=\"225\" src=\"http:\/\/etcdn.net\/thumbnails\/27326\/it-windhoek-workshop-namibiano-56017.jpg\">\t\t\t\t\t\t<\/a>\n\t\t\t\t\t<\/div>\n\t\t\t\t\t\t\t\t<div class=\"rss_content_wrap\">\n\t\t\t\t\t<span class=\"title\">\n\t\t\t\t\t\t<a href=\"https:\/\/safari.evolutiontravel.it\/it_IT\/tab\/27326_workshop-namibiano.html\" target=\"_blank\"  rel=\"noopener \">\n\t\t\t\t\t\t\tworkshop namibiano\t\t\t\t\t\t<\/a>\n\t\t\t\t\t<\/span>\n\t\t\t\t\t<div class=\"rss_content\"\n\t\t\t\t\t\t\tstyle=\"\">\n\t\t\t\t\t\t\n\t\t\t\t\t\t\t\t\t\t\t\t<p class=\"description\">Viaggio fotografico alla scoperta dei Paesaggi leggendari del Sud della Namibia, dalla costa di Walvis Bay alle dune di sabbia [&hellip;]<\/p>\n\t\t\t\t\t\t\n\t\t\t\t\t\t\t\t\t\t\t\t\t\t\t\t\t\t\t<div class=\"price-wrap\">\n\t\t\t\t\t\t\t\t<a href=\"https:\/\/safari.evolutiontravel.it\/it_IT\/tab\/27326_workshop-namibiano.html\" target=\"_blank\" rel=\"noopener\"><button class=\"price\"> 4550<\/button><\/a>\n\t\t\t\t\t\t\t<\/div>\n\t\t\t\t\t\t\t\t\t\t\t<\/div>\n\t\t\t\t<\/div>\n\t\t\t<\/li>\n\t\t\t\t<\/ul>\n<\/div>\n<style type=\"text\/css\" media=\"all\">.feedzy-rss .rss_item .rss_image{float:left;position:relative;border:none;text-decoration:none;max-width:100%}.feedzy-rss .rss_item .rss_image span{display:inline-block;position:absolute;width:100%;height:100%;background-position:50%;background-size:cover}.feedzy-rss .rss_item .rss_image{margin:.3em 1em 0 0;content-visibility:auto}.feedzy-rss ul{list-style:none}.feedzy-rss ul li{display:inline-block}<\/style>\n","protected":false},"excerpt":{"rendered":"<p>Keetmanshoop \u00e8 la pi\u00f9 grande citt\u00e0 della Namibia e si trova a sud del paese, \u00e8 una tappa quasi obbligatoria perch\u00e8 offre molte cose da vedere e da fare. Dedicate quindi del tempo a scorprire questa citt\u00e0 decisamente affascinante, qui consigliamo di vedere: il Museo Keetmanshoop nella Chiesa renana costruita nel 1895 e dichiarata monumento <a class=\"moretag\" href=\"https:\/\/safari.evolutiontravel.it\/infovacanze\/namibia\/keetmanshoop\/\">[&#8230;]<\/a><\/p>\n","protected":false},"author":1,"featured_media":0,"parent":8,"menu_order":0,"comment_status":"closed","ping_status":"open","template":"templates\/template-with-right-sidebar.php","meta":{"footnotes":""},"yoast_head":"<!-- This site is optimized with the Yoast SEO plugin v21.9.1 - https:\/\/yoast.com\/wordpress\/plugins\/seo\/ -->\n<title>Viaggio a Keetmanshoop, Namibia del Sud: cosa vedere e cosa fare<\/title>\n<meta name=\"description\" content=\"A Keetmanshoop potrai visitare edifici storici e dedicarti alla natura nei territori circostanti: leggi il nostro articolo per saperne di pi\u00f9!\" \/>\n<meta name=\"robots\" content=\"index, follow, max-snippet:-1, max-image-preview:large, max-video-preview:-1\" \/>\n<link rel=\"canonical\" href=\"https:\/\/safari.evolutiontravel.it\/infovacanze\/namibia\/keetmanshoop\/\" \/>\n<meta name=\"twitter:label1\" content=\"Tempo di lettura stimato\" \/>\n\t<meta name=\"twitter:data1\" content=\"1 minuto\" \/>\n<script type=\"application\/ld+json\" class=\"yoast-schema-graph\">{\"@context\":\"https:\/\/schema.org\",\"@graph\":[{\"@type\":\"WebPage\",\"@id\":\"https:\/\/safari.evolutiontravel.it\/infovacanze\/namibia\/keetmanshoop\/\",\"url\":\"https:\/\/safari.evolutiontravel.it\/infovacanze\/namibia\/keetmanshoop\/\",\"name\":\"Viaggio a Keetmanshoop, Namibia del Sud: cosa vedere e cosa fare\",\"isPartOf\":{\"@id\":\"https:\/\/safari.evolutiontravel.it\/infovacanze\/#website\"},\"datePublished\":\"2013-08-02T13:10:02+00:00\",\"dateModified\":\"2018-12-12T09:33:42+00:00\",\"description\":\"A Keetmanshoop potrai visitare edifici storici e dedicarti alla natura nei territori circostanti: leggi il nostro articolo per saperne di pi\u00f9!\",\"breadcrumb\":{\"@id\":\"https:\/\/safari.evolutiontravel.it\/infovacanze\/namibia\/keetmanshoop\/#breadcrumb\"},\"inLanguage\":\"it-IT\",\"potentialAction\":[{\"@type\":\"ReadAction\",\"target\":[\"https:\/\/safari.evolutiontravel.it\/infovacanze\/namibia\/keetmanshoop\/\"]}]},{\"@type\":\"BreadcrumbList\",\"@id\":\"https:\/\/safari.evolutiontravel.it\/infovacanze\/namibia\/keetmanshoop\/#breadcrumb\",\"itemListElement\":[{\"@type\":\"ListItem\",\"position\":1,\"name\":\"Namibia\",\"item\":\"https:\/\/safari.evolutiontravel.it\/infovacanze\/namibia\/\"},{\"@type\":\"ListItem\",\"position\":2,\"name\":\"Keetmanshoop\"}]},{\"@type\":\"WebSite\",\"@id\":\"https:\/\/safari.evolutiontravel.it\/infovacanze\/#website\",\"url\":\"https:\/\/safari.evolutiontravel.it\/infovacanze\/\",\"name\":\"Safari\",\"description\":\"\",\"potentialAction\":[{\"@type\":\"SearchAction\",\"target\":{\"@type\":\"EntryPoint\",\"urlTemplate\":\"https:\/\/safari.evolutiontravel.it\/infovacanze\/?s={search_term_string}\"},\"query-input\":\"required name=search_term_string\"}],\"inLanguage\":\"it-IT\"}]}<\/script>\n<!-- \/ Yoast SEO plugin. -->","yoast_head_json":{"title":"Viaggio a Keetmanshoop, Namibia del Sud: cosa vedere e cosa fare","description":"A Keetmanshoop potrai visitare edifici storici e dedicarti alla natura nei territori circostanti: leggi il nostro articolo per saperne di pi\u00f9!","robots":{"index":"index","follow":"follow","max-snippet":"max-snippet:-1","max-image-preview":"max-image-preview:large","max-video-preview":"max-video-preview:-1"},"canonical":"https:\/\/safari.evolutiontravel.it\/infovacanze\/namibia\/keetmanshoop\/","twitter_misc":{"Tempo di lettura stimato":"1 minuto"},"schema":{"@context":"https:\/\/schema.org","@graph":[{"@type":"WebPage","@id":"https:\/\/safari.evolutiontravel.it\/infovacanze\/namibia\/keetmanshoop\/","url":"https:\/\/safari.evolutiontravel.it\/infovacanze\/namibia\/keetmanshoop\/","name":"Viaggio a Keetmanshoop, Namibia del Sud: cosa vedere e cosa fare","isPartOf":{"@id":"https:\/\/safari.evolutiontravel.it\/infovacanze\/#website"},"datePublished":"2013-08-02T13:10:02+00:00","dateModified":"2018-12-12T09:33:42+00:00","description":"A Keetmanshoop potrai visitare edifici storici e dedicarti alla natura nei territori circostanti: leggi il nostro articolo per saperne di pi\u00f9!","breadcrumb":{"@id":"https:\/\/safari.evolutiontravel.it\/infovacanze\/namibia\/keetmanshoop\/#breadcrumb"},"inLanguage":"it-IT","potentialAction":[{"@type":"ReadAction","target":["https:\/\/safari.evolutiontravel.it\/infovacanze\/namibia\/keetmanshoop\/"]}]},{"@type":"BreadcrumbList","@id":"https:\/\/safari.evolutiontravel.it\/infovacanze\/namibia\/keetmanshoop\/#breadcrumb","itemListElement":[{"@type":"ListItem","position":1,"name":"Namibia","item":"https:\/\/safari.evolutiontravel.it\/infovacanze\/namibia\/"},{"@type":"ListItem","position":2,"name":"Keetmanshoop"}]},{"@type":"WebSite","@id":"https:\/\/safari.evolutiontravel.it\/infovacanze\/#website","url":"https:\/\/safari.evolutiontravel.it\/infovacanze\/","name":"Safari","description":"","potentialAction":[{"@type":"SearchAction","target":{"@type":"EntryPoint","urlTemplate":"https:\/\/safari.evolutiontravel.it\/infovacanze\/?s={search_term_string}"},"query-input":"required name=search_term_string"}],"inLanguage":"it-IT"}]}},"_links":{"self":[{"href":"https:\/\/safari.evolutiontravel.it\/infovacanze\/wp-json\/wp\/v2\/pages\/69"}],"collection":[{"href":"https:\/\/safari.evolutiontravel.it\/infovacanze\/wp-json\/wp\/v2\/pages"}],"about":[{"href":"https:\/\/safari.evolutiontravel.it\/infovacanze\/wp-json\/wp\/v2\/types\/page"}],"author":[{"embeddable":true,"href":"https:\/\/safari.evolutiontravel.it\/infovacanze\/wp-json\/wp\/v2\/users\/1"}],"replies":[{"embeddable":true,"href":"https:\/\/safari.evolutiontravel.it\/infovacanze\/wp-json\/wp\/v2\/comments?post=69"}],"version-history":[{"count":5,"href":"https:\/\/safari.evolutiontravel.it\/infovacanze\/wp-json\/wp\/v2\/pages\/69\/revisions"}],"predecessor-version":[{"id":1166,"href":"https:\/\/safari.evolutiontravel.it\/infovacanze\/wp-json\/wp\/v2\/pages\/69\/revisions\/1166"}],"up":[{"embeddable":true,"href":"https:\/\/safari.evolutiontravel.it\/infovacanze\/wp-json\/wp\/v2\/pages\/8"}],"wp:attachment":[{"href":"https:\/\/safari.evolutiontravel.it\/infovacanze\/wp-json\/wp\/v2\/media?parent=69"}],"curies":[{"name":"wp","href":"https:\/\/api.w.org\/{rel}","templated":true}]}}