{"id":67,"date":"2013-08-02T15:08:40","date_gmt":"2013-08-02T13:08:40","guid":{"rendered":"http:\/\/safari.evolutiontravel.it\/infovacanze\/?page_id=67"},"modified":"2018-12-12T10:19:36","modified_gmt":"2018-12-12T09:19:36","slug":"katima-mulilo","status":"publish","type":"page","link":"https:\/\/safari.evolutiontravel.it\/infovacanze\/namibia\/katima-mulilo\/","title":{"rendered":"Katima Mulilo"},"content":{"rendered":"<p align=\"justify\"><strong>Katima Mulilo<\/strong> \u00e8 la <strong>capitale del Caprivi<\/strong><span class=\"section-facts-description-text\"> una delle pi\u00f9 umide della Nambia e proprio per questo con<strong> tante foreste pluviali<\/strong> e tra i territori pi\u00f9 rigogliosi di tutto il paese.<\/span><\/p>\n<p align=\"justify\">Scegliere quindi questa citt\u00e0 come destinazione del viaggio significa fare <strong>una vacanza\u00a0all\u2019insegna della\u00a0natura<\/strong>: clima, geografia e presenza di oltre <strong>400 specie di animali<\/strong> la rendono una meta perfetta per gli amanti di queste escursioni per chi vuole fare<strong> birdwatching<\/strong>.<\/p>\n<p align=\"justify\">Katima Mulilo \u00e8 poi un ottimo punto di partenza per visitare alcune attrazioni nelle vicinanze quali:<\/p>\n<ol>\n<li><strong>Chobe National Parkche<\/strong> nel vicino\u00a0Botswana.<\/li>\n<li><a href=\"https:\/\/safari.evolutiontravel.it\/infovacanze\/namibia\/cascate-vittoria\/\"><strong>Cascate Victoria <\/strong>tra Zambia\u00a0e\u00a0Zimbabwe<\/a>.<\/li>\n<\/ol>\n<p align=\"justify\">Nella regione di Caprivi ci sono poi molte <strong>altre riserve<\/strong> come Bwabwata,\u00a0Mamili,\u00a0Mahango Game Reserve,\u00a0West Caprivi Game Park\u00a0e\u00a0National Park\u00a0Mudumu: questo solo per darvi <a href=\"https:\/\/safari.evolutiontravel.it\/infovacanze\/safari-namibia\/\"><strong>un&#8217;idea dei tanti safari che potete fare qui<\/strong><\/a>, avrete praticament l&#8217;imbarazzo della scelta.<\/p>\n<p align=\"justify\">Infine, anche <strong>i dintorni della citt\u00e0<\/strong> offrono occasioni di visite, consigliamo di vedere una o pi\u00f9 delle <strong>grandi citt\u00e0 <\/strong>quali: <strong>Impalila<\/strong>,\u00a0<strong>Choi<\/strong>,\u00a0<strong>Bukalo<\/strong> o\u00a0 <strong>Chinchimanee Sibinda<\/strong>.<\/p>\n<p style=\"text-align: center\" align=\"justify\"><span style=\"color: #008000\"><strong>ULTIME OFFERTE PER LA NAMIBIA!<\/strong><\/span><\/p>\n<p style=\"text-align: center\" align=\"justify\"><span style=\"color: #008000\"><strong>CLICCA E SCOPRI<\/strong><\/span>: programma dettagliato, foto, commenti, itinerari e servizi!<\/p>\n<div class=\"feedzy-a57879478e26ce8958ba9a615fa83444 feedzy-rss\">\n\t\t<ul class=\"feedzy-style2\">\n\t\t\t\t\t<li  style=\"padding: 23px 0 38px\" class=\"rss_item feedzy-rss-col-3\" >\n\t\t\t\t\t\t\t\t\t<div class=\"rss_image\" style=\"width:225px; height:225px;\">\n\t\t\t\t\t\t<a href=\"https:\/\/safari.evolutiontravel.it\/it_IT\/911\/tab\/40338_etosha-e-deserto.html\" target=\"_blank\" \n\t\t\t\t\t\t\trel=\"noopener \"\n\t\t\t\t\t\t\ttitle=\"etosha e deserto\"\n\t\t\t\t\t\t\tstyle=\"width:225px; height:225px;\">\n\t\t\t\t\t\t\t<span class=\"fetched\" style=\"background-image:  url('http:\/\/etcdn.net\/thumbnails\/1296\/it-windhoek-speciale-parco-etosha-568ea.jpg');\" title=\"etosha e deserto\"><\/span><amp-img width=\"225\" height=\"225\" src=\"http:\/\/etcdn.net\/thumbnails\/1296\/it-windhoek-speciale-parco-etosha-568ea.jpg\">\t\t\t\t\t\t<\/a>\n\t\t\t\t\t<\/div>\n\t\t\t\t\t\t\t\t<div class=\"rss_content_wrap\">\n\t\t\t\t\t<span class=\"title\">\n\t\t\t\t\t\t<a href=\"https:\/\/safari.evolutiontravel.it\/it_IT\/911\/tab\/40338_etosha-e-deserto.html\" target=\"_blank\"  rel=\"noopener \">\n\t\t\t\t\t\t\tetosha e deserto\t\t\t\t\t\t<\/a>\n\t\t\t\t\t<\/span>\n\t\t\t\t\t<div class=\"rss_content\"\n\t\t\t\t\t\t\tstyle=\"\">\n\t\t\t\t\t\t\n\t\t\t\t\t\t\t\t\t\t\t\t<p class=\"description\">da giugno ad ottobre, viaggio di gruppo con guida inglese per max 7 persone per scoprire uno stupendo paese, partenze\u00a005 e 19 [&hellip;]<\/p>\n\t\t\t\t\t\t\n\t\t\t\t\t\t\t\t\t\t\t\t\t\t\t\t\t\t\t<div class=\"price-wrap\">\n\t\t\t\t\t\t\t\t<a href=\"https:\/\/safari.evolutiontravel.it\/it_IT\/911\/tab\/40338_etosha-e-deserto.html\" target=\"_blank\" rel=\"noopener\"><button class=\"price\"> 4340<\/button><\/a>\n\t\t\t\t\t\t\t<\/div>\n\t\t\t\t\t\t\t\t\t\t\t<\/div>\n\t\t\t\t<\/div>\n\t\t\t<\/li>\n\t\t\t\t\t\t<li  style=\"padding: 23px 0 38px\" class=\"rss_item feedzy-rss-col-3\" >\n\t\t\t\t\t\t\t\t\t<div class=\"rss_image\" style=\"width:225px; height:225px;\">\n\t\t\t\t\t\t<a href=\"https:\/\/safari.evolutiontravel.it\/it_IT\/911\/tab\/1265_panorama-tra-namib-ed-etosha.html\" target=\"_blank\" \n\t\t\t\t\t\t\trel=\"noopener \"\n\t\t\t\t\t\t\ttitle=\"Panorama, tra namib ed etosha\"\n\t\t\t\t\t\t\tstyle=\"width:225px; height:225px;\">\n\t\t\t\t\t\t\t<span class=\"fetched\" style=\"background-image:  url('http:\/\/etcdn.net\/thumbnails\/1265\/it-windhoek-panorama-tra-namib-ed-etosha-5600e.jpg');\" title=\"Panorama, tra namib ed etosha\"><\/span><amp-img width=\"225\" height=\"225\" src=\"http:\/\/etcdn.net\/thumbnails\/1265\/it-windhoek-panorama-tra-namib-ed-etosha-5600e.jpg\">\t\t\t\t\t\t<\/a>\n\t\t\t\t\t<\/div>\n\t\t\t\t\t\t\t\t<div class=\"rss_content_wrap\">\n\t\t\t\t\t<span class=\"title\">\n\t\t\t\t\t\t<a href=\"https:\/\/safari.evolutiontravel.it\/it_IT\/911\/tab\/1265_panorama-tra-namib-ed-etosha.html\" target=\"_blank\"  rel=\"noopener \">\n\t\t\t\t\t\t\tPanorama, tra namib ed etosha\t\t\t\t\t\t<\/a>\n\t\t\t\t\t<\/span>\n\t\t\t\t\t<div class=\"rss_content\"\n\t\t\t\t\t\t\tstyle=\"\">\n\t\t\t\t\t\t\n\t\t\t\t\t\t\t\t\t\t\t\t<p class=\"description\">Agosto, Viaggio di gruppo con guida italiana per max 12 persone accomunate dal desiderio di vivere una grande avventura in [&hellip;]<\/p>\n\t\t\t\t\t\t\n\t\t\t\t\t\t\t\t\t\t\t\t\t\t\t\t\t\t\t<div class=\"price-wrap\">\n\t\t\t\t\t\t\t\t<a href=\"https:\/\/safari.evolutiontravel.it\/it_IT\/911\/tab\/1265_panorama-tra-namib-ed-etosha.html\" target=\"_blank\" rel=\"noopener\"><button class=\"price\"> 4490<\/button><\/a>\n\t\t\t\t\t\t\t<\/div>\n\t\t\t\t\t\t\t\t\t\t\t<\/div>\n\t\t\t\t<\/div>\n\t\t\t<\/li>\n\t\t\t\t\t\t<li  style=\"padding: 23px 0 38px\" class=\"rss_item feedzy-rss-col-3\" >\n\t\t\t\t\t\t\t\t\t<div class=\"rss_image\" style=\"width:225px; height:225px;\">\n\t\t\t\t\t\t<a href=\"https:\/\/safari.evolutiontravel.it\/it_IT\/911\/tab\/27326_workshop-namibiano.html\" target=\"_blank\" \n\t\t\t\t\t\t\trel=\"noopener \"\n\t\t\t\t\t\t\ttitle=\"workshop namibiano\"\n\t\t\t\t\t\t\tstyle=\"width:225px; height:225px;\">\n\t\t\t\t\t\t\t<span class=\"fetched\" style=\"background-image:  url('http:\/\/etcdn.net\/thumbnails\/27326\/it-windhoek-workshop-namibiano-56017.jpg');\" title=\"workshop namibiano\"><\/span><amp-img width=\"225\" height=\"225\" src=\"http:\/\/etcdn.net\/thumbnails\/27326\/it-windhoek-workshop-namibiano-56017.jpg\">\t\t\t\t\t\t<\/a>\n\t\t\t\t\t<\/div>\n\t\t\t\t\t\t\t\t<div class=\"rss_content_wrap\">\n\t\t\t\t\t<span class=\"title\">\n\t\t\t\t\t\t<a href=\"https:\/\/safari.evolutiontravel.it\/it_IT\/911\/tab\/27326_workshop-namibiano.html\" target=\"_blank\"  rel=\"noopener \">\n\t\t\t\t\t\t\tworkshop namibiano\t\t\t\t\t\t<\/a>\n\t\t\t\t\t<\/span>\n\t\t\t\t\t<div class=\"rss_content\"\n\t\t\t\t\t\t\tstyle=\"\">\n\t\t\t\t\t\t\n\t\t\t\t\t\t\t\t\t\t\t\t<p class=\"description\">Viaggio fotografico alla scoperta dei Paesaggi leggendari del Sud della Namibia, dalla costa di Walvis Bay alle dune di sabbia [&hellip;]<\/p>\n\t\t\t\t\t\t\n\t\t\t\t\t\t\t\t\t\t\t\t\t\t\t\t\t\t\t<div class=\"price-wrap\">\n\t\t\t\t\t\t\t\t<a href=\"https:\/\/safari.evolutiontravel.it\/it_IT\/911\/tab\/27326_workshop-namibiano.html\" target=\"_blank\" rel=\"noopener\"><button class=\"price\"> 4550<\/button><\/a>\n\t\t\t\t\t\t\t<\/div>\n\t\t\t\t\t\t\t\t\t\t\t<\/div>\n\t\t\t\t<\/div>\n\t\t\t<\/li>\n\t\t\t\t\t\t<li  style=\"padding: 23px 0 38px\" class=\"rss_item feedzy-rss-col-3\" >\n\t\t\t\t\t\t\t\t\t<div class=\"rss_image\" style=\"width:225px; height:225px;\">\n\t\t\t\t\t\t<a href=\"https:\/\/safari.evolutiontravel.it\/it_IT\/911\/tab\/35549_etosha-e-namib.html\" target=\"_blank\" \n\t\t\t\t\t\t\trel=\"noopener \"\n\t\t\t\t\t\t\ttitle=\"Etosha e Namib\"\n\t\t\t\t\t\t\tstyle=\"width:225px; height:225px;\">\n\t\t\t\t\t\t\t<span class=\"fetched\" style=\"background-image:  url('http:\/\/etcdn.net\/thumbnails\/1296\/it-windhoek-speciale-parco-etosha-5600d.jpg');\" title=\"Etosha e Namib\"><\/span><amp-img width=\"225\" height=\"225\" src=\"http:\/\/etcdn.net\/thumbnails\/1296\/it-windhoek-speciale-parco-etosha-5600d.jpg\">\t\t\t\t\t\t<\/a>\n\t\t\t\t\t<\/div>\n\t\t\t\t\t\t\t\t<div class=\"rss_content_wrap\">\n\t\t\t\t\t<span class=\"title\">\n\t\t\t\t\t\t<a href=\"https:\/\/safari.evolutiontravel.it\/it_IT\/911\/tab\/35549_etosha-e-namib.html\" target=\"_blank\"  rel=\"noopener \">\n\t\t\t\t\t\t\tEtosha e Namib\t\t\t\t\t\t<\/a>\n\t\t\t\t\t<\/span>\n\t\t\t\t\t<div class=\"rss_content\"\n\t\t\t\t\t\t\tstyle=\"\">\n\t\t\t\t\t\t\n\t\t\t\t\t\t\t\t\t\t\t\t<p class=\"description\">agosto, Viaggio di gruppo con guida italiana per max 10 persone accomunate dal desiderio di vivere una grande avventura in [&hellip;]<\/p>\n\t\t\t\t\t\t\n\t\t\t\t\t\t\t\t\t\t\t\t\t\t\t\t\t\t\t<div class=\"price-wrap\">\n\t\t\t\t\t\t\t\t<a href=\"https:\/\/safari.evolutiontravel.it\/it_IT\/911\/tab\/35549_etosha-e-namib.html\" target=\"_blank\" rel=\"noopener\"><button class=\"price\"> 4570<\/button><\/a>\n\t\t\t\t\t\t\t<\/div>\n\t\t\t\t\t\t\t\t\t\t\t<\/div>\n\t\t\t\t<\/div>\n\t\t\t<\/li>\n\t\t\t\t\t\t<li  style=\"padding: 23px 0 38px\" class=\"rss_item feedzy-rss-col-3\" >\n\t\t\t\t\t\t\t\t\t<div class=\"rss_image\" style=\"width:225px; height:225px;\">\n\t\t\t\t\t\t<a href=\"https:\/\/safari.evolutiontravel.it\/it_IT\/911\/tab\/9356_namib-per-tutti.html\" target=\"_blank\" \n\t\t\t\t\t\t\trel=\"noopener \"\n\t\t\t\t\t\t\ttitle=\"Namib per tutti\"\n\t\t\t\t\t\t\tstyle=\"width:225px; height:225px;\">\n\t\t\t\t\t\t\t<span class=\"fetched\" style=\"background-image:  url('http:\/\/etcdn.net\/thumbnails\/9356\/it-windhoek-namib-per-tutti-55d61.jpg');\" title=\"Namib per tutti\"><\/span><amp-img width=\"225\" height=\"225\" src=\"http:\/\/etcdn.net\/thumbnails\/9356\/it-windhoek-namib-per-tutti-55d61.jpg\">\t\t\t\t\t\t<\/a>\n\t\t\t\t\t<\/div>\n\t\t\t\t\t\t\t\t<div class=\"rss_content_wrap\">\n\t\t\t\t\t<span class=\"title\">\n\t\t\t\t\t\t<a href=\"https:\/\/safari.evolutiontravel.it\/it_IT\/911\/tab\/9356_namib-per-tutti.html\" target=\"_blank\"  rel=\"noopener \">\n\t\t\t\t\t\t\tNamib per tutti\t\t\t\t\t\t<\/a>\n\t\t\t\t\t<\/span>\n\t\t\t\t\t<div class=\"rss_content\"\n\t\t\t\t\t\t\tstyle=\"\">\n\t\t\t\t\t\t\n\t\t\t\t\t\t\t\t\t\t\t\t<p class=\"description\">La namibia \u00e8 troppo bella, tutti dovrebbero poterla vedere, abbiamo creato un viaggio economico ma con i servizi sempre al top [&hellip;]<\/p>\n\t\t\t\t\t\t\n\t\t\t\t\t\t\t\t\t\t\t\t\t\t\t\t\t\t\t<div class=\"price-wrap\">\n\t\t\t\t\t\t\t\t<a href=\"https:\/\/safari.evolutiontravel.it\/it_IT\/911\/tab\/9356_namib-per-tutti.html\" target=\"_blank\" rel=\"noopener\"><button class=\"price\"> 1795<\/button><\/a>\n\t\t\t\t\t\t\t<\/div>\n\t\t\t\t\t\t\t\t\t\t\t<\/div>\n\t\t\t\t<\/div>\n\t\t\t<\/li>\n\t\t\t\t\t\t<li  style=\"padding: 23px 0 38px\" class=\"rss_item feedzy-rss-col-3\" >\n\t\t\t\t\t\t\t\t\t<div class=\"rss_image\" style=\"width:225px; height:225px;\">\n\t\t\t\t\t\t<a href=\"https:\/\/safari.evolutiontravel.it\/it_IT\/911\/tab\/3504_alla-scoperta-del-deserto-del-namib.html\" target=\"_blank\" \n\t\t\t\t\t\t\trel=\"noopener \"\n\t\t\t\t\t\t\ttitle=\"Alla scoperta del deserto del Namib\"\n\t\t\t\t\t\t\tstyle=\"width:225px; height:225px;\">\n\t\t\t\t\t\t\t<span class=\"fetched\" style=\"background-image:  url('http:\/\/etcdn.net\/thumbnails\/3504\/it-windhoek-alla-scoperta-del-deserto-del-namib-63a77.jpg');\" title=\"Alla scoperta del deserto del Namib\"><\/span><amp-img width=\"225\" height=\"225\" src=\"http:\/\/etcdn.net\/thumbnails\/3504\/it-windhoek-alla-scoperta-del-deserto-del-namib-63a77.jpg\">\t\t\t\t\t\t<\/a>\n\t\t\t\t\t<\/div>\n\t\t\t\t\t\t\t\t<div class=\"rss_content_wrap\">\n\t\t\t\t\t<span class=\"title\">\n\t\t\t\t\t\t<a href=\"https:\/\/safari.evolutiontravel.it\/it_IT\/911\/tab\/3504_alla-scoperta-del-deserto-del-namib.html\" target=\"_blank\"  rel=\"noopener \">\n\t\t\t\t\t\t\tAlla scoperta del deserto del Namib\t\t\t\t\t\t<\/a>\n\t\t\t\t\t<\/span>\n\t\t\t\t\t<div class=\"rss_content\"\n\t\t\t\t\t\t\tstyle=\"\">\n\t\t\t\t\t\t\n\t\t\t\t\t\t\t\t\t\t\t\t<p class=\"description\">giugno agosto e settembre \r\nViaggio per un gruppo di max 12 persone, con autista e guida italiana con automezzi minibus non 4X4, [&hellip;]<\/p>\n\t\t\t\t\t\t\n\t\t\t\t\t\t\t\t\t\t\t\t\t\t\t\t\t\t\t<div class=\"price-wrap\">\n\t\t\t\t\t\t\t\t<a href=\"https:\/\/safari.evolutiontravel.it\/it_IT\/911\/tab\/3504_alla-scoperta-del-deserto-del-namib.html\" target=\"_blank\" rel=\"noopener\"><button class=\"price\"> 3880<\/button><\/a>\n\t\t\t\t\t\t\t<\/div>\n\t\t\t\t\t\t\t\t\t\t\t<\/div>\n\t\t\t\t<\/div>\n\t\t\t<\/li>\n\t\t\t\t<\/ul>\n<\/div>\n<style type=\"text\/css\" media=\"all\">.feedzy-rss .rss_item .rss_image{float:left;position:relative;border:none;text-decoration:none;max-width:100%}.feedzy-rss .rss_item .rss_image span{display:inline-block;position:absolute;width:100%;height:100%;background-position:50%;background-size:cover}.feedzy-rss .rss_item .rss_image{margin:.3em 1em 0 0;content-visibility:auto}.feedzy-rss ul{list-style:none}.feedzy-rss ul li{display:inline-block}<\/style>\n","protected":false},"excerpt":{"rendered":"<p>Katima Mulilo \u00e8 la capitale del Caprivi una delle pi\u00f9 umide della Nambia e proprio per questo con tante foreste pluviali e tra i territori pi\u00f9 rigogliosi di tutto il paese. Scegliere quindi questa citt\u00e0 come destinazione del viaggio significa fare una vacanza\u00a0all\u2019insegna della\u00a0natura: clima, geografia e presenza di oltre 400 specie di animali la <a class=\"moretag\" href=\"https:\/\/safari.evolutiontravel.it\/infovacanze\/namibia\/katima-mulilo\/\">[&#8230;]<\/a><\/p>\n","protected":false},"author":1,"featured_media":0,"parent":8,"menu_order":0,"comment_status":"closed","ping_status":"open","template":"templates\/template-with-right-sidebar.php","meta":{"footnotes":""},"yoast_head":"<!-- This site is optimized with the Yoast SEO plugin v21.9.1 - https:\/\/yoast.com\/wordpress\/plugins\/seo\/ -->\n<title>Katima Mulilo in Namibia: safari ed escursioni nei dintorni<\/title>\n<meta name=\"description\" content=\"Scopri con noi Katima Mulilo, destinazione della Namibia per chi ama i safari: leggi il nostro articolo, parti con le nostre ultime offerte della settimana!\" \/>\n<meta name=\"robots\" content=\"index, follow, max-snippet:-1, max-image-preview:large, max-video-preview:-1\" \/>\n<link rel=\"canonical\" href=\"https:\/\/safari.evolutiontravel.it\/infovacanze\/namibia\/katima-mulilo\/\" \/>\n<meta name=\"twitter:label1\" content=\"Tempo di lettura stimato\" \/>\n\t<meta name=\"twitter:data1\" content=\"1 minuto\" \/>\n<script type=\"application\/ld+json\" class=\"yoast-schema-graph\">{\"@context\":\"https:\/\/schema.org\",\"@graph\":[{\"@type\":\"WebPage\",\"@id\":\"https:\/\/safari.evolutiontravel.it\/infovacanze\/namibia\/katima-mulilo\/\",\"url\":\"https:\/\/safari.evolutiontravel.it\/infovacanze\/namibia\/katima-mulilo\/\",\"name\":\"Katima Mulilo in Namibia: safari ed escursioni nei dintorni\",\"isPartOf\":{\"@id\":\"https:\/\/safari.evolutiontravel.it\/infovacanze\/#website\"},\"datePublished\":\"2013-08-02T13:08:40+00:00\",\"dateModified\":\"2018-12-12T09:19:36+00:00\",\"description\":\"Scopri con noi Katima Mulilo, destinazione della Namibia per chi ama i safari: leggi il nostro articolo, parti con le nostre ultime offerte della settimana!\",\"breadcrumb\":{\"@id\":\"https:\/\/safari.evolutiontravel.it\/infovacanze\/namibia\/katima-mulilo\/#breadcrumb\"},\"inLanguage\":\"it-IT\",\"potentialAction\":[{\"@type\":\"ReadAction\",\"target\":[\"https:\/\/safari.evolutiontravel.it\/infovacanze\/namibia\/katima-mulilo\/\"]}]},{\"@type\":\"BreadcrumbList\",\"@id\":\"https:\/\/safari.evolutiontravel.it\/infovacanze\/namibia\/katima-mulilo\/#breadcrumb\",\"itemListElement\":[{\"@type\":\"ListItem\",\"position\":1,\"name\":\"Namibia\",\"item\":\"https:\/\/safari.evolutiontravel.it\/infovacanze\/namibia\/\"},{\"@type\":\"ListItem\",\"position\":2,\"name\":\"Katima Mulilo\"}]},{\"@type\":\"WebSite\",\"@id\":\"https:\/\/safari.evolutiontravel.it\/infovacanze\/#website\",\"url\":\"https:\/\/safari.evolutiontravel.it\/infovacanze\/\",\"name\":\"Safari\",\"description\":\"\",\"potentialAction\":[{\"@type\":\"SearchAction\",\"target\":{\"@type\":\"EntryPoint\",\"urlTemplate\":\"https:\/\/safari.evolutiontravel.it\/infovacanze\/?s={search_term_string}\"},\"query-input\":\"required name=search_term_string\"}],\"inLanguage\":\"it-IT\"}]}<\/script>\n<!-- \/ Yoast SEO plugin. -->","yoast_head_json":{"title":"Katima Mulilo in Namibia: safari ed escursioni nei dintorni","description":"Scopri con noi Katima Mulilo, destinazione della Namibia per chi ama i safari: leggi il nostro articolo, parti con le nostre ultime offerte della settimana!","robots":{"index":"index","follow":"follow","max-snippet":"max-snippet:-1","max-image-preview":"max-image-preview:large","max-video-preview":"max-video-preview:-1"},"canonical":"https:\/\/safari.evolutiontravel.it\/infovacanze\/namibia\/katima-mulilo\/","twitter_misc":{"Tempo di lettura stimato":"1 minuto"},"schema":{"@context":"https:\/\/schema.org","@graph":[{"@type":"WebPage","@id":"https:\/\/safari.evolutiontravel.it\/infovacanze\/namibia\/katima-mulilo\/","url":"https:\/\/safari.evolutiontravel.it\/infovacanze\/namibia\/katima-mulilo\/","name":"Katima Mulilo in Namibia: safari ed escursioni nei dintorni","isPartOf":{"@id":"https:\/\/safari.evolutiontravel.it\/infovacanze\/#website"},"datePublished":"2013-08-02T13:08:40+00:00","dateModified":"2018-12-12T09:19:36+00:00","description":"Scopri con noi Katima Mulilo, destinazione della Namibia per chi ama i safari: leggi il nostro articolo, parti con le nostre ultime offerte della settimana!","breadcrumb":{"@id":"https:\/\/safari.evolutiontravel.it\/infovacanze\/namibia\/katima-mulilo\/#breadcrumb"},"inLanguage":"it-IT","potentialAction":[{"@type":"ReadAction","target":["https:\/\/safari.evolutiontravel.it\/infovacanze\/namibia\/katima-mulilo\/"]}]},{"@type":"BreadcrumbList","@id":"https:\/\/safari.evolutiontravel.it\/infovacanze\/namibia\/katima-mulilo\/#breadcrumb","itemListElement":[{"@type":"ListItem","position":1,"name":"Namibia","item":"https:\/\/safari.evolutiontravel.it\/infovacanze\/namibia\/"},{"@type":"ListItem","position":2,"name":"Katima Mulilo"}]},{"@type":"WebSite","@id":"https:\/\/safari.evolutiontravel.it\/infovacanze\/#website","url":"https:\/\/safari.evolutiontravel.it\/infovacanze\/","name":"Safari","description":"","potentialAction":[{"@type":"SearchAction","target":{"@type":"EntryPoint","urlTemplate":"https:\/\/safari.evolutiontravel.it\/infovacanze\/?s={search_term_string}"},"query-input":"required name=search_term_string"}],"inLanguage":"it-IT"}]}},"_links":{"self":[{"href":"https:\/\/safari.evolutiontravel.it\/infovacanze\/wp-json\/wp\/v2\/pages\/67"}],"collection":[{"href":"https:\/\/safari.evolutiontravel.it\/infovacanze\/wp-json\/wp\/v2\/pages"}],"about":[{"href":"https:\/\/safari.evolutiontravel.it\/infovacanze\/wp-json\/wp\/v2\/types\/page"}],"author":[{"embeddable":true,"href":"https:\/\/safari.evolutiontravel.it\/infovacanze\/wp-json\/wp\/v2\/users\/1"}],"replies":[{"embeddable":true,"href":"https:\/\/safari.evolutiontravel.it\/infovacanze\/wp-json\/wp\/v2\/comments?post=67"}],"version-history":[{"count":7,"href":"https:\/\/safari.evolutiontravel.it\/infovacanze\/wp-json\/wp\/v2\/pages\/67\/revisions"}],"predecessor-version":[{"id":1165,"href":"https:\/\/safari.evolutiontravel.it\/infovacanze\/wp-json\/wp\/v2\/pages\/67\/revisions\/1165"}],"up":[{"embeddable":true,"href":"https:\/\/safari.evolutiontravel.it\/infovacanze\/wp-json\/wp\/v2\/pages\/8"}],"wp:attachment":[{"href":"https:\/\/safari.evolutiontravel.it\/infovacanze\/wp-json\/wp\/v2\/media?parent=67"}],"curies":[{"name":"wp","href":"https:\/\/api.w.org\/{rel}","templated":true}]}}