{"id":63,"date":"2013-08-02T15:04:06","date_gmt":"2013-08-02T13:04:06","guid":{"rendered":"http:\/\/safari.evolutiontravel.it\/infovacanze\/?page_id=63"},"modified":"2018-12-11T10:40:01","modified_gmt":"2018-12-11T09:40:01","slug":"kaokoland","status":"publish","type":"page","link":"https:\/\/safari.evolutiontravel.it\/infovacanze\/namibia\/kaokoland\/","title":{"rendered":"La selvaggia Kaokoland"},"content":{"rendered":"<p>Se stai cercando informazioni su <strong>Kaokoland<\/strong> \u00e8 perch\u00e8 ami i <strong>viaggi nella natura incontaminata e selvaggia<\/strong>, se non \u00e8 cos\u00ec allora questo luogo non fa per te: pensa solo che per visitare questo posto <strong>ti servir\u00e0 per forza un fuoristrada<\/strong> viste le strade dissestate.<\/p>\n<p><strong>Siamo a nord dellla Namibia<\/strong>, nella <strong>Regione del Kunene<\/strong>, qui troverai vette altissime che possono superare anche i 2000 metri come <strong>Monti Baynes e cascate spettacolari <\/strong>da togliere il fiato come <strong>Ruacana Falls <\/strong>e le <strong>Epupa Falls<\/strong>.<\/p>\n<p>A Kaokoland, con un po&#8217; di fortuna potrai vedere <strong>i famosi elefanti del deserto<\/strong>, una specie che si \u00e8 adattata a condizioni ambientali estreme, ma anche i rari <strong>rinoceronti neri<\/strong>, orici, kudu, springbok, struzzi, giraffe e zebre di montagna.<\/p>\n<p>E non solo per\u00f2, perch\u00e8 qui da vedere c&#8217;\u00e8 anche la<strong> citt\u00e0 di Opuwo<\/strong>, dove i centri commerciali moderni sono situati a due passi dalle capanne di fango dell\u2019etnia degli Himba; <strong>le valli di Marienfl\u00fcss-Otjinjange<\/strong> e<strong> Hartmann<\/strong>, con tutti i loro villaggi e il<strong> passo Van Zyl<\/strong> generalmente consigliato proprio negli itinerari c.d. self-drive in Namibia.<\/p>\n<p>Diciamo che raccontarti in poche righe la bellezza dei paesaggi della Namibia \u00e8 abbastanza difficile,<strong> il nostro consiglio<\/strong> \u00e8 sempre quello di contattarci &#8211; senza alcun impegno &#8211; ti raccontiamo volentieri tutto quello che puoi fare e vedere in questo posto!<\/p>\n<p><strong>Contattaci attraverso il form<\/strong> oppure dai subito <strong>un&#8217;occhiata alle <span style=\"color: #008000\">ULTIME OFFERTE<\/span> pubblicate<\/strong> e non perdere queste occasioni!<\/p>\n<p style=\"text-align: center\"><strong><span style=\"color: #008000\">CLICCA E SCOPRI<\/span><\/strong>: programma, foto, recensioni e molto altro del tuo safari!<\/p>\n<div class=\"feedzy-a57879478e26ce8958ba9a615fa83444 feedzy-rss\">\n\t\t<ul class=\"feedzy-style2\">\n\t\t\t\t\t<li  style=\"padding: 23px 0 38px\" class=\"rss_item feedzy-rss-col-3\" >\n\t\t\t\t\t\t\t\t\t<div class=\"rss_image\" style=\"width:225px; height:225px;\">\n\t\t\t\t\t\t<a href=\"https:\/\/safari.evolutiontravel.it\/it_IT\/911\/tab\/40338_etosha-e-deserto.html\" target=\"_blank\" \n\t\t\t\t\t\t\trel=\"noopener \"\n\t\t\t\t\t\t\ttitle=\"etosha e deserto\"\n\t\t\t\t\t\t\tstyle=\"width:225px; height:225px;\">\n\t\t\t\t\t\t\t<span class=\"fetched\" style=\"background-image:  url('http:\/\/etcdn.net\/thumbnails\/1296\/it-windhoek-speciale-parco-etosha-568ea.jpg');\" title=\"etosha e deserto\"><\/span><amp-img width=\"225\" height=\"225\" src=\"http:\/\/etcdn.net\/thumbnails\/1296\/it-windhoek-speciale-parco-etosha-568ea.jpg\">\t\t\t\t\t\t<\/a>\n\t\t\t\t\t<\/div>\n\t\t\t\t\t\t\t\t<div class=\"rss_content_wrap\">\n\t\t\t\t\t<span class=\"title\">\n\t\t\t\t\t\t<a href=\"https:\/\/safari.evolutiontravel.it\/it_IT\/911\/tab\/40338_etosha-e-deserto.html\" target=\"_blank\"  rel=\"noopener \">\n\t\t\t\t\t\t\tetosha e deserto\t\t\t\t\t\t<\/a>\n\t\t\t\t\t<\/span>\n\t\t\t\t\t<div class=\"rss_content\"\n\t\t\t\t\t\t\tstyle=\"\">\n\t\t\t\t\t\t\n\t\t\t\t\t\t\t\t\t\t\t\t<p class=\"description\">da giugno ad ottobre, viaggio di gruppo con guida inglese per max 7 persone per scoprire uno stupendo paese, partenze\u00a005 e 19 [&hellip;]<\/p>\n\t\t\t\t\t\t\n\t\t\t\t\t\t\t\t\t\t\t\t\t\t\t\t\t\t\t<div class=\"price-wrap\">\n\t\t\t\t\t\t\t\t<a href=\"https:\/\/safari.evolutiontravel.it\/it_IT\/911\/tab\/40338_etosha-e-deserto.html\" target=\"_blank\" rel=\"noopener\"><button class=\"price\"> 4340<\/button><\/a>\n\t\t\t\t\t\t\t<\/div>\n\t\t\t\t\t\t\t\t\t\t\t<\/div>\n\t\t\t\t<\/div>\n\t\t\t<\/li>\n\t\t\t\t\t\t<li  style=\"padding: 23px 0 38px\" class=\"rss_item feedzy-rss-col-3\" >\n\t\t\t\t\t\t\t\t\t<div class=\"rss_image\" style=\"width:225px; height:225px;\">\n\t\t\t\t\t\t<a href=\"https:\/\/safari.evolutiontravel.it\/it_IT\/911\/tab\/1265_panorama-tra-namib-ed-etosha.html\" target=\"_blank\" \n\t\t\t\t\t\t\trel=\"noopener \"\n\t\t\t\t\t\t\ttitle=\"Panorama, tra namib ed etosha\"\n\t\t\t\t\t\t\tstyle=\"width:225px; height:225px;\">\n\t\t\t\t\t\t\t<span class=\"fetched\" style=\"background-image:  url('http:\/\/etcdn.net\/thumbnails\/1265\/it-windhoek-panorama-tra-namib-ed-etosha-5600e.jpg');\" title=\"Panorama, tra namib ed etosha\"><\/span><amp-img width=\"225\" height=\"225\" src=\"http:\/\/etcdn.net\/thumbnails\/1265\/it-windhoek-panorama-tra-namib-ed-etosha-5600e.jpg\">\t\t\t\t\t\t<\/a>\n\t\t\t\t\t<\/div>\n\t\t\t\t\t\t\t\t<div class=\"rss_content_wrap\">\n\t\t\t\t\t<span class=\"title\">\n\t\t\t\t\t\t<a href=\"https:\/\/safari.evolutiontravel.it\/it_IT\/911\/tab\/1265_panorama-tra-namib-ed-etosha.html\" target=\"_blank\"  rel=\"noopener \">\n\t\t\t\t\t\t\tPanorama, tra namib ed etosha\t\t\t\t\t\t<\/a>\n\t\t\t\t\t<\/span>\n\t\t\t\t\t<div class=\"rss_content\"\n\t\t\t\t\t\t\tstyle=\"\">\n\t\t\t\t\t\t\n\t\t\t\t\t\t\t\t\t\t\t\t<p class=\"description\">Agosto, Viaggio di gruppo con guida italiana per max 12 persone accomunate dal desiderio di vivere una grande avventura in [&hellip;]<\/p>\n\t\t\t\t\t\t\n\t\t\t\t\t\t\t\t\t\t\t\t\t\t\t\t\t\t\t<div class=\"price-wrap\">\n\t\t\t\t\t\t\t\t<a href=\"https:\/\/safari.evolutiontravel.it\/it_IT\/911\/tab\/1265_panorama-tra-namib-ed-etosha.html\" target=\"_blank\" rel=\"noopener\"><button class=\"price\"> 4490<\/button><\/a>\n\t\t\t\t\t\t\t<\/div>\n\t\t\t\t\t\t\t\t\t\t\t<\/div>\n\t\t\t\t<\/div>\n\t\t\t<\/li>\n\t\t\t\t\t\t<li  style=\"padding: 23px 0 38px\" class=\"rss_item feedzy-rss-col-3\" >\n\t\t\t\t\t\t\t\t\t<div class=\"rss_image\" style=\"width:225px; height:225px;\">\n\t\t\t\t\t\t<a href=\"https:\/\/safari.evolutiontravel.it\/it_IT\/911\/tab\/27326_workshop-namibiano.html\" target=\"_blank\" \n\t\t\t\t\t\t\trel=\"noopener \"\n\t\t\t\t\t\t\ttitle=\"workshop namibiano\"\n\t\t\t\t\t\t\tstyle=\"width:225px; height:225px;\">\n\t\t\t\t\t\t\t<span class=\"fetched\" style=\"background-image:  url('http:\/\/etcdn.net\/thumbnails\/27326\/it-windhoek-workshop-namibiano-56017.jpg');\" title=\"workshop namibiano\"><\/span><amp-img width=\"225\" height=\"225\" src=\"http:\/\/etcdn.net\/thumbnails\/27326\/it-windhoek-workshop-namibiano-56017.jpg\">\t\t\t\t\t\t<\/a>\n\t\t\t\t\t<\/div>\n\t\t\t\t\t\t\t\t<div class=\"rss_content_wrap\">\n\t\t\t\t\t<span class=\"title\">\n\t\t\t\t\t\t<a href=\"https:\/\/safari.evolutiontravel.it\/it_IT\/911\/tab\/27326_workshop-namibiano.html\" target=\"_blank\"  rel=\"noopener \">\n\t\t\t\t\t\t\tworkshop namibiano\t\t\t\t\t\t<\/a>\n\t\t\t\t\t<\/span>\n\t\t\t\t\t<div class=\"rss_content\"\n\t\t\t\t\t\t\tstyle=\"\">\n\t\t\t\t\t\t\n\t\t\t\t\t\t\t\t\t\t\t\t<p class=\"description\">Viaggio fotografico alla scoperta dei Paesaggi leggendari del Sud della Namibia, dalla costa di Walvis Bay alle dune di sabbia [&hellip;]<\/p>\n\t\t\t\t\t\t\n\t\t\t\t\t\t\t\t\t\t\t\t\t\t\t\t\t\t\t<div class=\"price-wrap\">\n\t\t\t\t\t\t\t\t<a href=\"https:\/\/safari.evolutiontravel.it\/it_IT\/911\/tab\/27326_workshop-namibiano.html\" target=\"_blank\" rel=\"noopener\"><button class=\"price\"> 4550<\/button><\/a>\n\t\t\t\t\t\t\t<\/div>\n\t\t\t\t\t\t\t\t\t\t\t<\/div>\n\t\t\t\t<\/div>\n\t\t\t<\/li>\n\t\t\t\t\t\t<li  style=\"padding: 23px 0 38px\" class=\"rss_item feedzy-rss-col-3\" >\n\t\t\t\t\t\t\t\t\t<div class=\"rss_image\" style=\"width:225px; height:225px;\">\n\t\t\t\t\t\t<a href=\"https:\/\/safari.evolutiontravel.it\/it_IT\/911\/tab\/35549_etosha-e-namib.html\" target=\"_blank\" \n\t\t\t\t\t\t\trel=\"noopener \"\n\t\t\t\t\t\t\ttitle=\"Etosha e Namib\"\n\t\t\t\t\t\t\tstyle=\"width:225px; height:225px;\">\n\t\t\t\t\t\t\t<span class=\"fetched\" style=\"background-image:  url('http:\/\/etcdn.net\/thumbnails\/1296\/it-windhoek-speciale-parco-etosha-5600d.jpg');\" title=\"Etosha e Namib\"><\/span><amp-img width=\"225\" height=\"225\" src=\"http:\/\/etcdn.net\/thumbnails\/1296\/it-windhoek-speciale-parco-etosha-5600d.jpg\">\t\t\t\t\t\t<\/a>\n\t\t\t\t\t<\/div>\n\t\t\t\t\t\t\t\t<div class=\"rss_content_wrap\">\n\t\t\t\t\t<span class=\"title\">\n\t\t\t\t\t\t<a href=\"https:\/\/safari.evolutiontravel.it\/it_IT\/911\/tab\/35549_etosha-e-namib.html\" target=\"_blank\"  rel=\"noopener \">\n\t\t\t\t\t\t\tEtosha e Namib\t\t\t\t\t\t<\/a>\n\t\t\t\t\t<\/span>\n\t\t\t\t\t<div class=\"rss_content\"\n\t\t\t\t\t\t\tstyle=\"\">\n\t\t\t\t\t\t\n\t\t\t\t\t\t\t\t\t\t\t\t<p class=\"description\">agosto, Viaggio di gruppo con guida italiana per max 10 persone accomunate dal desiderio di vivere una grande avventura in [&hellip;]<\/p>\n\t\t\t\t\t\t\n\t\t\t\t\t\t\t\t\t\t\t\t\t\t\t\t\t\t\t<div class=\"price-wrap\">\n\t\t\t\t\t\t\t\t<a href=\"https:\/\/safari.evolutiontravel.it\/it_IT\/911\/tab\/35549_etosha-e-namib.html\" target=\"_blank\" rel=\"noopener\"><button class=\"price\"> 4570<\/button><\/a>\n\t\t\t\t\t\t\t<\/div>\n\t\t\t\t\t\t\t\t\t\t\t<\/div>\n\t\t\t\t<\/div>\n\t\t\t<\/li>\n\t\t\t\t\t\t<li  style=\"padding: 23px 0 38px\" class=\"rss_item feedzy-rss-col-3\" >\n\t\t\t\t\t\t\t\t\t<div class=\"rss_image\" style=\"width:225px; height:225px;\">\n\t\t\t\t\t\t<a href=\"https:\/\/safari.evolutiontravel.it\/it_IT\/911\/tab\/9356_namib-per-tutti.html\" target=\"_blank\" \n\t\t\t\t\t\t\trel=\"noopener \"\n\t\t\t\t\t\t\ttitle=\"Namib per tutti\"\n\t\t\t\t\t\t\tstyle=\"width:225px; height:225px;\">\n\t\t\t\t\t\t\t<span class=\"fetched\" style=\"background-image:  url('http:\/\/etcdn.net\/thumbnails\/9356\/it-windhoek-namib-per-tutti-55d61.jpg');\" title=\"Namib per tutti\"><\/span><amp-img width=\"225\" height=\"225\" src=\"http:\/\/etcdn.net\/thumbnails\/9356\/it-windhoek-namib-per-tutti-55d61.jpg\">\t\t\t\t\t\t<\/a>\n\t\t\t\t\t<\/div>\n\t\t\t\t\t\t\t\t<div class=\"rss_content_wrap\">\n\t\t\t\t\t<span class=\"title\">\n\t\t\t\t\t\t<a href=\"https:\/\/safari.evolutiontravel.it\/it_IT\/911\/tab\/9356_namib-per-tutti.html\" target=\"_blank\"  rel=\"noopener \">\n\t\t\t\t\t\t\tNamib per tutti\t\t\t\t\t\t<\/a>\n\t\t\t\t\t<\/span>\n\t\t\t\t\t<div class=\"rss_content\"\n\t\t\t\t\t\t\tstyle=\"\">\n\t\t\t\t\t\t\n\t\t\t\t\t\t\t\t\t\t\t\t<p class=\"description\">La namibia \u00e8 troppo bella, tutti dovrebbero poterla vedere, abbiamo creato un viaggio economico ma con i servizi sempre al top [&hellip;]<\/p>\n\t\t\t\t\t\t\n\t\t\t\t\t\t\t\t\t\t\t\t\t\t\t\t\t\t\t<div class=\"price-wrap\">\n\t\t\t\t\t\t\t\t<a href=\"https:\/\/safari.evolutiontravel.it\/it_IT\/911\/tab\/9356_namib-per-tutti.html\" target=\"_blank\" rel=\"noopener\"><button class=\"price\"> 1795<\/button><\/a>\n\t\t\t\t\t\t\t<\/div>\n\t\t\t\t\t\t\t\t\t\t\t<\/div>\n\t\t\t\t<\/div>\n\t\t\t<\/li>\n\t\t\t\t\t\t<li  style=\"padding: 23px 0 38px\" class=\"rss_item feedzy-rss-col-3\" >\n\t\t\t\t\t\t\t\t\t<div class=\"rss_image\" style=\"width:225px; height:225px;\">\n\t\t\t\t\t\t<a href=\"https:\/\/safari.evolutiontravel.it\/it_IT\/911\/tab\/3504_alla-scoperta-del-deserto-del-namib.html\" target=\"_blank\" \n\t\t\t\t\t\t\trel=\"noopener \"\n\t\t\t\t\t\t\ttitle=\"Alla scoperta del deserto del Namib\"\n\t\t\t\t\t\t\tstyle=\"width:225px; height:225px;\">\n\t\t\t\t\t\t\t<span class=\"fetched\" style=\"background-image:  url('http:\/\/etcdn.net\/thumbnails\/3504\/it-windhoek-alla-scoperta-del-deserto-del-namib-63a77.jpg');\" title=\"Alla scoperta del deserto del Namib\"><\/span><amp-img width=\"225\" height=\"225\" src=\"http:\/\/etcdn.net\/thumbnails\/3504\/it-windhoek-alla-scoperta-del-deserto-del-namib-63a77.jpg\">\t\t\t\t\t\t<\/a>\n\t\t\t\t\t<\/div>\n\t\t\t\t\t\t\t\t<div class=\"rss_content_wrap\">\n\t\t\t\t\t<span class=\"title\">\n\t\t\t\t\t\t<a href=\"https:\/\/safari.evolutiontravel.it\/it_IT\/911\/tab\/3504_alla-scoperta-del-deserto-del-namib.html\" target=\"_blank\"  rel=\"noopener \">\n\t\t\t\t\t\t\tAlla scoperta del deserto del Namib\t\t\t\t\t\t<\/a>\n\t\t\t\t\t<\/span>\n\t\t\t\t\t<div class=\"rss_content\"\n\t\t\t\t\t\t\tstyle=\"\">\n\t\t\t\t\t\t\n\t\t\t\t\t\t\t\t\t\t\t\t<p class=\"description\">giugno agosto e settembre \r\nViaggio per un gruppo di max 12 persone, con autista e guida italiana con automezzi minibus non 4X4, [&hellip;]<\/p>\n\t\t\t\t\t\t\n\t\t\t\t\t\t\t\t\t\t\t\t\t\t\t\t\t\t\t<div class=\"price-wrap\">\n\t\t\t\t\t\t\t\t<a href=\"https:\/\/safari.evolutiontravel.it\/it_IT\/911\/tab\/3504_alla-scoperta-del-deserto-del-namib.html\" target=\"_blank\" rel=\"noopener\"><button class=\"price\"> 3880<\/button><\/a>\n\t\t\t\t\t\t\t<\/div>\n\t\t\t\t\t\t\t\t\t\t\t<\/div>\n\t\t\t\t<\/div>\n\t\t\t<\/li>\n\t\t\t\t\t\t<li  style=\"padding: 23px 0 38px\" class=\"rss_item feedzy-rss-col-3\" >\n\t\t\t\t\t\t\t\t\t<div class=\"rss_image\" style=\"width:225px; height:225px;\">\n\t\t\t\t\t\t<a href=\"https:\/\/safari.evolutiontravel.it\/it_IT\/911\/tab\/2055_namib-in-liberta.html\" target=\"_blank\" \n\t\t\t\t\t\t\trel=\"noopener \"\n\t\t\t\t\t\t\ttitle=\"Namib in libert\u00e0\"\n\t\t\t\t\t\t\tstyle=\"width:225px; height:225px;\">\n\t\t\t\t\t\t\t<span class=\"fetched\" style=\"background-image:  url('http:\/\/etcdn.net\/thumbnails\/2055\/it-windhoek-namib-in-liberta-55dbb.jpg');\" title=\"Namib in libert\u00e0\"><\/span><amp-img width=\"225\" height=\"225\" src=\"http:\/\/etcdn.net\/thumbnails\/2055\/it-windhoek-namib-in-liberta-55dbb.jpg\">\t\t\t\t\t\t<\/a>\n\t\t\t\t\t<\/div>\n\t\t\t\t\t\t\t\t<div class=\"rss_content_wrap\">\n\t\t\t\t\t<span class=\"title\">\n\t\t\t\t\t\t<a href=\"https:\/\/safari.evolutiontravel.it\/it_IT\/911\/tab\/2055_namib-in-liberta.html\" target=\"_blank\"  rel=\"noopener \">\n\t\t\t\t\t\t\tNamib in libert\u00e0\t\t\t\t\t\t<\/a>\n\t\t\t\t\t<\/span>\n\t\t\t\t\t<div class=\"rss_content\"\n\t\t\t\t\t\t\tstyle=\"\">\n\t\t\t\t\t\t\n\t\t\t\t\t\t\t\t\t\t\t\t<p class=\"description\">Viaggio on the road, self drive, per chi vuole scoprire un fantastico paese in completa autonomia visitandone i punti di maggiore [&hellip;]<\/p>\n\t\t\t\t\t\t\n\t\t\t\t\t\t\t\t\t\t\t\t\t\t\t\t\t\t\t<div class=\"price-wrap\">\n\t\t\t\t\t\t\t\t<a href=\"https:\/\/safari.evolutiontravel.it\/it_IT\/911\/tab\/2055_namib-in-liberta.html\" target=\"_blank\" rel=\"noopener\"><button class=\"price\"> 2380<\/button><\/a>\n\t\t\t\t\t\t\t<\/div>\n\t\t\t\t\t\t\t\t\t\t\t<\/div>\n\t\t\t\t<\/div>\n\t\t\t<\/li>\n\t\t\t\t\t\t<li  style=\"padding: 23px 0 38px\" class=\"rss_item feedzy-rss-col-3\" >\n\t\t\t\t\t\t\t\t\t<div class=\"rss_image\" style=\"width:225px; height:225px;\">\n\t\t\t\t\t\t<a href=\"https:\/\/safari.evolutiontravel.it\/it_IT\/911\/tab\/1365_namib-ed-etosha-fra-deserti-ed-animali.html\" target=\"_blank\" \n\t\t\t\t\t\t\trel=\"noopener \"\n\t\t\t\t\t\t\ttitle=\"Namib ed Etosha: fra deserti ed animali\"\n\t\t\t\t\t\t\tstyle=\"width:225px; height:225px;\">\n\t\t\t\t\t\t\t<span class=\"fetched\" style=\"background-image:  url('http:\/\/etcdn.net\/thumbnails\/1365\/it-windhoek-namib-ed-etosha-fra-deserti-ed-animali-55d4b.jpg');\" title=\"Namib ed Etosha: fra deserti ed animali\"><\/span><amp-img width=\"225\" height=\"225\" src=\"http:\/\/etcdn.net\/thumbnails\/1365\/it-windhoek-namib-ed-etosha-fra-deserti-ed-animali-55d4b.jpg\">\t\t\t\t\t\t<\/a>\n\t\t\t\t\t<\/div>\n\t\t\t\t\t\t\t\t<div class=\"rss_content_wrap\">\n\t\t\t\t\t<span class=\"title\">\n\t\t\t\t\t\t<a href=\"https:\/\/safari.evolutiontravel.it\/it_IT\/911\/tab\/1365_namib-ed-etosha-fra-deserti-ed-animali.html\" target=\"_blank\"  rel=\"noopener \">\n\t\t\t\t\t\t\tNamib ed Etosha: fra deserti ed animali\t\t\t\t\t\t<\/a>\n\t\t\t\t\t<\/span>\n\t\t\t\t\t<div class=\"rss_content\"\n\t\t\t\t\t\t\tstyle=\"\">\n\t\t\t\t\t\t\n\t\t\t\t\t\t\t\t\t\t\t\t<p class=\"description\">Viaggio on the road, fly &amp; drive, dedicato a chi vuole scoprire un meraviglioso paese, in completa autonomia visitandone [&hellip;]<\/p>\n\t\t\t\t\t\t\n\t\t\t\t\t\t\t\t\t\t\t\t\t\t\t\t\t\t\t<div class=\"price-wrap\">\n\t\t\t\t\t\t\t\t<a href=\"https:\/\/safari.evolutiontravel.it\/it_IT\/911\/tab\/1365_namib-ed-etosha-fra-deserti-ed-animali.html\" target=\"_blank\" rel=\"noopener\"><button class=\"price\"> 2750<\/button><\/a>\n\t\t\t\t\t\t\t<\/div>\n\t\t\t\t\t\t\t\t\t\t\t<\/div>\n\t\t\t\t<\/div>\n\t\t\t<\/li>\n\t\t\t\t\t\t<li  style=\"padding: 23px 0 38px\" class=\"rss_item feedzy-rss-col-3\" >\n\t\t\t\t\t\t\t\t\t<div class=\"rss_image\" style=\"width:225px; height:225px;\">\n\t\t\t\t\t\t<a href=\"https:\/\/safari.evolutiontravel.it\/it_IT\/911\/tab\/1295_speciale-deserto-del-namib.html\" target=\"_blank\" \n\t\t\t\t\t\t\trel=\"noopener \"\n\t\t\t\t\t\t\ttitle=\"Speciale deserto del Namib\"\n\t\t\t\t\t\t\tstyle=\"width:225px; height:225px;\">\n\t\t\t\t\t\t\t<span class=\"fetched\" style=\"background-image:  url('http:\/\/etcdn.net\/thumbnails\/1295\/it-windhoek-speciale-deserto-del-namib-55dde.jpg');\" title=\"Speciale deserto del Namib\"><\/span><amp-img width=\"225\" height=\"225\" src=\"http:\/\/etcdn.net\/thumbnails\/1295\/it-windhoek-speciale-deserto-del-namib-55dde.jpg\">\t\t\t\t\t\t<\/a>\n\t\t\t\t\t<\/div>\n\t\t\t\t\t\t\t\t<div class=\"rss_content_wrap\">\n\t\t\t\t\t<span class=\"title\">\n\t\t\t\t\t\t<a href=\"https:\/\/safari.evolutiontravel.it\/it_IT\/911\/tab\/1295_speciale-deserto-del-namib.html\" target=\"_blank\"  rel=\"noopener \">\n\t\t\t\t\t\t\tSpeciale deserto del Namib\t\t\t\t\t\t<\/a>\n\t\t\t\t\t<\/span>\n\t\t\t\t\t<div class=\"rss_content\"\n\t\t\t\t\t\t\tstyle=\"\">\n\t\t\t\t\t\t\n\t\t\t\t\t\t\t\t\t\t\t\t<p class=\"description\">maggio giugno Viaggio di gruppo con guida italiana per max 11 persone in cui avremo un panorama completo della Namibia [&hellip;]<\/p>\n\t\t\t\t\t\t\n\t\t\t\t\t\t\t\t\t\t\t\t\t\t\t\t\t\t\t<div class=\"price-wrap\">\n\t\t\t\t\t\t\t\t<a href=\"https:\/\/safari.evolutiontravel.it\/it_IT\/911\/tab\/1295_speciale-deserto-del-namib.html\" target=\"_blank\" rel=\"noopener\"><button class=\"price\"> 4960<\/button><\/a>\n\t\t\t\t\t\t\t<\/div>\n\t\t\t\t\t\t\t\t\t\t\t<\/div>\n\t\t\t\t<\/div>\n\t\t\t<\/li>\n\t\t\t\t<\/ul>\n<\/div>\n<style type=\"text\/css\" media=\"all\">.feedzy-rss .rss_item .rss_image{float:left;position:relative;border:none;text-decoration:none;max-width:100%}.feedzy-rss .rss_item .rss_image span{display:inline-block;position:absolute;width:100%;height:100%;background-position:50%;background-size:cover}.feedzy-rss .rss_item .rss_image{margin:.3em 1em 0 0;content-visibility:auto}.feedzy-rss ul{list-style:none}.feedzy-rss ul li{display:inline-block}<\/style>\n","protected":false},"excerpt":{"rendered":"<p>Se stai cercando informazioni su Kaokoland \u00e8 perch\u00e8 ami i viaggi nella natura incontaminata e selvaggia, se non \u00e8 cos\u00ec allora questo luogo non fa per te: pensa solo che per visitare questo posto ti servir\u00e0 per forza un fuoristrada viste le strade dissestate. Siamo a nord dellla Namibia, nella Regione del Kunene, qui troverai <a class=\"moretag\" href=\"https:\/\/safari.evolutiontravel.it\/infovacanze\/namibia\/kaokoland\/\">[&#8230;]<\/a><\/p>\n","protected":false},"author":1,"featured_media":0,"parent":8,"menu_order":0,"comment_status":"closed","ping_status":"open","template":"templates\/template-with-right-sidebar.php","meta":{"footnotes":""},"yoast_head":"<!-- This site is optimized with the Yoast SEO plugin v21.9.1 - https:\/\/yoast.com\/wordpress\/plugins\/seo\/ -->\n<title>Kaokoland, Namibia incontaminata: vacanze nella natura selvaggia<\/title>\n<meta name=\"description\" content=\"Kaokoland \u00e8 un territorio incontaminato tutto da scoprire: leggi il nostro articolo per saperne di pi\u00f9 e parti grazie alle offerte di Evolution Travel!\" \/>\n<meta name=\"robots\" content=\"index, follow, max-snippet:-1, max-image-preview:large, max-video-preview:-1\" \/>\n<link rel=\"canonical\" href=\"https:\/\/safari.evolutiontravel.it\/infovacanze\/namibia\/kaokoland\/\" \/>\n<meta name=\"twitter:label1\" content=\"Tempo di lettura stimato\" \/>\n\t<meta name=\"twitter:data1\" content=\"1 minuto\" \/>\n<script type=\"application\/ld+json\" class=\"yoast-schema-graph\">{\"@context\":\"https:\/\/schema.org\",\"@graph\":[{\"@type\":\"WebPage\",\"@id\":\"https:\/\/safari.evolutiontravel.it\/infovacanze\/namibia\/kaokoland\/\",\"url\":\"https:\/\/safari.evolutiontravel.it\/infovacanze\/namibia\/kaokoland\/\",\"name\":\"Kaokoland, Namibia incontaminata: vacanze nella natura selvaggia\",\"isPartOf\":{\"@id\":\"https:\/\/safari.evolutiontravel.it\/infovacanze\/#website\"},\"datePublished\":\"2013-08-02T13:04:06+00:00\",\"dateModified\":\"2018-12-11T09:40:01+00:00\",\"description\":\"Kaokoland \u00e8 un territorio incontaminato tutto da scoprire: leggi il nostro articolo per saperne di pi\u00f9 e parti grazie alle offerte di Evolution Travel!\",\"breadcrumb\":{\"@id\":\"https:\/\/safari.evolutiontravel.it\/infovacanze\/namibia\/kaokoland\/#breadcrumb\"},\"inLanguage\":\"it-IT\",\"potentialAction\":[{\"@type\":\"ReadAction\",\"target\":[\"https:\/\/safari.evolutiontravel.it\/infovacanze\/namibia\/kaokoland\/\"]}]},{\"@type\":\"BreadcrumbList\",\"@id\":\"https:\/\/safari.evolutiontravel.it\/infovacanze\/namibia\/kaokoland\/#breadcrumb\",\"itemListElement\":[{\"@type\":\"ListItem\",\"position\":1,\"name\":\"Namibia\",\"item\":\"https:\/\/safari.evolutiontravel.it\/infovacanze\/namibia\/\"},{\"@type\":\"ListItem\",\"position\":2,\"name\":\"La selvaggia Kaokoland\"}]},{\"@type\":\"WebSite\",\"@id\":\"https:\/\/safari.evolutiontravel.it\/infovacanze\/#website\",\"url\":\"https:\/\/safari.evolutiontravel.it\/infovacanze\/\",\"name\":\"Safari\",\"description\":\"\",\"potentialAction\":[{\"@type\":\"SearchAction\",\"target\":{\"@type\":\"EntryPoint\",\"urlTemplate\":\"https:\/\/safari.evolutiontravel.it\/infovacanze\/?s={search_term_string}\"},\"query-input\":\"required name=search_term_string\"}],\"inLanguage\":\"it-IT\"}]}<\/script>\n<!-- \/ Yoast SEO plugin. -->","yoast_head_json":{"title":"Kaokoland, Namibia incontaminata: vacanze nella natura selvaggia","description":"Kaokoland \u00e8 un territorio incontaminato tutto da scoprire: leggi il nostro articolo per saperne di pi\u00f9 e parti grazie alle offerte di Evolution Travel!","robots":{"index":"index","follow":"follow","max-snippet":"max-snippet:-1","max-image-preview":"max-image-preview:large","max-video-preview":"max-video-preview:-1"},"canonical":"https:\/\/safari.evolutiontravel.it\/infovacanze\/namibia\/kaokoland\/","twitter_misc":{"Tempo di lettura stimato":"1 minuto"},"schema":{"@context":"https:\/\/schema.org","@graph":[{"@type":"WebPage","@id":"https:\/\/safari.evolutiontravel.it\/infovacanze\/namibia\/kaokoland\/","url":"https:\/\/safari.evolutiontravel.it\/infovacanze\/namibia\/kaokoland\/","name":"Kaokoland, Namibia incontaminata: vacanze nella natura selvaggia","isPartOf":{"@id":"https:\/\/safari.evolutiontravel.it\/infovacanze\/#website"},"datePublished":"2013-08-02T13:04:06+00:00","dateModified":"2018-12-11T09:40:01+00:00","description":"Kaokoland \u00e8 un territorio incontaminato tutto da scoprire: leggi il nostro articolo per saperne di pi\u00f9 e parti grazie alle offerte di Evolution Travel!","breadcrumb":{"@id":"https:\/\/safari.evolutiontravel.it\/infovacanze\/namibia\/kaokoland\/#breadcrumb"},"inLanguage":"it-IT","potentialAction":[{"@type":"ReadAction","target":["https:\/\/safari.evolutiontravel.it\/infovacanze\/namibia\/kaokoland\/"]}]},{"@type":"BreadcrumbList","@id":"https:\/\/safari.evolutiontravel.it\/infovacanze\/namibia\/kaokoland\/#breadcrumb","itemListElement":[{"@type":"ListItem","position":1,"name":"Namibia","item":"https:\/\/safari.evolutiontravel.it\/infovacanze\/namibia\/"},{"@type":"ListItem","position":2,"name":"La selvaggia Kaokoland"}]},{"@type":"WebSite","@id":"https:\/\/safari.evolutiontravel.it\/infovacanze\/#website","url":"https:\/\/safari.evolutiontravel.it\/infovacanze\/","name":"Safari","description":"","potentialAction":[{"@type":"SearchAction","target":{"@type":"EntryPoint","urlTemplate":"https:\/\/safari.evolutiontravel.it\/infovacanze\/?s={search_term_string}"},"query-input":"required name=search_term_string"}],"inLanguage":"it-IT"}]}},"_links":{"self":[{"href":"https:\/\/safari.evolutiontravel.it\/infovacanze\/wp-json\/wp\/v2\/pages\/63"}],"collection":[{"href":"https:\/\/safari.evolutiontravel.it\/infovacanze\/wp-json\/wp\/v2\/pages"}],"about":[{"href":"https:\/\/safari.evolutiontravel.it\/infovacanze\/wp-json\/wp\/v2\/types\/page"}],"author":[{"embeddable":true,"href":"https:\/\/safari.evolutiontravel.it\/infovacanze\/wp-json\/wp\/v2\/users\/1"}],"replies":[{"embeddable":true,"href":"https:\/\/safari.evolutiontravel.it\/infovacanze\/wp-json\/wp\/v2\/comments?post=63"}],"version-history":[{"count":8,"href":"https:\/\/safari.evolutiontravel.it\/infovacanze\/wp-json\/wp\/v2\/pages\/63\/revisions"}],"predecessor-version":[{"id":1157,"href":"https:\/\/safari.evolutiontravel.it\/infovacanze\/wp-json\/wp\/v2\/pages\/63\/revisions\/1157"}],"up":[{"embeddable":true,"href":"https:\/\/safari.evolutiontravel.it\/infovacanze\/wp-json\/wp\/v2\/pages\/8"}],"wp:attachment":[{"href":"https:\/\/safari.evolutiontravel.it\/infovacanze\/wp-json\/wp\/v2\/media?parent=63"}],"curies":[{"name":"wp","href":"https:\/\/api.w.org\/{rel}","templated":true}]}}