{"id":597,"date":"2014-05-02T17:17:20","date_gmt":"2014-05-02T15:17:20","guid":{"rendered":"http:\/\/safari.evolutiontravel.it\/infovacanze\/?page_id=597"},"modified":"2018-12-07T10:00:49","modified_gmt":"2018-12-07T09:00:49","slug":"namibia-clima-ottobre","status":"publish","type":"page","link":"https:\/\/safari.evolutiontravel.it\/infovacanze\/clima\/namibia-clima-ottobre\/","title":{"rendered":"Ottobre in Namibia"},"content":{"rendered":"<p>Se volete andare in <strong>Namibia a ottobre <\/strong>sappiate che ci sono pro e contro. Durante questo periodo sar\u00e0 pi\u00f9 facile avvistare gli animali mentre dal punto di vista climatico il <strong>giorno far\u00e0 caldo e la notte freddo<\/strong> con <strong>precipitazioni moderate<\/strong> che atteneruanno l&#8217;escursione termica tipica <a title=\"clima namibia\" href=\"https:\/\/safari.evolutiontravel.it\/infovacanze\/namibia\/clima\/\">di questo clima<\/a>.<\/p>\n<p>Sicuramente a ottobre <strong>i colori e i panorami dei parchi<\/strong> e il fascino del <a title=\"namib\" href=\"https:\/\/safari.evolutiontravel.it\/infovacanze\/namibia\/regione-del-namib\/\">deserto del Namib<\/a> sono a dir poco straordinari e potrete fare scatti fotografici assolutamente unici. Inoltre questo \u00e8 un ottimo mese per trovare delle occasioni di <strong>viaggi e vacanze a buon prezzo<\/strong>.<\/p>\n<h2>Itinerario consigliato a ottobre<\/h2>\n<p>Ecco un itinerario che potreste fare proprio in questo mese della durata di circa 12 giorni.<br \/>\nIl primo giorno <a href=\"https:\/\/safari.evolutiontravel.it\/infovacanze\/namibia\/windhoek-capitale\/\"><strong>si arriva a Windhoek<\/strong><\/a> e poi si parte per la rotta del <strong>deserto del Namib e <a title=\"Sossuvlei\" href=\"https:\/\/safari.evolutiontravel.it\/infovacanze\/namibia\/sossusvlei\/\">Sossuvlei<\/a>,<\/strong> dove le varie tonalit\u00e0 della sabbia e gli incredibili panorami vi incanteranno. Qui potremmo vedere <strong>l\u2019area del Dead Vlei<\/strong> una depressione circondata da alcune dune che fu tagliata dal corso del fiume Tsauchab circa 500 anni fa. Poi verso i<strong> Canyon Sesriem<\/strong>.<\/p>\n<p>Un\u2019altra tappa del tour potrebbe essere <strong>Skeleton coast<\/strong> che costeggia l\u2019oceano atlantico fino ad arrivare a <strong>Cape cross<\/strong> sulle scogliere infatti \u00e8 possibile ammirare la piu numerosa colonia di otarie dell\u2019africa australe.<\/p>\n<p>Nell\u2019entroterra visiteremo <strong>citt\u00e0 mineraria di Uis<\/strong> per arrivare infine alla <strong>regione del Damarland<\/strong>.<br \/>\nPer tutti gli amanti della natura si potr\u00e0 visitare<a title=\"etosha park\" href=\"https:\/\/safari.evolutiontravel.it\/infovacanze\/viaggio-namibia\/etosha-park\/\"> l\u2019<strong>Etosha National Park<\/strong><\/a> una riserva naturale dove ci si puo\u2019 godere una giornata completamente immersi in un territorio fantastico.<\/p>\n<p>Naturalmente tutte queste tappe consentono comunque di avere tempo per svago e divertimento, relax e shopping nei mercatini artigianali.<\/p>\n<p style=\"text-align: center\"><strong><span style=\"color: #008000\">SPECIALE NAMIBIA<\/span> <\/strong>con le <strong>imperdibili offerte<\/strong> Evolution Travel!<\/p>\n<p style=\"text-align: center\">Non ci credi? Sono <strong><span style=\"color: #008000\">DAVVERO SPECIALI:<\/span><\/strong> scopri tutto in <strong>UN SOLO CLICK!<\/strong><\/p>\n<div class=\"feedzy-a57879478e26ce8958ba9a615fa83444 feedzy-rss\">\n\t\t<ul class=\"feedzy-style2\">\n\t\t\t\t\t<li  style=\"padding: 23px 0 38px\" class=\"rss_item feedzy-rss-col-3\" >\n\t\t\t\t\t\t\t\t\t<div class=\"rss_image\" style=\"width:225px; height:225px;\">\n\t\t\t\t\t\t<a href=\"https:\/\/safari.evolutiontravel.it\/it_IT\/911\/tab\/40338_etosha-e-deserto.html\" target=\"_blank\" \n\t\t\t\t\t\t\trel=\"noopener \"\n\t\t\t\t\t\t\ttitle=\"etosha e deserto\"\n\t\t\t\t\t\t\tstyle=\"width:225px; height:225px;\">\n\t\t\t\t\t\t\t<span class=\"fetched\" style=\"background-image:  url('http:\/\/etcdn.net\/thumbnails\/1296\/it-windhoek-speciale-parco-etosha-568ea.jpg');\" title=\"etosha e deserto\"><\/span><amp-img width=\"225\" height=\"225\" src=\"http:\/\/etcdn.net\/thumbnails\/1296\/it-windhoek-speciale-parco-etosha-568ea.jpg\">\t\t\t\t\t\t<\/a>\n\t\t\t\t\t<\/div>\n\t\t\t\t\t\t\t\t<div class=\"rss_content_wrap\">\n\t\t\t\t\t<span class=\"title\">\n\t\t\t\t\t\t<a href=\"https:\/\/safari.evolutiontravel.it\/it_IT\/911\/tab\/40338_etosha-e-deserto.html\" target=\"_blank\"  rel=\"noopener \">\n\t\t\t\t\t\t\tetosha e deserto\t\t\t\t\t\t<\/a>\n\t\t\t\t\t<\/span>\n\t\t\t\t\t<div class=\"rss_content\"\n\t\t\t\t\t\t\tstyle=\"\">\n\t\t\t\t\t\t\n\t\t\t\t\t\t\t\t\t\t\t\t<p class=\"description\">da giugno ad ottobre, viaggio di gruppo con guida inglese per max 7 persone per scoprire uno stupendo paese, partenze\u00a005 e 19 [&hellip;]<\/p>\n\t\t\t\t\t\t\n\t\t\t\t\t\t\t\t\t\t\t\t\t\t\t\t\t\t\t<div class=\"price-wrap\">\n\t\t\t\t\t\t\t\t<a href=\"https:\/\/safari.evolutiontravel.it\/it_IT\/911\/tab\/40338_etosha-e-deserto.html\" target=\"_blank\" rel=\"noopener\"><button class=\"price\"> 4340<\/button><\/a>\n\t\t\t\t\t\t\t<\/div>\n\t\t\t\t\t\t\t\t\t\t\t<\/div>\n\t\t\t\t<\/div>\n\t\t\t<\/li>\n\t\t\t\t\t\t<li  style=\"padding: 23px 0 38px\" class=\"rss_item feedzy-rss-col-3\" >\n\t\t\t\t\t\t\t\t\t<div class=\"rss_image\" style=\"width:225px; height:225px;\">\n\t\t\t\t\t\t<a href=\"https:\/\/safari.evolutiontravel.it\/it_IT\/911\/tab\/1265_panorama-tra-namib-ed-etosha.html\" target=\"_blank\" \n\t\t\t\t\t\t\trel=\"noopener \"\n\t\t\t\t\t\t\ttitle=\"Panorama, tra namib ed etosha\"\n\t\t\t\t\t\t\tstyle=\"width:225px; height:225px;\">\n\t\t\t\t\t\t\t<span class=\"fetched\" style=\"background-image:  url('http:\/\/etcdn.net\/thumbnails\/1265\/it-windhoek-panorama-tra-namib-ed-etosha-5600e.jpg');\" title=\"Panorama, tra namib ed etosha\"><\/span><amp-img width=\"225\" height=\"225\" src=\"http:\/\/etcdn.net\/thumbnails\/1265\/it-windhoek-panorama-tra-namib-ed-etosha-5600e.jpg\">\t\t\t\t\t\t<\/a>\n\t\t\t\t\t<\/div>\n\t\t\t\t\t\t\t\t<div class=\"rss_content_wrap\">\n\t\t\t\t\t<span class=\"title\">\n\t\t\t\t\t\t<a href=\"https:\/\/safari.evolutiontravel.it\/it_IT\/911\/tab\/1265_panorama-tra-namib-ed-etosha.html\" target=\"_blank\"  rel=\"noopener \">\n\t\t\t\t\t\t\tPanorama, tra namib ed etosha\t\t\t\t\t\t<\/a>\n\t\t\t\t\t<\/span>\n\t\t\t\t\t<div class=\"rss_content\"\n\t\t\t\t\t\t\tstyle=\"\">\n\t\t\t\t\t\t\n\t\t\t\t\t\t\t\t\t\t\t\t<p class=\"description\">Agosto, Viaggio di gruppo con guida italiana per max 12 persone accomunate dal desiderio di vivere una grande avventura in [&hellip;]<\/p>\n\t\t\t\t\t\t\n\t\t\t\t\t\t\t\t\t\t\t\t\t\t\t\t\t\t\t<div class=\"price-wrap\">\n\t\t\t\t\t\t\t\t<a href=\"https:\/\/safari.evolutiontravel.it\/it_IT\/911\/tab\/1265_panorama-tra-namib-ed-etosha.html\" target=\"_blank\" rel=\"noopener\"><button class=\"price\"> 4490<\/button><\/a>\n\t\t\t\t\t\t\t<\/div>\n\t\t\t\t\t\t\t\t\t\t\t<\/div>\n\t\t\t\t<\/div>\n\t\t\t<\/li>\n\t\t\t\t\t\t<li  style=\"padding: 23px 0 38px\" class=\"rss_item feedzy-rss-col-3\" >\n\t\t\t\t\t\t\t\t\t<div class=\"rss_image\" style=\"width:225px; height:225px;\">\n\t\t\t\t\t\t<a href=\"https:\/\/safari.evolutiontravel.it\/it_IT\/911\/tab\/27326_workshop-namibiano.html\" target=\"_blank\" \n\t\t\t\t\t\t\trel=\"noopener \"\n\t\t\t\t\t\t\ttitle=\"workshop namibiano\"\n\t\t\t\t\t\t\tstyle=\"width:225px; height:225px;\">\n\t\t\t\t\t\t\t<span class=\"fetched\" style=\"background-image:  url('http:\/\/etcdn.net\/thumbnails\/27326\/it-windhoek-workshop-namibiano-56017.jpg');\" title=\"workshop namibiano\"><\/span><amp-img width=\"225\" height=\"225\" src=\"http:\/\/etcdn.net\/thumbnails\/27326\/it-windhoek-workshop-namibiano-56017.jpg\">\t\t\t\t\t\t<\/a>\n\t\t\t\t\t<\/div>\n\t\t\t\t\t\t\t\t<div class=\"rss_content_wrap\">\n\t\t\t\t\t<span class=\"title\">\n\t\t\t\t\t\t<a href=\"https:\/\/safari.evolutiontravel.it\/it_IT\/911\/tab\/27326_workshop-namibiano.html\" target=\"_blank\"  rel=\"noopener \">\n\t\t\t\t\t\t\tworkshop namibiano\t\t\t\t\t\t<\/a>\n\t\t\t\t\t<\/span>\n\t\t\t\t\t<div class=\"rss_content\"\n\t\t\t\t\t\t\tstyle=\"\">\n\t\t\t\t\t\t\n\t\t\t\t\t\t\t\t\t\t\t\t<p class=\"description\">Viaggio fotografico alla scoperta dei Paesaggi leggendari del Sud della Namibia, dalla costa di Walvis Bay alle dune di sabbia [&hellip;]<\/p>\n\t\t\t\t\t\t\n\t\t\t\t\t\t\t\t\t\t\t\t\t\t\t\t\t\t\t<div class=\"price-wrap\">\n\t\t\t\t\t\t\t\t<a href=\"https:\/\/safari.evolutiontravel.it\/it_IT\/911\/tab\/27326_workshop-namibiano.html\" target=\"_blank\" rel=\"noopener\"><button class=\"price\"> 4550<\/button><\/a>\n\t\t\t\t\t\t\t<\/div>\n\t\t\t\t\t\t\t\t\t\t\t<\/div>\n\t\t\t\t<\/div>\n\t\t\t<\/li>\n\t\t\t\t\t\t<li  style=\"padding: 23px 0 38px\" class=\"rss_item feedzy-rss-col-3\" >\n\t\t\t\t\t\t\t\t\t<div class=\"rss_image\" style=\"width:225px; height:225px;\">\n\t\t\t\t\t\t<a href=\"https:\/\/safari.evolutiontravel.it\/it_IT\/911\/tab\/35549_etosha-e-namib.html\" target=\"_blank\" \n\t\t\t\t\t\t\trel=\"noopener \"\n\t\t\t\t\t\t\ttitle=\"Etosha e Namib\"\n\t\t\t\t\t\t\tstyle=\"width:225px; height:225px;\">\n\t\t\t\t\t\t\t<span class=\"fetched\" style=\"background-image:  url('http:\/\/etcdn.net\/thumbnails\/1296\/it-windhoek-speciale-parco-etosha-5600d.jpg');\" title=\"Etosha e Namib\"><\/span><amp-img width=\"225\" height=\"225\" src=\"http:\/\/etcdn.net\/thumbnails\/1296\/it-windhoek-speciale-parco-etosha-5600d.jpg\">\t\t\t\t\t\t<\/a>\n\t\t\t\t\t<\/div>\n\t\t\t\t\t\t\t\t<div class=\"rss_content_wrap\">\n\t\t\t\t\t<span class=\"title\">\n\t\t\t\t\t\t<a href=\"https:\/\/safari.evolutiontravel.it\/it_IT\/911\/tab\/35549_etosha-e-namib.html\" target=\"_blank\"  rel=\"noopener \">\n\t\t\t\t\t\t\tEtosha e Namib\t\t\t\t\t\t<\/a>\n\t\t\t\t\t<\/span>\n\t\t\t\t\t<div class=\"rss_content\"\n\t\t\t\t\t\t\tstyle=\"\">\n\t\t\t\t\t\t\n\t\t\t\t\t\t\t\t\t\t\t\t<p class=\"description\">agosto, Viaggio di gruppo con guida italiana per max 10 persone accomunate dal desiderio di vivere una grande avventura in [&hellip;]<\/p>\n\t\t\t\t\t\t\n\t\t\t\t\t\t\t\t\t\t\t\t\t\t\t\t\t\t\t<div class=\"price-wrap\">\n\t\t\t\t\t\t\t\t<a href=\"https:\/\/safari.evolutiontravel.it\/it_IT\/911\/tab\/35549_etosha-e-namib.html\" target=\"_blank\" rel=\"noopener\"><button class=\"price\"> 4570<\/button><\/a>\n\t\t\t\t\t\t\t<\/div>\n\t\t\t\t\t\t\t\t\t\t\t<\/div>\n\t\t\t\t<\/div>\n\t\t\t<\/li>\n\t\t\t\t\t\t<li  style=\"padding: 23px 0 38px\" class=\"rss_item feedzy-rss-col-3\" >\n\t\t\t\t\t\t\t\t\t<div class=\"rss_image\" style=\"width:225px; height:225px;\">\n\t\t\t\t\t\t<a href=\"https:\/\/safari.evolutiontravel.it\/it_IT\/911\/tab\/9356_namib-per-tutti.html\" target=\"_blank\" \n\t\t\t\t\t\t\trel=\"noopener \"\n\t\t\t\t\t\t\ttitle=\"Namib per tutti\"\n\t\t\t\t\t\t\tstyle=\"width:225px; height:225px;\">\n\t\t\t\t\t\t\t<span class=\"fetched\" style=\"background-image:  url('http:\/\/etcdn.net\/thumbnails\/9356\/it-windhoek-namib-per-tutti-55d61.jpg');\" title=\"Namib per tutti\"><\/span><amp-img width=\"225\" height=\"225\" src=\"http:\/\/etcdn.net\/thumbnails\/9356\/it-windhoek-namib-per-tutti-55d61.jpg\">\t\t\t\t\t\t<\/a>\n\t\t\t\t\t<\/div>\n\t\t\t\t\t\t\t\t<div class=\"rss_content_wrap\">\n\t\t\t\t\t<span class=\"title\">\n\t\t\t\t\t\t<a href=\"https:\/\/safari.evolutiontravel.it\/it_IT\/911\/tab\/9356_namib-per-tutti.html\" target=\"_blank\"  rel=\"noopener \">\n\t\t\t\t\t\t\tNamib per tutti\t\t\t\t\t\t<\/a>\n\t\t\t\t\t<\/span>\n\t\t\t\t\t<div class=\"rss_content\"\n\t\t\t\t\t\t\tstyle=\"\">\n\t\t\t\t\t\t\n\t\t\t\t\t\t\t\t\t\t\t\t<p class=\"description\">La namibia \u00e8 troppo bella, tutti dovrebbero poterla vedere, abbiamo creato un viaggio economico ma con i servizi sempre al top [&hellip;]<\/p>\n\t\t\t\t\t\t\n\t\t\t\t\t\t\t\t\t\t\t\t\t\t\t\t\t\t\t<div class=\"price-wrap\">\n\t\t\t\t\t\t\t\t<a href=\"https:\/\/safari.evolutiontravel.it\/it_IT\/911\/tab\/9356_namib-per-tutti.html\" target=\"_blank\" rel=\"noopener\"><button class=\"price\"> 1795<\/button><\/a>\n\t\t\t\t\t\t\t<\/div>\n\t\t\t\t\t\t\t\t\t\t\t<\/div>\n\t\t\t\t<\/div>\n\t\t\t<\/li>\n\t\t\t\t\t\t<li  style=\"padding: 23px 0 38px\" class=\"rss_item feedzy-rss-col-3\" >\n\t\t\t\t\t\t\t\t\t<div class=\"rss_image\" style=\"width:225px; height:225px;\">\n\t\t\t\t\t\t<a href=\"https:\/\/safari.evolutiontravel.it\/it_IT\/911\/tab\/3504_alla-scoperta-del-deserto-del-namib.html\" target=\"_blank\" \n\t\t\t\t\t\t\trel=\"noopener \"\n\t\t\t\t\t\t\ttitle=\"Alla scoperta del deserto del Namib\"\n\t\t\t\t\t\t\tstyle=\"width:225px; height:225px;\">\n\t\t\t\t\t\t\t<span class=\"fetched\" style=\"background-image:  url('http:\/\/etcdn.net\/thumbnails\/3504\/it-windhoek-alla-scoperta-del-deserto-del-namib-63a77.jpg');\" title=\"Alla scoperta del deserto del Namib\"><\/span><amp-img width=\"225\" height=\"225\" src=\"http:\/\/etcdn.net\/thumbnails\/3504\/it-windhoek-alla-scoperta-del-deserto-del-namib-63a77.jpg\">\t\t\t\t\t\t<\/a>\n\t\t\t\t\t<\/div>\n\t\t\t\t\t\t\t\t<div class=\"rss_content_wrap\">\n\t\t\t\t\t<span class=\"title\">\n\t\t\t\t\t\t<a href=\"https:\/\/safari.evolutiontravel.it\/it_IT\/911\/tab\/3504_alla-scoperta-del-deserto-del-namib.html\" target=\"_blank\"  rel=\"noopener \">\n\t\t\t\t\t\t\tAlla scoperta del deserto del Namib\t\t\t\t\t\t<\/a>\n\t\t\t\t\t<\/span>\n\t\t\t\t\t<div class=\"rss_content\"\n\t\t\t\t\t\t\tstyle=\"\">\n\t\t\t\t\t\t\n\t\t\t\t\t\t\t\t\t\t\t\t<p class=\"description\">giugno agosto e settembre \r\nViaggio per un gruppo di max 12 persone, con autista e guida italiana con automezzi minibus non 4X4, [&hellip;]<\/p>\n\t\t\t\t\t\t\n\t\t\t\t\t\t\t\t\t\t\t\t\t\t\t\t\t\t\t<div class=\"price-wrap\">\n\t\t\t\t\t\t\t\t<a href=\"https:\/\/safari.evolutiontravel.it\/it_IT\/911\/tab\/3504_alla-scoperta-del-deserto-del-namib.html\" target=\"_blank\" rel=\"noopener\"><button class=\"price\"> 3880<\/button><\/a>\n\t\t\t\t\t\t\t<\/div>\n\t\t\t\t\t\t\t\t\t\t\t<\/div>\n\t\t\t\t<\/div>\n\t\t\t<\/li>\n\t\t\t\t<\/ul>\n<\/div>\n<style type=\"text\/css\" media=\"all\">.feedzy-rss .rss_item .rss_image{float:left;position:relative;border:none;text-decoration:none;max-width:100%}.feedzy-rss .rss_item .rss_image span{display:inline-block;position:absolute;width:100%;height:100%;background-position:50%;background-size:cover}.feedzy-rss .rss_item .rss_image{margin:.3em 1em 0 0;content-visibility:auto}.feedzy-rss ul{list-style:none}.feedzy-rss ul li{display:inline-block}<\/style>\n","protected":false},"excerpt":{"rendered":"<p>Se volete andare in Namibia a ottobre sappiate che ci sono pro e contro. Durante questo periodo sar\u00e0 pi\u00f9 facile avvistare gli animali mentre dal punto di vista climatico il giorno far\u00e0 caldo e la notte freddo con precipitazioni moderate che atteneruanno l&#8217;escursione termica tipica di questo clima. Sicuramente a ottobre i colori e i <a class=\"moretag\" href=\"https:\/\/safari.evolutiontravel.it\/infovacanze\/clima\/namibia-clima-ottobre\/\">[&#8230;]<\/a><\/p>\n","protected":false},"author":1,"featured_media":0,"parent":155,"menu_order":0,"comment_status":"closed","ping_status":"open","template":"templates\/template-with-right-sidebar.php","meta":{"footnotes":""},"yoast_head":"<!-- This site is optimized with the Yoast SEO plugin v21.9.1 - https:\/\/yoast.com\/wordpress\/plugins\/seo\/ -->\n<title>Namibia a ottobre: clima e itinerario consigliato in questo mese<\/title>\n<meta name=\"description\" content=\"Scopri con noi perch\u00e8 scegliere la Namibia proprio in questo mese: clima ideale e tante offerte di viaggio e vacanze vantaggiose!\" \/>\n<meta name=\"robots\" content=\"index, follow, max-snippet:-1, max-image-preview:large, max-video-preview:-1\" \/>\n<link rel=\"canonical\" href=\"https:\/\/safari.evolutiontravel.it\/infovacanze\/clima\/namibia-clima-ottobre\/\" \/>\n<meta name=\"twitter:label1\" content=\"Tempo di lettura stimato\" \/>\n\t<meta name=\"twitter:data1\" content=\"2 minuti\" \/>\n<script type=\"application\/ld+json\" class=\"yoast-schema-graph\">{\"@context\":\"https:\/\/schema.org\",\"@graph\":[{\"@type\":\"WebPage\",\"@id\":\"https:\/\/safari.evolutiontravel.it\/infovacanze\/clima\/namibia-clima-ottobre\/\",\"url\":\"https:\/\/safari.evolutiontravel.it\/infovacanze\/clima\/namibia-clima-ottobre\/\",\"name\":\"Namibia a ottobre: clima e itinerario consigliato in questo mese\",\"isPartOf\":{\"@id\":\"https:\/\/safari.evolutiontravel.it\/infovacanze\/#website\"},\"datePublished\":\"2014-05-02T15:17:20+00:00\",\"dateModified\":\"2018-12-07T09:00:49+00:00\",\"description\":\"Scopri con noi perch\u00e8 scegliere la Namibia proprio in questo mese: clima ideale e tante offerte di viaggio e vacanze vantaggiose!\",\"breadcrumb\":{\"@id\":\"https:\/\/safari.evolutiontravel.it\/infovacanze\/clima\/namibia-clima-ottobre\/#breadcrumb\"},\"inLanguage\":\"it-IT\",\"potentialAction\":[{\"@type\":\"ReadAction\",\"target\":[\"https:\/\/safari.evolutiontravel.it\/infovacanze\/clima\/namibia-clima-ottobre\/\"]}]},{\"@type\":\"BreadcrumbList\",\"@id\":\"https:\/\/safari.evolutiontravel.it\/infovacanze\/clima\/namibia-clima-ottobre\/#breadcrumb\",\"itemListElement\":[{\"@type\":\"ListItem\",\"position\":1,\"name\":\"Il clima in Namibia\",\"item\":\"https:\/\/safari.evolutiontravel.it\/infovacanze\/clima\/\"},{\"@type\":\"ListItem\",\"position\":2,\"name\":\"Ottobre in Namibia\"}]},{\"@type\":\"WebSite\",\"@id\":\"https:\/\/safari.evolutiontravel.it\/infovacanze\/#website\",\"url\":\"https:\/\/safari.evolutiontravel.it\/infovacanze\/\",\"name\":\"Safari\",\"description\":\"\",\"potentialAction\":[{\"@type\":\"SearchAction\",\"target\":{\"@type\":\"EntryPoint\",\"urlTemplate\":\"https:\/\/safari.evolutiontravel.it\/infovacanze\/?s={search_term_string}\"},\"query-input\":\"required name=search_term_string\"}],\"inLanguage\":\"it-IT\"}]}<\/script>\n<!-- \/ Yoast SEO plugin. -->","yoast_head_json":{"title":"Namibia a ottobre: clima e itinerario consigliato in questo mese","description":"Scopri con noi perch\u00e8 scegliere la Namibia proprio in questo mese: clima ideale e tante offerte di viaggio e vacanze vantaggiose!","robots":{"index":"index","follow":"follow","max-snippet":"max-snippet:-1","max-image-preview":"max-image-preview:large","max-video-preview":"max-video-preview:-1"},"canonical":"https:\/\/safari.evolutiontravel.it\/infovacanze\/clima\/namibia-clima-ottobre\/","twitter_misc":{"Tempo di lettura stimato":"2 minuti"},"schema":{"@context":"https:\/\/schema.org","@graph":[{"@type":"WebPage","@id":"https:\/\/safari.evolutiontravel.it\/infovacanze\/clima\/namibia-clima-ottobre\/","url":"https:\/\/safari.evolutiontravel.it\/infovacanze\/clima\/namibia-clima-ottobre\/","name":"Namibia a ottobre: clima e itinerario consigliato in questo mese","isPartOf":{"@id":"https:\/\/safari.evolutiontravel.it\/infovacanze\/#website"},"datePublished":"2014-05-02T15:17:20+00:00","dateModified":"2018-12-07T09:00:49+00:00","description":"Scopri con noi perch\u00e8 scegliere la Namibia proprio in questo mese: clima ideale e tante offerte di viaggio e vacanze vantaggiose!","breadcrumb":{"@id":"https:\/\/safari.evolutiontravel.it\/infovacanze\/clima\/namibia-clima-ottobre\/#breadcrumb"},"inLanguage":"it-IT","potentialAction":[{"@type":"ReadAction","target":["https:\/\/safari.evolutiontravel.it\/infovacanze\/clima\/namibia-clima-ottobre\/"]}]},{"@type":"BreadcrumbList","@id":"https:\/\/safari.evolutiontravel.it\/infovacanze\/clima\/namibia-clima-ottobre\/#breadcrumb","itemListElement":[{"@type":"ListItem","position":1,"name":"Il clima in Namibia","item":"https:\/\/safari.evolutiontravel.it\/infovacanze\/clima\/"},{"@type":"ListItem","position":2,"name":"Ottobre in Namibia"}]},{"@type":"WebSite","@id":"https:\/\/safari.evolutiontravel.it\/infovacanze\/#website","url":"https:\/\/safari.evolutiontravel.it\/infovacanze\/","name":"Safari","description":"","potentialAction":[{"@type":"SearchAction","target":{"@type":"EntryPoint","urlTemplate":"https:\/\/safari.evolutiontravel.it\/infovacanze\/?s={search_term_string}"},"query-input":"required name=search_term_string"}],"inLanguage":"it-IT"}]}},"_links":{"self":[{"href":"https:\/\/safari.evolutiontravel.it\/infovacanze\/wp-json\/wp\/v2\/pages\/597"}],"collection":[{"href":"https:\/\/safari.evolutiontravel.it\/infovacanze\/wp-json\/wp\/v2\/pages"}],"about":[{"href":"https:\/\/safari.evolutiontravel.it\/infovacanze\/wp-json\/wp\/v2\/types\/page"}],"author":[{"embeddable":true,"href":"https:\/\/safari.evolutiontravel.it\/infovacanze\/wp-json\/wp\/v2\/users\/1"}],"replies":[{"embeddable":true,"href":"https:\/\/safari.evolutiontravel.it\/infovacanze\/wp-json\/wp\/v2\/comments?post=597"}],"version-history":[{"count":8,"href":"https:\/\/safari.evolutiontravel.it\/infovacanze\/wp-json\/wp\/v2\/pages\/597\/revisions"}],"predecessor-version":[{"id":1121,"href":"https:\/\/safari.evolutiontravel.it\/infovacanze\/wp-json\/wp\/v2\/pages\/597\/revisions\/1121"}],"up":[{"embeddable":true,"href":"https:\/\/safari.evolutiontravel.it\/infovacanze\/wp-json\/wp\/v2\/pages\/155"}],"wp:attachment":[{"href":"https:\/\/safari.evolutiontravel.it\/infovacanze\/wp-json\/wp\/v2\/media?parent=597"}],"curies":[{"name":"wp","href":"https:\/\/api.w.org\/{rel}","templated":true}]}}