{"id":53,"date":"2013-08-02T14:54:42","date_gmt":"2013-08-02T12:54:42","guid":{"rendered":"http:\/\/safari.evolutiontravel.it\/infovacanze\/?page_id=53"},"modified":"2018-12-11T11:00:16","modified_gmt":"2018-12-11T10:00:16","slug":"swakopmund","status":"publish","type":"page","link":"https:\/\/safari.evolutiontravel.it\/infovacanze\/namibia\/swakopmund\/","title":{"rendered":"Swakopmund"},"content":{"rendered":"<p>A<strong> Swakopmund<\/strong>, citt\u00e0 costiera della Namibia affacciata sull\u2019Oceano Atlantico, avrai l&#8217;occasione di <strong>vedere molte cose<\/strong>, sia in citt\u00e0 che nei dintorni quindi sicuramente vale la pena soggiornonare qui qualche giorno.<\/p>\n<p>&nbsp;<\/p>\n<p>Oltre allo\u00a0<a href=\"https:\/\/scientificsocietyswakopmund.com\/\" target=\"_blank\" rel=\"noopener\"><strong>Swakopmund Museum<\/strong><\/a> tra le altre cose da vedere in citt\u00e0 consigliamo:<\/p>\n<ul>\n<li>la <strong>prigione di Altes Gef\u00e4ngnis<\/strong>, oggi biblioteca pubblica;<\/li>\n<li><a href=\"http:\/\/www.namibiangemstones.com\/\" target=\"_blank\" rel=\"noopener\"><strong>la Kristall Galerie<\/strong><\/a><\/li>\n<li>il <strong>National Marine Aquarium<\/strong>.<\/li>\n<\/ul>\n<p>&nbsp;<\/p>\n<p>Mentre nelle <strong>immediate vicinanze<\/strong> altre attrazioni quali:<\/p>\n<ul>\n<li>le <strong>dune di sabbia vicino a Langstrand<\/strong>, a sud dello Swakop;<\/li>\n<li><a title=\"Walvis bay\" href=\"https:\/\/safari.evolutiontravel.it\/infovacanze\/namibia\/walvis-bay\/\">Walvis bay<\/a> e la laguna di Sandwich Harbour<\/li>\n<li>Rossmund Desert Golf Course;<\/li>\n<li>un ranch dove si allevano i cammelli e aperto al pubblico;<\/li>\n<li>\u00a0Martin Luther, una locomotiva a vapore abbandonata in mezzo al deserto nel 1896.<\/li>\n<\/ul>\n<p>&nbsp;<\/p>\n<p>Se starete qualche giorno a\u00a0Swakopmund avrete anche la possibilit\u00e0 di fare diverse attivit\u00e0, a parte girare per la citt\u00e0 dove ci sono cofee shop, night club e bar, potrete fare anche dei<strong> viaggi in mongolfiera<\/strong> oppure <strong>escursioni in quad<\/strong>. Divenuta ormai una<strong> localit\u00e0 di villeggiatura<\/strong> tra le pi\u00f9 rinomate della Namibia, Swakopmund basa praticamente quasi tutta la sua economia sul turismo per cui \u00e8 in grado di offrire servizi adeguati alle esigenze di turisti e viaggiatori.<\/p>\n<p>&nbsp;<\/p>\n<p style=\"text-align: center\"><strong><span style=\"color: #008000\">ULTIME OFFERTE DELLA SETTIMANA: SPECIALE NAMIBIA<\/span><br \/>\n<\/strong><\/p>\n<p style=\"text-align: center\"><strong>Non perdere queste occasioni imperdibili per fare un safari in Africa senza spendere una fortuna!<\/strong><\/p>\n<p style=\"text-align: center\"><span style=\"color: #008000\"><strong>CLICCA SUBITO E SCOPRI:<\/strong><\/span> programma, foto, commenti e itinerari!<\/p>\n<div class=\"feedzy-a57879478e26ce8958ba9a615fa83444 feedzy-rss\">\n\t\t<ul class=\"feedzy-style2\">\n\t\t\t\t\t<li  style=\"padding: 23px 0 38px\" class=\"rss_item feedzy-rss-col-3\" >\n\t\t\t\t\t\t\t\t\t<div class=\"rss_image\" style=\"width:225px; height:225px;\">\n\t\t\t\t\t\t<a href=\"https:\/\/safari.evolutiontravel.it\/it_IT\/911\/tab\/40338_etosha-e-deserto.html\" target=\"_blank\" \n\t\t\t\t\t\t\trel=\"noopener \"\n\t\t\t\t\t\t\ttitle=\"etosha e deserto\"\n\t\t\t\t\t\t\tstyle=\"width:225px; height:225px;\">\n\t\t\t\t\t\t\t<span class=\"fetched\" style=\"background-image:  url('http:\/\/etcdn.net\/thumbnails\/1296\/it-windhoek-speciale-parco-etosha-568ea.jpg');\" title=\"etosha e deserto\"><\/span><amp-img width=\"225\" height=\"225\" src=\"http:\/\/etcdn.net\/thumbnails\/1296\/it-windhoek-speciale-parco-etosha-568ea.jpg\">\t\t\t\t\t\t<\/a>\n\t\t\t\t\t<\/div>\n\t\t\t\t\t\t\t\t<div class=\"rss_content_wrap\">\n\t\t\t\t\t<span class=\"title\">\n\t\t\t\t\t\t<a href=\"https:\/\/safari.evolutiontravel.it\/it_IT\/911\/tab\/40338_etosha-e-deserto.html\" target=\"_blank\"  rel=\"noopener \">\n\t\t\t\t\t\t\tetosha e deserto\t\t\t\t\t\t<\/a>\n\t\t\t\t\t<\/span>\n\t\t\t\t\t<div class=\"rss_content\"\n\t\t\t\t\t\t\tstyle=\"\">\n\t\t\t\t\t\t\n\t\t\t\t\t\t\t\t\t\t\t\t<p class=\"description\">da giugno ad ottobre, viaggio di gruppo con guida inglese per max 7 persone per scoprire uno stupendo paese, partenze\u00a005 e 19 [&hellip;]<\/p>\n\t\t\t\t\t\t\n\t\t\t\t\t\t\t\t\t\t\t\t\t\t\t\t\t\t\t<div class=\"price-wrap\">\n\t\t\t\t\t\t\t\t<a href=\"https:\/\/safari.evolutiontravel.it\/it_IT\/911\/tab\/40338_etosha-e-deserto.html\" target=\"_blank\" rel=\"noopener\"><button class=\"price\"> 4340<\/button><\/a>\n\t\t\t\t\t\t\t<\/div>\n\t\t\t\t\t\t\t\t\t\t\t<\/div>\n\t\t\t\t<\/div>\n\t\t\t<\/li>\n\t\t\t\t\t\t<li  style=\"padding: 23px 0 38px\" class=\"rss_item feedzy-rss-col-3\" >\n\t\t\t\t\t\t\t\t\t<div class=\"rss_image\" style=\"width:225px; height:225px;\">\n\t\t\t\t\t\t<a href=\"https:\/\/safari.evolutiontravel.it\/it_IT\/911\/tab\/1265_panorama-tra-namib-ed-etosha.html\" target=\"_blank\" \n\t\t\t\t\t\t\trel=\"noopener \"\n\t\t\t\t\t\t\ttitle=\"Panorama, tra namib ed etosha\"\n\t\t\t\t\t\t\tstyle=\"width:225px; height:225px;\">\n\t\t\t\t\t\t\t<span class=\"fetched\" style=\"background-image:  url('http:\/\/etcdn.net\/thumbnails\/1265\/it-windhoek-panorama-tra-namib-ed-etosha-5600e.jpg');\" title=\"Panorama, tra namib ed etosha\"><\/span><amp-img width=\"225\" height=\"225\" src=\"http:\/\/etcdn.net\/thumbnails\/1265\/it-windhoek-panorama-tra-namib-ed-etosha-5600e.jpg\">\t\t\t\t\t\t<\/a>\n\t\t\t\t\t<\/div>\n\t\t\t\t\t\t\t\t<div class=\"rss_content_wrap\">\n\t\t\t\t\t<span class=\"title\">\n\t\t\t\t\t\t<a href=\"https:\/\/safari.evolutiontravel.it\/it_IT\/911\/tab\/1265_panorama-tra-namib-ed-etosha.html\" target=\"_blank\"  rel=\"noopener \">\n\t\t\t\t\t\t\tPanorama, tra namib ed etosha\t\t\t\t\t\t<\/a>\n\t\t\t\t\t<\/span>\n\t\t\t\t\t<div class=\"rss_content\"\n\t\t\t\t\t\t\tstyle=\"\">\n\t\t\t\t\t\t\n\t\t\t\t\t\t\t\t\t\t\t\t<p class=\"description\">Agosto, Viaggio di gruppo con guida italiana per max 12 persone accomunate dal desiderio di vivere una grande avventura in [&hellip;]<\/p>\n\t\t\t\t\t\t\n\t\t\t\t\t\t\t\t\t\t\t\t\t\t\t\t\t\t\t<div class=\"price-wrap\">\n\t\t\t\t\t\t\t\t<a href=\"https:\/\/safari.evolutiontravel.it\/it_IT\/911\/tab\/1265_panorama-tra-namib-ed-etosha.html\" target=\"_blank\" rel=\"noopener\"><button class=\"price\"> 4490<\/button><\/a>\n\t\t\t\t\t\t\t<\/div>\n\t\t\t\t\t\t\t\t\t\t\t<\/div>\n\t\t\t\t<\/div>\n\t\t\t<\/li>\n\t\t\t\t\t\t<li  style=\"padding: 23px 0 38px\" class=\"rss_item feedzy-rss-col-3\" >\n\t\t\t\t\t\t\t\t\t<div class=\"rss_image\" style=\"width:225px; height:225px;\">\n\t\t\t\t\t\t<a href=\"https:\/\/safari.evolutiontravel.it\/it_IT\/911\/tab\/27326_workshop-namibiano.html\" target=\"_blank\" \n\t\t\t\t\t\t\trel=\"noopener \"\n\t\t\t\t\t\t\ttitle=\"workshop namibiano\"\n\t\t\t\t\t\t\tstyle=\"width:225px; height:225px;\">\n\t\t\t\t\t\t\t<span class=\"fetched\" style=\"background-image:  url('http:\/\/etcdn.net\/thumbnails\/27326\/it-windhoek-workshop-namibiano-56017.jpg');\" title=\"workshop namibiano\"><\/span><amp-img width=\"225\" height=\"225\" src=\"http:\/\/etcdn.net\/thumbnails\/27326\/it-windhoek-workshop-namibiano-56017.jpg\">\t\t\t\t\t\t<\/a>\n\t\t\t\t\t<\/div>\n\t\t\t\t\t\t\t\t<div class=\"rss_content_wrap\">\n\t\t\t\t\t<span class=\"title\">\n\t\t\t\t\t\t<a href=\"https:\/\/safari.evolutiontravel.it\/it_IT\/911\/tab\/27326_workshop-namibiano.html\" target=\"_blank\"  rel=\"noopener \">\n\t\t\t\t\t\t\tworkshop namibiano\t\t\t\t\t\t<\/a>\n\t\t\t\t\t<\/span>\n\t\t\t\t\t<div class=\"rss_content\"\n\t\t\t\t\t\t\tstyle=\"\">\n\t\t\t\t\t\t\n\t\t\t\t\t\t\t\t\t\t\t\t<p class=\"description\">Viaggio fotografico alla scoperta dei Paesaggi leggendari del Sud della Namibia, dalla costa di Walvis Bay alle dune di sabbia [&hellip;]<\/p>\n\t\t\t\t\t\t\n\t\t\t\t\t\t\t\t\t\t\t\t\t\t\t\t\t\t\t<div class=\"price-wrap\">\n\t\t\t\t\t\t\t\t<a href=\"https:\/\/safari.evolutiontravel.it\/it_IT\/911\/tab\/27326_workshop-namibiano.html\" target=\"_blank\" rel=\"noopener\"><button class=\"price\"> 4550<\/button><\/a>\n\t\t\t\t\t\t\t<\/div>\n\t\t\t\t\t\t\t\t\t\t\t<\/div>\n\t\t\t\t<\/div>\n\t\t\t<\/li>\n\t\t\t\t\t\t<li  style=\"padding: 23px 0 38px\" class=\"rss_item feedzy-rss-col-3\" >\n\t\t\t\t\t\t\t\t\t<div class=\"rss_image\" style=\"width:225px; height:225px;\">\n\t\t\t\t\t\t<a href=\"https:\/\/safari.evolutiontravel.it\/it_IT\/911\/tab\/35549_etosha-e-namib.html\" target=\"_blank\" \n\t\t\t\t\t\t\trel=\"noopener \"\n\t\t\t\t\t\t\ttitle=\"Etosha e Namib\"\n\t\t\t\t\t\t\tstyle=\"width:225px; height:225px;\">\n\t\t\t\t\t\t\t<span class=\"fetched\" style=\"background-image:  url('http:\/\/etcdn.net\/thumbnails\/1296\/it-windhoek-speciale-parco-etosha-5600d.jpg');\" title=\"Etosha e Namib\"><\/span><amp-img width=\"225\" height=\"225\" src=\"http:\/\/etcdn.net\/thumbnails\/1296\/it-windhoek-speciale-parco-etosha-5600d.jpg\">\t\t\t\t\t\t<\/a>\n\t\t\t\t\t<\/div>\n\t\t\t\t\t\t\t\t<div class=\"rss_content_wrap\">\n\t\t\t\t\t<span class=\"title\">\n\t\t\t\t\t\t<a href=\"https:\/\/safari.evolutiontravel.it\/it_IT\/911\/tab\/35549_etosha-e-namib.html\" target=\"_blank\"  rel=\"noopener \">\n\t\t\t\t\t\t\tEtosha e Namib\t\t\t\t\t\t<\/a>\n\t\t\t\t\t<\/span>\n\t\t\t\t\t<div class=\"rss_content\"\n\t\t\t\t\t\t\tstyle=\"\">\n\t\t\t\t\t\t\n\t\t\t\t\t\t\t\t\t\t\t\t<p class=\"description\">agosto, Viaggio di gruppo con guida italiana per max 10 persone accomunate dal desiderio di vivere una grande avventura in [&hellip;]<\/p>\n\t\t\t\t\t\t\n\t\t\t\t\t\t\t\t\t\t\t\t\t\t\t\t\t\t\t<div class=\"price-wrap\">\n\t\t\t\t\t\t\t\t<a href=\"https:\/\/safari.evolutiontravel.it\/it_IT\/911\/tab\/35549_etosha-e-namib.html\" target=\"_blank\" rel=\"noopener\"><button class=\"price\"> 4570<\/button><\/a>\n\t\t\t\t\t\t\t<\/div>\n\t\t\t\t\t\t\t\t\t\t\t<\/div>\n\t\t\t\t<\/div>\n\t\t\t<\/li>\n\t\t\t\t\t\t<li  style=\"padding: 23px 0 38px\" class=\"rss_item feedzy-rss-col-3\" >\n\t\t\t\t\t\t\t\t\t<div class=\"rss_image\" style=\"width:225px; height:225px;\">\n\t\t\t\t\t\t<a href=\"https:\/\/safari.evolutiontravel.it\/it_IT\/911\/tab\/9356_namib-per-tutti.html\" target=\"_blank\" \n\t\t\t\t\t\t\trel=\"noopener \"\n\t\t\t\t\t\t\ttitle=\"Namib per tutti\"\n\t\t\t\t\t\t\tstyle=\"width:225px; height:225px;\">\n\t\t\t\t\t\t\t<span class=\"fetched\" style=\"background-image:  url('http:\/\/etcdn.net\/thumbnails\/9356\/it-windhoek-namib-per-tutti-55d61.jpg');\" title=\"Namib per tutti\"><\/span><amp-img width=\"225\" height=\"225\" src=\"http:\/\/etcdn.net\/thumbnails\/9356\/it-windhoek-namib-per-tutti-55d61.jpg\">\t\t\t\t\t\t<\/a>\n\t\t\t\t\t<\/div>\n\t\t\t\t\t\t\t\t<div class=\"rss_content_wrap\">\n\t\t\t\t\t<span class=\"title\">\n\t\t\t\t\t\t<a href=\"https:\/\/safari.evolutiontravel.it\/it_IT\/911\/tab\/9356_namib-per-tutti.html\" target=\"_blank\"  rel=\"noopener \">\n\t\t\t\t\t\t\tNamib per tutti\t\t\t\t\t\t<\/a>\n\t\t\t\t\t<\/span>\n\t\t\t\t\t<div class=\"rss_content\"\n\t\t\t\t\t\t\tstyle=\"\">\n\t\t\t\t\t\t\n\t\t\t\t\t\t\t\t\t\t\t\t<p class=\"description\">La namibia \u00e8 troppo bella, tutti dovrebbero poterla vedere, abbiamo creato un viaggio economico ma con i servizi sempre al top [&hellip;]<\/p>\n\t\t\t\t\t\t\n\t\t\t\t\t\t\t\t\t\t\t\t\t\t\t\t\t\t\t<div class=\"price-wrap\">\n\t\t\t\t\t\t\t\t<a href=\"https:\/\/safari.evolutiontravel.it\/it_IT\/911\/tab\/9356_namib-per-tutti.html\" target=\"_blank\" rel=\"noopener\"><button class=\"price\"> 1795<\/button><\/a>\n\t\t\t\t\t\t\t<\/div>\n\t\t\t\t\t\t\t\t\t\t\t<\/div>\n\t\t\t\t<\/div>\n\t\t\t<\/li>\n\t\t\t\t\t\t<li  style=\"padding: 23px 0 38px\" class=\"rss_item feedzy-rss-col-3\" >\n\t\t\t\t\t\t\t\t\t<div class=\"rss_image\" style=\"width:225px; height:225px;\">\n\t\t\t\t\t\t<a href=\"https:\/\/safari.evolutiontravel.it\/it_IT\/911\/tab\/3504_alla-scoperta-del-deserto-del-namib.html\" target=\"_blank\" \n\t\t\t\t\t\t\trel=\"noopener \"\n\t\t\t\t\t\t\ttitle=\"Alla scoperta del deserto del Namib\"\n\t\t\t\t\t\t\tstyle=\"width:225px; height:225px;\">\n\t\t\t\t\t\t\t<span class=\"fetched\" style=\"background-image:  url('http:\/\/etcdn.net\/thumbnails\/3504\/it-windhoek-alla-scoperta-del-deserto-del-namib-63a77.jpg');\" title=\"Alla scoperta del deserto del Namib\"><\/span><amp-img width=\"225\" height=\"225\" src=\"http:\/\/etcdn.net\/thumbnails\/3504\/it-windhoek-alla-scoperta-del-deserto-del-namib-63a77.jpg\">\t\t\t\t\t\t<\/a>\n\t\t\t\t\t<\/div>\n\t\t\t\t\t\t\t\t<div class=\"rss_content_wrap\">\n\t\t\t\t\t<span class=\"title\">\n\t\t\t\t\t\t<a href=\"https:\/\/safari.evolutiontravel.it\/it_IT\/911\/tab\/3504_alla-scoperta-del-deserto-del-namib.html\" target=\"_blank\"  rel=\"noopener \">\n\t\t\t\t\t\t\tAlla scoperta del deserto del Namib\t\t\t\t\t\t<\/a>\n\t\t\t\t\t<\/span>\n\t\t\t\t\t<div class=\"rss_content\"\n\t\t\t\t\t\t\tstyle=\"\">\n\t\t\t\t\t\t\n\t\t\t\t\t\t\t\t\t\t\t\t<p class=\"description\">giugno agosto e settembre \r\nViaggio per un gruppo di max 12 persone, con autista e guida italiana con automezzi minibus non 4X4, [&hellip;]<\/p>\n\t\t\t\t\t\t\n\t\t\t\t\t\t\t\t\t\t\t\t\t\t\t\t\t\t\t<div class=\"price-wrap\">\n\t\t\t\t\t\t\t\t<a href=\"https:\/\/safari.evolutiontravel.it\/it_IT\/911\/tab\/3504_alla-scoperta-del-deserto-del-namib.html\" target=\"_blank\" rel=\"noopener\"><button class=\"price\"> 3880<\/button><\/a>\n\t\t\t\t\t\t\t<\/div>\n\t\t\t\t\t\t\t\t\t\t\t<\/div>\n\t\t\t\t<\/div>\n\t\t\t<\/li>\n\t\t\t\t<\/ul>\n<\/div>\n<style type=\"text\/css\" media=\"all\">.feedzy-rss .rss_item .rss_image{float:left;position:relative;border:none;text-decoration:none;max-width:100%}.feedzy-rss .rss_item .rss_image span{display:inline-block;position:absolute;width:100%;height:100%;background-position:50%;background-size:cover}.feedzy-rss .rss_item .rss_image{margin:.3em 1em 0 0;content-visibility:auto}.feedzy-rss ul{list-style:none}.feedzy-rss ul li{display:inline-block}<\/style>\n","protected":false},"excerpt":{"rendered":"<p>A Swakopmund, citt\u00e0 costiera della Namibia affacciata sull\u2019Oceano Atlantico, avrai l&#8217;occasione di vedere molte cose, sia in citt\u00e0 che nei dintorni quindi sicuramente vale la pena soggiornonare qui qualche giorno. &nbsp; Oltre allo\u00a0Swakopmund Museum tra le altre cose da vedere in citt\u00e0 consigliamo: la prigione di Altes Gef\u00e4ngnis, oggi biblioteca pubblica; la Kristall Galerie il <a class=\"moretag\" href=\"https:\/\/safari.evolutiontravel.it\/infovacanze\/namibia\/swakopmund\/\">[&#8230;]<\/a><\/p>\n","protected":false},"author":1,"featured_media":0,"parent":8,"menu_order":0,"comment_status":"closed","ping_status":"open","template":"templates\/template-with-right-sidebar.php","meta":{"footnotes":""},"yoast_head":"<!-- This site is optimized with the Yoast SEO plugin v21.9.1 - https:\/\/yoast.com\/wordpress\/plugins\/seo\/ -->\n<title>Swakopmund: cosa fare e vedere - Speciale vacanze in Namibia<\/title>\n<meta name=\"description\" content=\"Ecco un luogo di interesse da vedere in Namibia, Swakopmund: scopri con noi cosa fare e cosa vedere e parti con le nostre offerte!\" \/>\n<meta name=\"robots\" content=\"index, follow, max-snippet:-1, max-image-preview:large, max-video-preview:-1\" \/>\n<link rel=\"canonical\" href=\"https:\/\/safari.evolutiontravel.it\/infovacanze\/namibia\/swakopmund\/\" \/>\n<meta name=\"twitter:label1\" content=\"Tempo di lettura stimato\" \/>\n\t<meta name=\"twitter:data1\" content=\"1 minuto\" \/>\n<script type=\"application\/ld+json\" class=\"yoast-schema-graph\">{\"@context\":\"https:\/\/schema.org\",\"@graph\":[{\"@type\":\"WebPage\",\"@id\":\"https:\/\/safari.evolutiontravel.it\/infovacanze\/namibia\/swakopmund\/\",\"url\":\"https:\/\/safari.evolutiontravel.it\/infovacanze\/namibia\/swakopmund\/\",\"name\":\"Swakopmund: cosa fare e vedere - Speciale vacanze in Namibia\",\"isPartOf\":{\"@id\":\"https:\/\/safari.evolutiontravel.it\/infovacanze\/#website\"},\"datePublished\":\"2013-08-02T12:54:42+00:00\",\"dateModified\":\"2018-12-11T10:00:16+00:00\",\"description\":\"Ecco un luogo di interesse da vedere in Namibia, Swakopmund: scopri con noi cosa fare e cosa vedere e parti con le nostre offerte!\",\"breadcrumb\":{\"@id\":\"https:\/\/safari.evolutiontravel.it\/infovacanze\/namibia\/swakopmund\/#breadcrumb\"},\"inLanguage\":\"it-IT\",\"potentialAction\":[{\"@type\":\"ReadAction\",\"target\":[\"https:\/\/safari.evolutiontravel.it\/infovacanze\/namibia\/swakopmund\/\"]}]},{\"@type\":\"BreadcrumbList\",\"@id\":\"https:\/\/safari.evolutiontravel.it\/infovacanze\/namibia\/swakopmund\/#breadcrumb\",\"itemListElement\":[{\"@type\":\"ListItem\",\"position\":1,\"name\":\"Namibia\",\"item\":\"https:\/\/safari.evolutiontravel.it\/infovacanze\/namibia\/\"},{\"@type\":\"ListItem\",\"position\":2,\"name\":\"Swakopmund\"}]},{\"@type\":\"WebSite\",\"@id\":\"https:\/\/safari.evolutiontravel.it\/infovacanze\/#website\",\"url\":\"https:\/\/safari.evolutiontravel.it\/infovacanze\/\",\"name\":\"Safari\",\"description\":\"\",\"potentialAction\":[{\"@type\":\"SearchAction\",\"target\":{\"@type\":\"EntryPoint\",\"urlTemplate\":\"https:\/\/safari.evolutiontravel.it\/infovacanze\/?s={search_term_string}\"},\"query-input\":\"required name=search_term_string\"}],\"inLanguage\":\"it-IT\"}]}<\/script>\n<!-- \/ Yoast SEO plugin. -->","yoast_head_json":{"title":"Swakopmund: cosa fare e vedere - Speciale vacanze in Namibia","description":"Ecco un luogo di interesse da vedere in Namibia, Swakopmund: scopri con noi cosa fare e cosa vedere e parti con le nostre offerte!","robots":{"index":"index","follow":"follow","max-snippet":"max-snippet:-1","max-image-preview":"max-image-preview:large","max-video-preview":"max-video-preview:-1"},"canonical":"https:\/\/safari.evolutiontravel.it\/infovacanze\/namibia\/swakopmund\/","twitter_misc":{"Tempo di lettura stimato":"1 minuto"},"schema":{"@context":"https:\/\/schema.org","@graph":[{"@type":"WebPage","@id":"https:\/\/safari.evolutiontravel.it\/infovacanze\/namibia\/swakopmund\/","url":"https:\/\/safari.evolutiontravel.it\/infovacanze\/namibia\/swakopmund\/","name":"Swakopmund: cosa fare e vedere - Speciale vacanze in Namibia","isPartOf":{"@id":"https:\/\/safari.evolutiontravel.it\/infovacanze\/#website"},"datePublished":"2013-08-02T12:54:42+00:00","dateModified":"2018-12-11T10:00:16+00:00","description":"Ecco un luogo di interesse da vedere in Namibia, Swakopmund: scopri con noi cosa fare e cosa vedere e parti con le nostre offerte!","breadcrumb":{"@id":"https:\/\/safari.evolutiontravel.it\/infovacanze\/namibia\/swakopmund\/#breadcrumb"},"inLanguage":"it-IT","potentialAction":[{"@type":"ReadAction","target":["https:\/\/safari.evolutiontravel.it\/infovacanze\/namibia\/swakopmund\/"]}]},{"@type":"BreadcrumbList","@id":"https:\/\/safari.evolutiontravel.it\/infovacanze\/namibia\/swakopmund\/#breadcrumb","itemListElement":[{"@type":"ListItem","position":1,"name":"Namibia","item":"https:\/\/safari.evolutiontravel.it\/infovacanze\/namibia\/"},{"@type":"ListItem","position":2,"name":"Swakopmund"}]},{"@type":"WebSite","@id":"https:\/\/safari.evolutiontravel.it\/infovacanze\/#website","url":"https:\/\/safari.evolutiontravel.it\/infovacanze\/","name":"Safari","description":"","potentialAction":[{"@type":"SearchAction","target":{"@type":"EntryPoint","urlTemplate":"https:\/\/safari.evolutiontravel.it\/infovacanze\/?s={search_term_string}"},"query-input":"required name=search_term_string"}],"inLanguage":"it-IT"}]}},"_links":{"self":[{"href":"https:\/\/safari.evolutiontravel.it\/infovacanze\/wp-json\/wp\/v2\/pages\/53"}],"collection":[{"href":"https:\/\/safari.evolutiontravel.it\/infovacanze\/wp-json\/wp\/v2\/pages"}],"about":[{"href":"https:\/\/safari.evolutiontravel.it\/infovacanze\/wp-json\/wp\/v2\/types\/page"}],"author":[{"embeddable":true,"href":"https:\/\/safari.evolutiontravel.it\/infovacanze\/wp-json\/wp\/v2\/users\/1"}],"replies":[{"embeddable":true,"href":"https:\/\/safari.evolutiontravel.it\/infovacanze\/wp-json\/wp\/v2\/comments?post=53"}],"version-history":[{"count":13,"href":"https:\/\/safari.evolutiontravel.it\/infovacanze\/wp-json\/wp\/v2\/pages\/53\/revisions"}],"predecessor-version":[{"id":1161,"href":"https:\/\/safari.evolutiontravel.it\/infovacanze\/wp-json\/wp\/v2\/pages\/53\/revisions\/1161"}],"up":[{"embeddable":true,"href":"https:\/\/safari.evolutiontravel.it\/infovacanze\/wp-json\/wp\/v2\/pages\/8"}],"wp:attachment":[{"href":"https:\/\/safari.evolutiontravel.it\/infovacanze\/wp-json\/wp\/v2\/media?parent=53"}],"curies":[{"name":"wp","href":"https:\/\/api.w.org\/{rel}","templated":true}]}}