{"id":330,"date":"2013-08-05T18:41:43","date_gmt":"2013-08-05T16:41:43","guid":{"rendered":"http:\/\/safari.evolutiontravel.it\/infovacanze\/?page_id=330"},"modified":"2018-12-05T15:16:02","modified_gmt":"2018-12-05T14:16:02","slug":"voli","status":"publish","type":"page","link":"https:\/\/safari.evolutiontravel.it\/infovacanze\/voli\/","title":{"rendered":"Voli per la Namibia"},"content":{"rendered":"<p>Innanzitutto la <strong>durata del volo per la Namibi<\/strong>a dipende <strong>dallo scalo<\/strong> che farete perch\u00e8 non ci sono voli diretti dall&#8217;Italia; altrimenti in <strong>9 ore e mezzo di volo<\/strong> partendo per\u00f2 <strong>da Francoforte<\/strong> che \u00e8 l&#8217;unica citt\u00e0 dove l&#8217;Air Namibia effettua voli diretti verso la capitale. Altra alternativa \u00e8 <strong>arrivare a Johannesburg in Sudafrica<\/strong> e da qui dirigersi partire per Windhoek, la capitale della Namibia.<\/p>\n<p style=\"text-align: justify\">In Namibia ci sono <strong>41 aeroporti\u00a0<\/strong>e a questi si aggiungono novantaquattro piste non asfaltate e svariate piste di atterraggio: il consiglio per i viaggiatori \u00e8 quello di evitare tali piste non autorizzate.<\/p>\n<p style=\"text-align: justify\">I voli atterrano principalmente su due aeroporti:\u00a0<strong>l&#8217;International Airport di Keetmanshoop<\/strong>\u00a0e il\u00a0<strong>Windhoek International Airport<\/strong>. Vicino a Windhoek vi \u00e8 inoltre <strong>l&#8217;aeroporto di Eros<\/strong> che viene per\u00f2 utilizzato per i <strong>voli interni<\/strong>.<\/p>\n<p style=\"text-align: justify\"><strong>Le compagnie aeree<\/strong> a cui fare riferimento sono principalmente tre e\u00a0tutte hanno voli che vanno da Johannesburg o Citt\u00e0 del Capo a Windhoek:<\/p>\n<ul>\n<li style=\"text-align: justify\">la compagnia di bandiera namibiana,\u00a0<strong>l&#8217;Air Namibia<\/strong>;<\/li>\n<li style=\"text-align: justify\">la compagnia aerea Sudafricana, la\u00a0<strong>South African Airways;<\/strong><\/li>\n<li style=\"text-align: justify\">la <strong>British Airways<\/strong>:<\/li>\n<\/ul>\n<p style=\"text-align: justify\">Per usufruire delle offerte \u00e8 opportuno <strong>prenotare in largo anticipo<\/strong> tenendo conto che <strong>il periodo migliore<\/strong> per visitare la Namibia va <strong>da maggio\u00a0a\u00a0ottobre<\/strong>. La bassa stagione, che include maggio e giugno, offre biglietti aerei pi\u00f9 vantaggiosi.<\/p>\n<p style=\"text-align: justify\">Una volta atterrati potrete spostarvi liberamente in\u00a0<strong>auto o con voli interni<\/strong>. Tuttavia l&#8217;auto \u00e8 forse il mezzo migliore per visitare questo paese: le strade sono generalmente in buone condizioni anche se sterrate e i prezzi del noleggio infine sono piuttosto competitivi.<\/p>\n<p>Qui ti proponiamo alcune offerte che includono anche il volo, clicca su quella che preferisci oppure contattaci se vuoi ricevere informazioni dai nostri consulenti viaggio:<\/p>\n<p style=\"text-align: center\"><span style=\"color: #008000\"><strong>CLICCA SULLE ULTIME OFFERTE DELLA SETTIMANA<\/strong><\/span><\/p>\n<p style=\"text-align: center\"><strong>Scopri subito: programma, foto, itinerari, commenti e altro!<\/strong><\/p>\n<h2>NAMIBIA VOLO + TOUR<\/h2>\n<div class=\"feedzy-0289395938d727ba30009412c2643139 feedzy-rss\">\n\t\t<ul class=\"feedzy-style2\">\n\t\t\t\t\t<li  style=\"padding: 23px 0 38px\" class=\"rss_item feedzy-rss-col-3\" >\n\t\t\t\t\t\t\t\t\t<div class=\"rss_image\" style=\"width:225px; height:225px;\">\n\t\t\t\t\t\t<a href=\"https:\/\/safari.evolutiontravel.it\/it_IT\/911\/tab\/2055_namib-in-liberta.html\" target=\"_blank\" \n\t\t\t\t\t\t\trel=\"noopener \"\n\t\t\t\t\t\t\ttitle=\"Namib in libert\u00e0\"\n\t\t\t\t\t\t\tstyle=\"width:225px; height:225px;\">\n\t\t\t\t\t\t\t<span class=\"fetched\" style=\"background-image:  url('http:\/\/etcdn.net\/thumbnails\/2055\/it-windhoek-namib-in-liberta-55dbb.jpg');\" title=\"Namib in libert\u00e0\"><\/span><amp-img width=\"225\" height=\"225\" src=\"http:\/\/etcdn.net\/thumbnails\/2055\/it-windhoek-namib-in-liberta-55dbb.jpg\">\t\t\t\t\t\t<\/a>\n\t\t\t\t\t<\/div>\n\t\t\t\t\t\t\t\t<div class=\"rss_content_wrap\">\n\t\t\t\t\t<span class=\"title\">\n\t\t\t\t\t\t<a href=\"https:\/\/safari.evolutiontravel.it\/it_IT\/911\/tab\/2055_namib-in-liberta.html\" target=\"_blank\"  rel=\"noopener \">\n\t\t\t\t\t\t\tNamib in libert\u00e0\t\t\t\t\t\t<\/a>\n\t\t\t\t\t<\/span>\n\t\t\t\t\t<div class=\"rss_content\"\n\t\t\t\t\t\t\tstyle=\"\">\n\t\t\t\t\t\t\n\t\t\t\t\t\t\t\t\t\t\t\t<p class=\"description\">Viaggio on the road, self drive, per chi vuole scoprire un fantastico paese in completa autonomia visitandone i punti di maggiore [&hellip;]<\/p>\n\t\t\t\t\t\t\n\t\t\t\t\t\t\t\t\t\t\t\t\t\t\t\t\t\t\t<div class=\"price-wrap\">\n\t\t\t\t\t\t\t\t<a href=\"https:\/\/safari.evolutiontravel.it\/it_IT\/911\/tab\/2055_namib-in-liberta.html\" target=\"_blank\" rel=\"noopener\"><button class=\"price\"> 2380<\/button><\/a>\n\t\t\t\t\t\t\t<\/div>\n\t\t\t\t\t\t\t\t\t\t\t<\/div>\n\t\t\t\t<\/div>\n\t\t\t<\/li>\n\t\t\t\t\t\t<li  style=\"padding: 23px 0 38px\" class=\"rss_item feedzy-rss-col-3\" >\n\t\t\t\t\t\t\t\t\t<div class=\"rss_image\" style=\"width:225px; height:225px;\">\n\t\t\t\t\t\t<a href=\"https:\/\/safari.evolutiontravel.it\/it_IT\/911\/tab\/1365_namib-ed-etosha-fra-deserti-ed-animali.html\" target=\"_blank\" \n\t\t\t\t\t\t\trel=\"noopener \"\n\t\t\t\t\t\t\ttitle=\"Namib ed Etosha: fra deserti ed animali\"\n\t\t\t\t\t\t\tstyle=\"width:225px; height:225px;\">\n\t\t\t\t\t\t\t<span class=\"fetched\" style=\"background-image:  url('http:\/\/etcdn.net\/thumbnails\/1365\/it-windhoek-namib-ed-etosha-fra-deserti-ed-animali-55d4b.jpg');\" title=\"Namib ed Etosha: fra deserti ed animali\"><\/span><amp-img width=\"225\" height=\"225\" src=\"http:\/\/etcdn.net\/thumbnails\/1365\/it-windhoek-namib-ed-etosha-fra-deserti-ed-animali-55d4b.jpg\">\t\t\t\t\t\t<\/a>\n\t\t\t\t\t<\/div>\n\t\t\t\t\t\t\t\t<div class=\"rss_content_wrap\">\n\t\t\t\t\t<span class=\"title\">\n\t\t\t\t\t\t<a href=\"https:\/\/safari.evolutiontravel.it\/it_IT\/911\/tab\/1365_namib-ed-etosha-fra-deserti-ed-animali.html\" target=\"_blank\"  rel=\"noopener \">\n\t\t\t\t\t\t\tNamib ed Etosha: fra deserti ed animali\t\t\t\t\t\t<\/a>\n\t\t\t\t\t<\/span>\n\t\t\t\t\t<div class=\"rss_content\"\n\t\t\t\t\t\t\tstyle=\"\">\n\t\t\t\t\t\t\n\t\t\t\t\t\t\t\t\t\t\t\t<p class=\"description\">Viaggio on the road, fly &amp; drive, dedicato a chi vuole scoprire un meraviglioso paese, in completa autonomia visitandone [&hellip;]<\/p>\n\t\t\t\t\t\t\n\t\t\t\t\t\t\t\t\t\t\t\t\t\t\t\t\t\t\t<div class=\"price-wrap\">\n\t\t\t\t\t\t\t\t<a href=\"https:\/\/safari.evolutiontravel.it\/it_IT\/911\/tab\/1365_namib-ed-etosha-fra-deserti-ed-animali.html\" target=\"_blank\" rel=\"noopener\"><button class=\"price\"> 2750<\/button><\/a>\n\t\t\t\t\t\t\t<\/div>\n\t\t\t\t\t\t\t\t\t\t\t<\/div>\n\t\t\t\t<\/div>\n\t\t\t<\/li>\n\t\t\t\t\t\t<li  style=\"padding: 23px 0 38px\" class=\"rss_item feedzy-rss-col-3\" >\n\t\t\t\t\t\t\t\t\t<div class=\"rss_image\" style=\"width:225px; height:225px;\">\n\t\t\t\t\t\t<a href=\"https:\/\/safari.evolutiontravel.it\/it_IT\/911\/tab\/1253_il-meglio-del-namib-in-4x4.html\" target=\"_blank\" \n\t\t\t\t\t\t\trel=\"noopener \"\n\t\t\t\t\t\t\ttitle=\"Il meglio del namib in 4x4\"\n\t\t\t\t\t\t\tstyle=\"width:225px; height:225px;\">\n\t\t\t\t\t\t\t<span class=\"fetched\" style=\"background-image:  url('http:\/\/etcdn.net\/thumbnails\/1253\/it-windhoek-il-meglio-del-namib-in-4x4-55d8d.jpg');\" title=\"Il meglio del namib in 4x4\"><\/span><amp-img width=\"225\" height=\"225\" src=\"http:\/\/etcdn.net\/thumbnails\/1253\/it-windhoek-il-meglio-del-namib-in-4x4-55d8d.jpg\">\t\t\t\t\t\t<\/a>\n\t\t\t\t\t<\/div>\n\t\t\t\t\t\t\t\t<div class=\"rss_content_wrap\">\n\t\t\t\t\t<span class=\"title\">\n\t\t\t\t\t\t<a href=\"https:\/\/safari.evolutiontravel.it\/it_IT\/911\/tab\/1253_il-meglio-del-namib-in-4x4.html\" target=\"_blank\"  rel=\"noopener \">\n\t\t\t\t\t\t\tIl meglio del namib in 4x4\t\t\t\t\t\t<\/a>\n\t\t\t\t\t<\/span>\n\t\t\t\t\t<div class=\"rss_content\"\n\t\t\t\t\t\t\tstyle=\"\">\n\t\t\t\t\t\t\n\t\t\t\t\t\t\t\t\t\t\t\t<p class=\"description\">Viaggio on the road, self drive, per chi vuole scoprire un fantastico paese in completa autonomia visitando i punti principali e [&hellip;]<\/p>\n\t\t\t\t\t\t\n\t\t\t\t\t\t\t\t\t\t\t\t\t\t\t\t\t\t\t<div class=\"price-wrap\">\n\t\t\t\t\t\t\t\t<a href=\"https:\/\/safari.evolutiontravel.it\/it_IT\/911\/tab\/1253_il-meglio-del-namib-in-4x4.html\" target=\"_blank\" rel=\"noopener\"><button class=\"price\"> 3840<\/button><\/a>\n\t\t\t\t\t\t\t<\/div>\n\t\t\t\t\t\t\t\t\t\t\t<\/div>\n\t\t\t\t<\/div>\n\t\t\t<\/li>\n\t\t\t\t<\/ul>\n<\/div>\n<style type=\"text\/css\" media=\"all\">.feedzy-rss .rss_item .rss_image{float:left;position:relative;border:none;text-decoration:none;max-width:100%}.feedzy-rss .rss_item .rss_image span{display:inline-block;position:absolute;width:100%;height:100%;background-position:50%;background-size:cover}.feedzy-rss .rss_item .rss_image{margin:.3em 1em 0 0;content-visibility:auto}.feedzy-rss ul{list-style:none}.feedzy-rss ul li{display:inline-block}<\/style>\n<h2>NAMIBIA VOLO + SAFARI<\/h2>\n<div class=\"feedzy-e0639f756656114b05409edbb7d3d52f feedzy-rss\">\n\t\t<ul class=\"feedzy-style2\">\n\t\t\t\t\t<li  style=\"padding: 23px 0 38px\" class=\"rss_item feedzy-rss-col-3\" >\n\t\t\t\t\t\t\t\t\t<div class=\"rss_image\" style=\"width:225px; height:225px;\">\n\t\t\t\t\t\t<a href=\"https:\/\/safari.evolutiontravel.it\/it_IT\/911\/tab\/40338_etosha-e-deserto.html\" target=\"_blank\" \n\t\t\t\t\t\t\trel=\"noopener \"\n\t\t\t\t\t\t\ttitle=\"etosha e deserto\"\n\t\t\t\t\t\t\tstyle=\"width:225px; height:225px;\">\n\t\t\t\t\t\t\t<span class=\"fetched\" style=\"background-image:  url('http:\/\/etcdn.net\/thumbnails\/1296\/it-windhoek-speciale-parco-etosha-568ea.jpg');\" title=\"etosha e deserto\"><\/span><amp-img width=\"225\" height=\"225\" src=\"http:\/\/etcdn.net\/thumbnails\/1296\/it-windhoek-speciale-parco-etosha-568ea.jpg\">\t\t\t\t\t\t<\/a>\n\t\t\t\t\t<\/div>\n\t\t\t\t\t\t\t\t<div class=\"rss_content_wrap\">\n\t\t\t\t\t<span class=\"title\">\n\t\t\t\t\t\t<a href=\"https:\/\/safari.evolutiontravel.it\/it_IT\/911\/tab\/40338_etosha-e-deserto.html\" target=\"_blank\"  rel=\"noopener \">\n\t\t\t\t\t\t\tetosha e deserto\t\t\t\t\t\t<\/a>\n\t\t\t\t\t<\/span>\n\t\t\t\t\t<div class=\"rss_content\"\n\t\t\t\t\t\t\tstyle=\"\">\n\t\t\t\t\t\t\n\t\t\t\t\t\t\t\t\t\t\t\t<p class=\"description\">da giugno ad ottobre, viaggio di gruppo con guida inglese per max 7 persone per scoprire uno stupendo paese, partenze\u00a005 e 19 [&hellip;]<\/p>\n\t\t\t\t\t\t\n\t\t\t\t\t\t\t\t\t\t\t\t\t\t\t\t\t\t\t<div class=\"price-wrap\">\n\t\t\t\t\t\t\t\t<a href=\"https:\/\/safari.evolutiontravel.it\/it_IT\/911\/tab\/40338_etosha-e-deserto.html\" target=\"_blank\" rel=\"noopener\"><button class=\"price\"> 4340<\/button><\/a>\n\t\t\t\t\t\t\t<\/div>\n\t\t\t\t\t\t\t\t\t\t\t<\/div>\n\t\t\t\t<\/div>\n\t\t\t<\/li>\n\t\t\t\t\t\t<li  style=\"padding: 23px 0 38px\" class=\"rss_item feedzy-rss-col-3\" >\n\t\t\t\t\t\t\t\t\t<div class=\"rss_image\" style=\"width:225px; height:225px;\">\n\t\t\t\t\t\t<a href=\"https:\/\/safari.evolutiontravel.it\/it_IT\/911\/tab\/1295_speciale-deserto-del-namib.html\" target=\"_blank\" \n\t\t\t\t\t\t\trel=\"noopener \"\n\t\t\t\t\t\t\ttitle=\"Speciale deserto del Namib\"\n\t\t\t\t\t\t\tstyle=\"width:225px; height:225px;\">\n\t\t\t\t\t\t\t<span class=\"fetched\" style=\"background-image:  url('http:\/\/etcdn.net\/thumbnails\/1295\/it-windhoek-speciale-deserto-del-namib-55dde.jpg');\" title=\"Speciale deserto del Namib\"><\/span><amp-img width=\"225\" height=\"225\" src=\"http:\/\/etcdn.net\/thumbnails\/1295\/it-windhoek-speciale-deserto-del-namib-55dde.jpg\">\t\t\t\t\t\t<\/a>\n\t\t\t\t\t<\/div>\n\t\t\t\t\t\t\t\t<div class=\"rss_content_wrap\">\n\t\t\t\t\t<span class=\"title\">\n\t\t\t\t\t\t<a href=\"https:\/\/safari.evolutiontravel.it\/it_IT\/911\/tab\/1295_speciale-deserto-del-namib.html\" target=\"_blank\"  rel=\"noopener \">\n\t\t\t\t\t\t\tSpeciale deserto del Namib\t\t\t\t\t\t<\/a>\n\t\t\t\t\t<\/span>\n\t\t\t\t\t<div class=\"rss_content\"\n\t\t\t\t\t\t\tstyle=\"\">\n\t\t\t\t\t\t\n\t\t\t\t\t\t\t\t\t\t\t\t<p class=\"description\">maggio giugno Viaggio di gruppo con guida italiana per max 11 persone in cui avremo un panorama completo della Namibia [&hellip;]<\/p>\n\t\t\t\t\t\t\n\t\t\t\t\t\t\t\t\t\t\t\t\t\t\t\t\t\t\t<div class=\"price-wrap\">\n\t\t\t\t\t\t\t\t<a href=\"https:\/\/safari.evolutiontravel.it\/it_IT\/911\/tab\/1295_speciale-deserto-del-namib.html\" target=\"_blank\" rel=\"noopener\"><button class=\"price\"> 4960<\/button><\/a>\n\t\t\t\t\t\t\t<\/div>\n\t\t\t\t\t\t\t\t\t\t\t<\/div>\n\t\t\t\t<\/div>\n\t\t\t<\/li>\n\t\t\t\t\t\t<li  style=\"padding: 23px 0 38px\" class=\"rss_item feedzy-rss-col-3\" >\n\t\t\t\t\t\t\t\t\t<div class=\"rss_image\" style=\"width:225px; height:225px;\">\n\t\t\t\t\t\t<a href=\"https:\/\/safari.evolutiontravel.it\/it_IT\/911\/tab\/37815_kaokoland-lultima-avventura.html\" target=\"_blank\" \n\t\t\t\t\t\t\trel=\"noopener \"\n\t\t\t\t\t\t\ttitle=\"Kaokoland... l&#039;ultima avventura\"\n\t\t\t\t\t\t\tstyle=\"width:225px; height:225px;\">\n\t\t\t\t\t\t\t<span class=\"fetched\" style=\"background-image:  url('http:\/\/etcdn.net\/thumbnails\/37815\/it-windhoek-kaokoland-lultima-avventura-6f0e6.jpg');\" title=\"Kaokoland... l&#039;ultima avventura\"><\/span><amp-img width=\"225\" height=\"225\" src=\"http:\/\/etcdn.net\/thumbnails\/37815\/it-windhoek-kaokoland-lultima-avventura-6f0e6.jpg\">\t\t\t\t\t\t<\/a>\n\t\t\t\t\t<\/div>\n\t\t\t\t\t\t\t\t<div class=\"rss_content_wrap\">\n\t\t\t\t\t<span class=\"title\">\n\t\t\t\t\t\t<a href=\"https:\/\/safari.evolutiontravel.it\/it_IT\/911\/tab\/37815_kaokoland-lultima-avventura.html\" target=\"_blank\"  rel=\"noopener \">\n\t\t\t\t\t\t\tKaokoland... l'ultima avventura\t\t\t\t\t\t<\/a>\n\t\t\t\t\t<\/span>\n\t\t\t\t\t<div class=\"rss_content\"\n\t\t\t\t\t\t\tstyle=\"\">\n\t\t\t\t\t\t\n\t\t\t\t\t\t\t\t\t\t\t\t<p class=\"description\">Stupendo viaggio alla scoperta degli angoli pi\u00f9 segreti ed incontaminati della Namibia, in aree non toccate dal turismo ed [&hellip;]<\/p>\n\t\t\t\t\t\t\n\t\t\t\t\t\t\t\t\t\t\t\t\t\t\t\t\t\t\t<div class=\"price-wrap\">\n\t\t\t\t\t\t\t\t<a href=\"https:\/\/safari.evolutiontravel.it\/it_IT\/911\/tab\/37815_kaokoland-lultima-avventura.html\" target=\"_blank\" rel=\"noopener\"><button class=\"price\"> 4380<\/button><\/a>\n\t\t\t\t\t\t\t<\/div>\n\t\t\t\t\t\t\t\t\t\t\t<\/div>\n\t\t\t\t<\/div>\n\t\t\t<\/li>\n\t\t\t\t\t\t<li  style=\"padding: 23px 0 38px\" class=\"rss_item feedzy-rss-col-3\" >\n\t\t\t\t\t\t\t\t\t<div class=\"rss_image\" style=\"width:225px; height:225px;\">\n\t\t\t\t\t\t<a href=\"https:\/\/safari.evolutiontravel.it\/it_IT\/911\/tab\/38261_viaggiando-verso-sud-namibia-e-sudafrica-i-parchi-aridi.html\" target=\"_blank\" \n\t\t\t\t\t\t\trel=\"noopener \"\n\t\t\t\t\t\t\ttitle=\"Viaggiando verso sud... namibia e sudafrica, i parchi aridi\"\n\t\t\t\t\t\t\tstyle=\"width:225px; height:225px;\">\n\t\t\t\t\t\t\t<span class=\"fetched\" style=\"background-image:  url('http:\/\/etcdn.net\/thumbnails\/38261\/it-windhoek-viaggiando-verso-sud-namibia-e-sudafrica-i-parchi-aridi-72a72.jpg');\" title=\"Viaggiando verso sud... namibia e sudafrica, i parchi aridi\"><\/span><amp-img width=\"225\" height=\"225\" src=\"http:\/\/etcdn.net\/thumbnails\/38261\/it-windhoek-viaggiando-verso-sud-namibia-e-sudafrica-i-parchi-aridi-72a72.jpg\">\t\t\t\t\t\t<\/a>\n\t\t\t\t\t<\/div>\n\t\t\t\t\t\t\t\t<div class=\"rss_content_wrap\">\n\t\t\t\t\t<span class=\"title\">\n\t\t\t\t\t\t<a href=\"https:\/\/safari.evolutiontravel.it\/it_IT\/911\/tab\/38261_viaggiando-verso-sud-namibia-e-sudafrica-i-parchi-aridi.html\" target=\"_blank\"  rel=\"noopener \">\n\t\t\t\t\t\t\tViaggiando verso sud... namibia e sudafrica, i parchi aridi\t\t\t\t\t\t<\/a>\n\t\t\t\t\t<\/span>\n\t\t\t\t\t<div class=\"rss_content\"\n\t\t\t\t\t\t\tstyle=\"\">\n\t\t\t\t\t\t\n\t\t\t\t\t\t\t\t\t\t\t\t<p class=\"description\">Stupendo viaggio alla scoperta degli angoli pi\u00f9 segreti ed incontaminati del sud della Namibia e nord del Sudafrica, in aree non [&hellip;]<\/p>\n\t\t\t\t\t\t\n\t\t\t\t\t\t\t\t\t\t\t\t\t\t\t\t\t\t\t<div class=\"price-wrap\">\n\t\t\t\t\t\t\t\t<a href=\"https:\/\/safari.evolutiontravel.it\/it_IT\/911\/tab\/38261_viaggiando-verso-sud-namibia-e-sudafrica-i-parchi-aridi.html\" target=\"_blank\" rel=\"noopener\"><button class=\"price\"> 4450<\/button><\/a>\n\t\t\t\t\t\t\t<\/div>\n\t\t\t\t\t\t\t\t\t\t\t<\/div>\n\t\t\t\t<\/div>\n\t\t\t<\/li>\n\t\t\t\t\t\t<li  style=\"padding: 23px 0 38px\" class=\"rss_item feedzy-rss-col-3\" >\n\t\t\t\t\t\t\t\t\t<div class=\"rss_image\" style=\"width:225px; height:225px;\">\n\t\t\t\t\t\t<a href=\"https:\/\/safari.evolutiontravel.it\/it_IT\/911\/tab\/35550_namib-e-wild-etosha.html\" target=\"_blank\" \n\t\t\t\t\t\t\trel=\"noopener \"\n\t\t\t\t\t\t\ttitle=\"Namib e Wild Etosha\"\n\t\t\t\t\t\t\tstyle=\"width:225px; height:225px;\">\n\t\t\t\t\t\t\t<span class=\"fetched\" style=\"background-image:  url('http:\/\/etcdn.net\/thumbnails\/1296\/it-windhoek-speciale-parco-etosha-56008.jpg');\" title=\"Namib e Wild Etosha\"><\/span><amp-img width=\"225\" height=\"225\" src=\"http:\/\/etcdn.net\/thumbnails\/1296\/it-windhoek-speciale-parco-etosha-56008.jpg\">\t\t\t\t\t\t<\/a>\n\t\t\t\t\t<\/div>\n\t\t\t\t\t\t\t\t<div class=\"rss_content_wrap\">\n\t\t\t\t\t<span class=\"title\">\n\t\t\t\t\t\t<a href=\"https:\/\/safari.evolutiontravel.it\/it_IT\/911\/tab\/35550_namib-e-wild-etosha.html\" target=\"_blank\"  rel=\"noopener \">\n\t\t\t\t\t\t\tNamib e Wild Etosha\t\t\t\t\t\t<\/a>\n\t\t\t\t\t<\/span>\n\t\t\t\t\t<div class=\"rss_content\"\n\t\t\t\t\t\t\tstyle=\"\">\n\t\t\t\t\t\t\n\t\t\t\t\t\t\t\t\t\t\t\t<p class=\"description\">Viaggio di gruppo con guida italiana per max 10 persone accomunate dal desiderio di vivere una grande avventura in assoluta [&hellip;]<\/p>\n\t\t\t\t\t\t\n\t\t\t\t\t\t\t\t\t\t\t\t\t\t\t\t\t\t\t<div class=\"price-wrap\">\n\t\t\t\t\t\t\t\t<a href=\"https:\/\/safari.evolutiontravel.it\/it_IT\/911\/tab\/35550_namib-e-wild-etosha.html\" target=\"_blank\" rel=\"noopener\"><button class=\"price\"> 4240<\/button><\/a>\n\t\t\t\t\t\t\t<\/div>\n\t\t\t\t\t\t\t\t\t\t\t<\/div>\n\t\t\t\t<\/div>\n\t\t\t<\/li>\n\t\t\t\t\t\t<li  style=\"padding: 23px 0 38px\" class=\"rss_item feedzy-rss-col-3\" >\n\t\t\t\t\t\t\t\t\t<div class=\"rss_image\" style=\"width:225px; height:225px;\">\n\t\t\t\t\t\t<a href=\"https:\/\/safari.evolutiontravel.it\/it_IT\/911\/tab\/1296_speciale-parco-etosha.html\" target=\"_blank\" \n\t\t\t\t\t\t\trel=\"noopener \"\n\t\t\t\t\t\t\ttitle=\"Speciale parco Etosha\"\n\t\t\t\t\t\t\tstyle=\"width:225px; height:225px;\">\n\t\t\t\t\t\t\t<span class=\"fetched\" style=\"background-image:  url('http:\/\/etcdn.net\/thumbnails\/1296\/it-windhoek-speciale-parco-etosha-568ea.jpg');\" title=\"Speciale parco Etosha\"><\/span><amp-img width=\"225\" height=\"225\" src=\"http:\/\/etcdn.net\/thumbnails\/1296\/it-windhoek-speciale-parco-etosha-568ea.jpg\">\t\t\t\t\t\t<\/a>\n\t\t\t\t\t<\/div>\n\t\t\t\t\t\t\t\t<div class=\"rss_content_wrap\">\n\t\t\t\t\t<span class=\"title\">\n\t\t\t\t\t\t<a href=\"https:\/\/safari.evolutiontravel.it\/it_IT\/911\/tab\/1296_speciale-parco-etosha.html\" target=\"_blank\"  rel=\"noopener \">\n\t\t\t\t\t\t\tSpeciale parco Etosha\t\t\t\t\t\t<\/a>\n\t\t\t\t\t<\/span>\n\t\t\t\t\t<div class=\"rss_content\"\n\t\t\t\t\t\t\tstyle=\"\">\n\t\t\t\t\t\t\n\t\t\t\t\t\t\t\t\t\t\t\t<p class=\"description\">agosto, Viaggio di gruppo con guida italiana per max 12 persone accomunate dal desiderio di vivere una grande avventura in [&hellip;]<\/p>\n\t\t\t\t\t\t\n\t\t\t\t\t\t\t\t\t\t\t\t\t\t\t\t\t\t\t<div class=\"price-wrap\">\n\t\t\t\t\t\t\t\t<a href=\"https:\/\/safari.evolutiontravel.it\/it_IT\/911\/tab\/1296_speciale-parco-etosha.html\" target=\"_blank\" rel=\"noopener\"><button class=\"price\"> 4440<\/button><\/a>\n\t\t\t\t\t\t\t<\/div>\n\t\t\t\t\t\t\t\t\t\t\t<\/div>\n\t\t\t\t<\/div>\n\t\t\t<\/li>\n\t\t\t\t<\/ul>\n<\/div>\n<style type=\"text\/css\" media=\"all\">.feedzy-rss .rss_item .rss_image{float:left;position:relative;border:none;text-decoration:none;max-width:100%}.feedzy-rss .rss_item .rss_image span{display:inline-block;position:absolute;width:100%;height:100%;background-position:50%;background-size:cover}.feedzy-rss .rss_item .rss_image{margin:.3em 1em 0 0;content-visibility:auto}.feedzy-rss ul{list-style:none}.feedzy-rss ul li{display:inline-block}<\/style>\n<p>Per <strong>approfondire altri argomenti<\/strong> che abbiamo trattato in questo articolo ti invitiamo a cliccare su quello di tuo interesse qui di seguito:<\/p>\n<ul>\n<li><a href=\"https:\/\/safari.evolutiontravel.it\/infovacanze\/quando-andare\/\"><u>Quando anadare in Namibia<\/u><\/a><\/li>\n<li><a href=\"https:\/\/safari.evolutiontravel.it\/infovacanze\/informazioni\/come-spostarsi-in-namibia\/\"><u>Come spostarsi nel Paese<\/u><\/a><\/li>\n<li><a href=\"https:\/\/safari.evolutiontravel.it\/infovacanze\/informazioni\/documenti-per-namibia\/\"><u>Documenti necessari: passaporto, patente e visto<\/u><\/a><\/li>\n<\/ul>\n","protected":false},"excerpt":{"rendered":"<p>Innanzitutto la durata del volo per la Namibia dipende dallo scalo che farete perch\u00e8 non ci sono voli diretti dall&#8217;Italia; altrimenti in 9 ore e mezzo di volo partendo per\u00f2 da Francoforte che \u00e8 l&#8217;unica citt\u00e0 dove l&#8217;Air Namibia effettua voli diretti verso la capitale. Altra alternativa \u00e8 arrivare a Johannesburg in Sudafrica e da <a class=\"moretag\" href=\"https:\/\/safari.evolutiontravel.it\/infovacanze\/voli\/\">[&#8230;]<\/a><\/p>\n","protected":false},"author":1,"featured_media":0,"parent":0,"menu_order":0,"comment_status":"closed","ping_status":"open","template":"templates\/template-with-right-sidebar.php","meta":{"footnotes":""},"yoast_head":"<!-- This site is optimized with the Yoast SEO plugin v21.9.1 - https:\/\/yoast.com\/wordpress\/plugins\/seo\/ -->\n<title>Voli per la Namibia: da Francoforte 9 ore mezza per Windhoek<\/title>\n<meta name=\"description\" content=\"Stai pensando a un viaggio in Namibia e vuoi sapere come raggiungerla? Leggi il nostro articolo con tante altre informazioni utili!\" \/>\n<meta name=\"robots\" content=\"index, follow, max-snippet:-1, max-image-preview:large, max-video-preview:-1\" \/>\n<link rel=\"canonical\" href=\"https:\/\/safari.evolutiontravel.it\/infovacanze\/voli\/\" \/>\n<meta name=\"twitter:label1\" content=\"Tempo di lettura stimato\" \/>\n\t<meta name=\"twitter:data1\" content=\"2 minuti\" \/>\n<script type=\"application\/ld+json\" class=\"yoast-schema-graph\">{\"@context\":\"https:\/\/schema.org\",\"@graph\":[{\"@type\":\"WebPage\",\"@id\":\"https:\/\/safari.evolutiontravel.it\/infovacanze\/voli\/\",\"url\":\"https:\/\/safari.evolutiontravel.it\/infovacanze\/voli\/\",\"name\":\"Voli per la Namibia: da Francoforte 9 ore mezza per Windhoek\",\"isPartOf\":{\"@id\":\"https:\/\/safari.evolutiontravel.it\/infovacanze\/#website\"},\"datePublished\":\"2013-08-05T16:41:43+00:00\",\"dateModified\":\"2018-12-05T14:16:02+00:00\",\"description\":\"Stai pensando a un viaggio in Namibia e vuoi sapere come raggiungerla? Leggi il nostro articolo con tante altre informazioni utili!\",\"inLanguage\":\"it-IT\",\"potentialAction\":[{\"@type\":\"ReadAction\",\"target\":[\"https:\/\/safari.evolutiontravel.it\/infovacanze\/voli\/\"]}]},{\"@type\":\"WebSite\",\"@id\":\"https:\/\/safari.evolutiontravel.it\/infovacanze\/#website\",\"url\":\"https:\/\/safari.evolutiontravel.it\/infovacanze\/\",\"name\":\"Safari\",\"description\":\"\",\"potentialAction\":[{\"@type\":\"SearchAction\",\"target\":{\"@type\":\"EntryPoint\",\"urlTemplate\":\"https:\/\/safari.evolutiontravel.it\/infovacanze\/?s={search_term_string}\"},\"query-input\":\"required name=search_term_string\"}],\"inLanguage\":\"it-IT\"}]}<\/script>\n<!-- \/ Yoast SEO plugin. -->","yoast_head_json":{"title":"Voli per la Namibia: da Francoforte 9 ore mezza per Windhoek","description":"Stai pensando a un viaggio in Namibia e vuoi sapere come raggiungerla? Leggi il nostro articolo con tante altre informazioni utili!","robots":{"index":"index","follow":"follow","max-snippet":"max-snippet:-1","max-image-preview":"max-image-preview:large","max-video-preview":"max-video-preview:-1"},"canonical":"https:\/\/safari.evolutiontravel.it\/infovacanze\/voli\/","twitter_misc":{"Tempo di lettura stimato":"2 minuti"},"schema":{"@context":"https:\/\/schema.org","@graph":[{"@type":"WebPage","@id":"https:\/\/safari.evolutiontravel.it\/infovacanze\/voli\/","url":"https:\/\/safari.evolutiontravel.it\/infovacanze\/voli\/","name":"Voli per la Namibia: da Francoforte 9 ore mezza per Windhoek","isPartOf":{"@id":"https:\/\/safari.evolutiontravel.it\/infovacanze\/#website"},"datePublished":"2013-08-05T16:41:43+00:00","dateModified":"2018-12-05T14:16:02+00:00","description":"Stai pensando a un viaggio in Namibia e vuoi sapere come raggiungerla? Leggi il nostro articolo con tante altre informazioni utili!","inLanguage":"it-IT","potentialAction":[{"@type":"ReadAction","target":["https:\/\/safari.evolutiontravel.it\/infovacanze\/voli\/"]}]},{"@type":"WebSite","@id":"https:\/\/safari.evolutiontravel.it\/infovacanze\/#website","url":"https:\/\/safari.evolutiontravel.it\/infovacanze\/","name":"Safari","description":"","potentialAction":[{"@type":"SearchAction","target":{"@type":"EntryPoint","urlTemplate":"https:\/\/safari.evolutiontravel.it\/infovacanze\/?s={search_term_string}"},"query-input":"required name=search_term_string"}],"inLanguage":"it-IT"}]}},"_links":{"self":[{"href":"https:\/\/safari.evolutiontravel.it\/infovacanze\/wp-json\/wp\/v2\/pages\/330"}],"collection":[{"href":"https:\/\/safari.evolutiontravel.it\/infovacanze\/wp-json\/wp\/v2\/pages"}],"about":[{"href":"https:\/\/safari.evolutiontravel.it\/infovacanze\/wp-json\/wp\/v2\/types\/page"}],"author":[{"embeddable":true,"href":"https:\/\/safari.evolutiontravel.it\/infovacanze\/wp-json\/wp\/v2\/users\/1"}],"replies":[{"embeddable":true,"href":"https:\/\/safari.evolutiontravel.it\/infovacanze\/wp-json\/wp\/v2\/comments?post=330"}],"version-history":[{"count":10,"href":"https:\/\/safari.evolutiontravel.it\/infovacanze\/wp-json\/wp\/v2\/pages\/330\/revisions"}],"predecessor-version":[{"id":1105,"href":"https:\/\/safari.evolutiontravel.it\/infovacanze\/wp-json\/wp\/v2\/pages\/330\/revisions\/1105"}],"wp:attachment":[{"href":"https:\/\/safari.evolutiontravel.it\/infovacanze\/wp-json\/wp\/v2\/media?parent=330"}],"curies":[{"name":"wp","href":"https:\/\/api.w.org\/{rel}","templated":true}]}}