{"id":231,"date":"2013-08-05T17:31:20","date_gmt":"2013-08-05T15:31:20","guid":{"rendered":"http:\/\/safari.evolutiontravel.it\/infovacanze\/?page_id=231"},"modified":"2018-06-26T11:45:00","modified_gmt":"2018-06-26T09:45:00","slug":"in-namibia-ad-agosto","status":"publish","type":"page","link":"https:\/\/safari.evolutiontravel.it\/infovacanze\/viaggio-namibia\/in-namibia-ad-agosto\/","title":{"rendered":"In Namibia ad agosto"},"content":{"rendered":"<p><strong>Agosto<\/strong> \u00e8 tra i <strong>mesi pi\u00f9 indicati per una vacanza in Namibia<\/strong> per almeno 3 motivi:<\/p>\n<ol>\n<li>questo mese, tipicamente estivo per noi, corrisponde qui all&#8217;inverno australe, periodo durante il quale le <strong>temperature sono piacevoli<\/strong> e non si arriva mai al caldo torrido;<\/li>\n<li>\u00e8 ad agosto che si tiene il <em><strong>Herero Day<\/strong><\/em>, un evento suggestivo e il pi\u00f9 importante in Namibia: la popolazione locale si veste con abiti tradizionali per celebrare i loro caduti nelle guerre.<\/li>\n<li>in agosto, proprio nella<strong> capitale Windohek<\/strong>, si possono trovare <strong>moltissimi mercatini di artigianato locale<\/strong> e alcune opere di artisti locali, un&#8217;idea originale per acquistare souvenirs e il mercatino pi\u00f9 famoso in questo periodo \u00e8 Swakopmund.<\/li>\n<\/ol>\n<p>Questo periodo \u00e8 per\u00f2 anche il mese di <strong>alta stagione<\/strong> per cui \u00e8 consigliato <strong>prenotare con largo anticipo<\/strong> anche per approfittare di sconti e promozioni. Inoltre, per il vostro\u00a0viaggio in Namibia\u00a0\u00e8 necessario tener presente che in un territorio cos\u00ec vasto e ricco di attrattive \u00e8 <strong>consigliato pianificare anche tutte le tappe<\/strong> in relazione del tempo che si ha a disposizione.<\/p>\n<p>Le <strong>mille e pi\u00f9 attrazioni del paese<\/strong> sono note in tutto il mondo: deserti, mare, la forseta pietrificata, le montagne ed escursioni, parchi e safari, risorse naturali ma anche eccellenti strutture ricettive, moderne e funzionali.<\/p>\n<p>Se vuoi <strong>approfondire<\/strong> le cose da fare e da vedere in questa destinazione clicca sull&#8217;argomento di seguito di tuo interesse, oppure contattaci per ricevere subito le <strong>nostre migliori offerte<\/strong> per non perdere l&#8217;occasione!<\/p>\n<ul>\n<li><a title=\"destinazioni namibia\" href=\"https:\/\/safari.evolutiontravel.it\/infovacanze\/namibia\/geografia\/\"><u>Destinazioni della Namibia, da nord a sud<\/u><\/a><\/li>\n<li><a title=\"clima namibia\" href=\"https:\/\/safari.evolutiontravel.it\/infovacanze\/clima\/namibia-clima-dicembre\/\"><u>Clima in Namibia<\/u><\/a><\/li>\n<\/ul>\n<h3 style=\"text-align: center\"><span style=\"color: #008000\">NAMIBIA: OFFERTE DELLA SETTIMANA<\/span><\/h3>\n<p style=\"text-align: center\"><strong><span style=\"color: #008000\">CLICCA E SCOPRI TUTTO<\/span><\/strong>: programma, foto, commenti e recensioni, itinerari e altro ancora.<\/p>\n<p style=\"text-align: center\"><strong>Non perdere queste occasioni e parti per una vacanza da sogno!<\/strong><\/p>\n<div class=\"feedzy-a57879478e26ce8958ba9a615fa83444 feedzy-rss\"><ul>Feed has no items.<\/ul> <\/div>\n","protected":false},"excerpt":{"rendered":"<p>Agosto \u00e8 tra i mesi pi\u00f9 indicati per una vacanza in Namibia per almeno 3 motivi: questo mese, tipicamente estivo per noi, corrisponde qui all&#8217;inverno australe, periodo durante il quale le temperature sono piacevoli e non si arriva mai al caldo torrido; \u00e8 ad agosto che si tiene il Herero Day, un evento suggestivo e <a class=\"moretag\" href=\"https:\/\/safari.evolutiontravel.it\/infovacanze\/viaggio-namibia\/in-namibia-ad-agosto\/\">[&#8230;]<\/a><\/p>\n","protected":false},"author":1,"featured_media":0,"parent":219,"menu_order":0,"comment_status":"closed","ping_status":"open","template":"templates\/template-with-right-sidebar.php","meta":{"footnotes":""},"yoast_head":"<!-- This site is optimized with the Yoast SEO plugin v21.9.1 - https:\/\/yoast.com\/wordpress\/plugins\/seo\/ -->\n<title>Namibia agosto: temperature miti e occasioni per safari ed escursioni<\/title>\n<meta name=\"description\" content=\"Perch\u00e8 scegliere la Namibia in agosto? Scoprilo con noi! Tante informazioni utili per organizzare la tua vacanza e cogliere al volo le offerte!\" \/>\n<meta name=\"robots\" content=\"index, follow, max-snippet:-1, max-image-preview:large, max-video-preview:-1\" \/>\n<link rel=\"canonical\" href=\"https:\/\/safari.evolutiontravel.it\/infovacanze\/viaggio-namibia\/in-namibia-ad-agosto\/\" \/>\n<meta name=\"twitter:label1\" content=\"Tempo di lettura stimato\" \/>\n\t<meta name=\"twitter:data1\" content=\"2 minuti\" \/>\n<script type=\"application\/ld+json\" class=\"yoast-schema-graph\">{\"@context\":\"https:\/\/schema.org\",\"@graph\":[{\"@type\":\"WebPage\",\"@id\":\"https:\/\/safari.evolutiontravel.it\/infovacanze\/viaggio-namibia\/in-namibia-ad-agosto\/\",\"url\":\"https:\/\/safari.evolutiontravel.it\/infovacanze\/viaggio-namibia\/in-namibia-ad-agosto\/\",\"name\":\"Namibia agosto: temperature miti e occasioni per safari ed escursioni\",\"isPartOf\":{\"@id\":\"https:\/\/safari.evolutiontravel.it\/infovacanze\/#website\"},\"datePublished\":\"2013-08-05T15:31:20+00:00\",\"dateModified\":\"2018-06-26T09:45:00+00:00\",\"description\":\"Perch\u00e8 scegliere la Namibia in agosto? Scoprilo con noi! Tante informazioni utili per organizzare la tua vacanza e cogliere al volo le offerte!\",\"breadcrumb\":{\"@id\":\"https:\/\/safari.evolutiontravel.it\/infovacanze\/viaggio-namibia\/in-namibia-ad-agosto\/#breadcrumb\"},\"inLanguage\":\"it-IT\",\"potentialAction\":[{\"@type\":\"ReadAction\",\"target\":[\"https:\/\/safari.evolutiontravel.it\/infovacanze\/viaggio-namibia\/in-namibia-ad-agosto\/\"]}]},{\"@type\":\"BreadcrumbList\",\"@id\":\"https:\/\/safari.evolutiontravel.it\/infovacanze\/viaggio-namibia\/in-namibia-ad-agosto\/#breadcrumb\",\"itemListElement\":[{\"@type\":\"ListItem\",\"position\":1,\"name\":\"Viaggio in Namibia\",\"item\":\"https:\/\/safari.evolutiontravel.it\/infovacanze\/viaggio-namibia\/\"},{\"@type\":\"ListItem\",\"position\":2,\"name\":\"In Namibia ad agosto\"}]},{\"@type\":\"WebSite\",\"@id\":\"https:\/\/safari.evolutiontravel.it\/infovacanze\/#website\",\"url\":\"https:\/\/safari.evolutiontravel.it\/infovacanze\/\",\"name\":\"Safari\",\"description\":\"\",\"potentialAction\":[{\"@type\":\"SearchAction\",\"target\":{\"@type\":\"EntryPoint\",\"urlTemplate\":\"https:\/\/safari.evolutiontravel.it\/infovacanze\/?s={search_term_string}\"},\"query-input\":\"required name=search_term_string\"}],\"inLanguage\":\"it-IT\"}]}<\/script>\n<!-- \/ Yoast SEO plugin. -->","yoast_head_json":{"title":"Namibia agosto: temperature miti e occasioni per safari ed escursioni","description":"Perch\u00e8 scegliere la Namibia in agosto? Scoprilo con noi! Tante informazioni utili per organizzare la tua vacanza e cogliere al volo le offerte!","robots":{"index":"index","follow":"follow","max-snippet":"max-snippet:-1","max-image-preview":"max-image-preview:large","max-video-preview":"max-video-preview:-1"},"canonical":"https:\/\/safari.evolutiontravel.it\/infovacanze\/viaggio-namibia\/in-namibia-ad-agosto\/","twitter_misc":{"Tempo di lettura stimato":"2 minuti"},"schema":{"@context":"https:\/\/schema.org","@graph":[{"@type":"WebPage","@id":"https:\/\/safari.evolutiontravel.it\/infovacanze\/viaggio-namibia\/in-namibia-ad-agosto\/","url":"https:\/\/safari.evolutiontravel.it\/infovacanze\/viaggio-namibia\/in-namibia-ad-agosto\/","name":"Namibia agosto: temperature miti e occasioni per safari ed escursioni","isPartOf":{"@id":"https:\/\/safari.evolutiontravel.it\/infovacanze\/#website"},"datePublished":"2013-08-05T15:31:20+00:00","dateModified":"2018-06-26T09:45:00+00:00","description":"Perch\u00e8 scegliere la Namibia in agosto? Scoprilo con noi! Tante informazioni utili per organizzare la tua vacanza e cogliere al volo le offerte!","breadcrumb":{"@id":"https:\/\/safari.evolutiontravel.it\/infovacanze\/viaggio-namibia\/in-namibia-ad-agosto\/#breadcrumb"},"inLanguage":"it-IT","potentialAction":[{"@type":"ReadAction","target":["https:\/\/safari.evolutiontravel.it\/infovacanze\/viaggio-namibia\/in-namibia-ad-agosto\/"]}]},{"@type":"BreadcrumbList","@id":"https:\/\/safari.evolutiontravel.it\/infovacanze\/viaggio-namibia\/in-namibia-ad-agosto\/#breadcrumb","itemListElement":[{"@type":"ListItem","position":1,"name":"Viaggio in Namibia","item":"https:\/\/safari.evolutiontravel.it\/infovacanze\/viaggio-namibia\/"},{"@type":"ListItem","position":2,"name":"In Namibia ad agosto"}]},{"@type":"WebSite","@id":"https:\/\/safari.evolutiontravel.it\/infovacanze\/#website","url":"https:\/\/safari.evolutiontravel.it\/infovacanze\/","name":"Safari","description":"","potentialAction":[{"@type":"SearchAction","target":{"@type":"EntryPoint","urlTemplate":"https:\/\/safari.evolutiontravel.it\/infovacanze\/?s={search_term_string}"},"query-input":"required name=search_term_string"}],"inLanguage":"it-IT"}]}},"_links":{"self":[{"href":"https:\/\/safari.evolutiontravel.it\/infovacanze\/wp-json\/wp\/v2\/pages\/231"}],"collection":[{"href":"https:\/\/safari.evolutiontravel.it\/infovacanze\/wp-json\/wp\/v2\/pages"}],"about":[{"href":"https:\/\/safari.evolutiontravel.it\/infovacanze\/wp-json\/wp\/v2\/types\/page"}],"author":[{"embeddable":true,"href":"https:\/\/safari.evolutiontravel.it\/infovacanze\/wp-json\/wp\/v2\/users\/1"}],"replies":[{"embeddable":true,"href":"https:\/\/safari.evolutiontravel.it\/infovacanze\/wp-json\/wp\/v2\/comments?post=231"}],"version-history":[{"count":8,"href":"https:\/\/safari.evolutiontravel.it\/infovacanze\/wp-json\/wp\/v2\/pages\/231\/revisions"}],"predecessor-version":[{"id":961,"href":"https:\/\/safari.evolutiontravel.it\/infovacanze\/wp-json\/wp\/v2\/pages\/231\/revisions\/961"}],"up":[{"embeddable":true,"href":"https:\/\/safari.evolutiontravel.it\/infovacanze\/wp-json\/wp\/v2\/pages\/219"}],"wp:attachment":[{"href":"https:\/\/safari.evolutiontravel.it\/infovacanze\/wp-json\/wp\/v2\/media?parent=231"}],"curies":[{"name":"wp","href":"https:\/\/api.w.org\/{rel}","templated":true}]}}