{"id":225,"date":"2013-08-05T17:27:47","date_gmt":"2013-08-05T15:27:47","guid":{"rendered":"http:\/\/safari.evolutiontravel.it\/infovacanze\/?page_id=225"},"modified":"2018-12-06T16:11:55","modified_gmt":"2018-12-06T15:11:55","slug":"etosha-park","status":"publish","type":"page","link":"https:\/\/safari.evolutiontravel.it\/infovacanze\/viaggio-namibia\/etosha-park\/","title":{"rendered":"Parco nazionale d&#8217;Etosha"},"content":{"rendered":"<p>Il <strong>Parco nazionale d&#8217;Etosha<\/strong> (<em>Etosha National Park<\/em>) si trova a circa <strong>500 km dalla capitale della Namibia, Windhoek<\/strong> ed \u00e8 facilmente raggiungibile sia con auto che con voli interni.<\/p>\n<p>E&#8217; tra le riserve nazionali pi\u00f9 interessanti di tutta l\u2019Africa del Sud perch\u00e8 sono davveo <strong>tanti gli animali<\/strong>, alcuni in estinzione, che \u00e8 possibile avvistare <a title=\"safari namibia\" href=\"https:\/\/safari.evolutiontravel.it\/infovacanze\/safari-namibia\/\">durante un safari<\/a> in questo \u201c<em>grande luogo bianco<\/em>\u201c: <strong>il nome &#8220;<em>Etosha<\/em>&#8220;<\/strong> infatti si riferisce al <strong>bianco del deserto salino<\/strong> che lo caratterizza per buona parte. Al centro del parco c\u2019\u00e8 l\u2019<strong>Etosha Pan<\/strong>: cinquemila metri quadrati di depressione salina che un tempo fu probabilmente un lago.<\/p>\n<p>Se durante la stagione secca questa parte del parco \u00e8 desertica, donando al panorama un aspetto suggestivo, nella stagione delle piogge viene alluvionata grazie all\u2019acqua dei fiumi Oshana e Omiramba. Qui la vegetazione \u00e8 praticamente assente a parte alcune piante che riescono a crescere in zone ad alto tasso di salinit\u00e0. Nel resto del parco la specie arborea pi\u00f9 comune \u00e8 <strong>l\u2019albero del mopane<\/strong> oltre ad alcune variet\u00e0 di acaciae.<\/p>\n<p><strong>Numerosi anche i punti di osservazione<\/strong> all&#8217;interno del Parco d&#8217;Etosha e ogni campo dispone di pozze d\u2019acqua munite di illuminazione che vi permettono, in tutta sicurezza, di osservare gli animali durante le ore notturne che si avvicinano per abbeverarsi.<\/p>\n<p>Le porte del parco si aprono e si chiudono secondo gli orari di alba e tramonto di ogni mese.<\/p>\n<p><strong>Per informazioni:<\/strong><\/p>\n<ul>\n<li><a href=\"http:\/\/etoshanationalpark.co.za\/\" target=\"_blank\" rel=\"noopener\">sito web ufficiale del parco d&#8217;Etosha<\/a><\/li>\n<li><strong>Apertura<\/strong>: dall&#8217;alba e tramonto di ogni mese, ovviamente in estate avrete pi\u00f9 tempo.<\/li>\n<li><strong>Accessi al parco<\/strong>:\n<ul>\n<li>Anderson&#8217;s Gate, il campo pi\u00f9 vicino \u00e8 Okaukuejo.<\/li>\n<li>Von Lindequist Gate, in questo caso \u00e8 Tsumeb la citt\u00e0 pi\u00f9 vicina al parco.<\/li>\n<li>Namutoni Camp<\/li>\n<li>Galton Gate all&#8217;estremit\u00e0 occidentale del parco.<\/li>\n<li>King Nehale Lya Mpingana Gate a 48 km dalla strada principale per Ondangwa.\n<p><img loading=\"lazy\" decoding=\"async\" class=\"alignright wp-image-454\" src=\"https:\/\/safari.evolutiontravel.it\/infovacanze\/wp-content\/uploads\/sites\/10\/2013\/11\/etosha.jpg\" alt=\"Namibia Etosha \" width=\"500\" height=\"333\" srcset=\"https:\/\/safari.evolutiontravel.it\/infovacanze\/wp-content\/uploads\/sites\/10\/2013\/11\/etosha.jpg 600w, https:\/\/safari.evolutiontravel.it\/infovacanze\/wp-content\/uploads\/sites\/10\/2013\/11\/etosha-300x200.jpg 300w, https:\/\/safari.evolutiontravel.it\/infovacanze\/wp-content\/uploads\/sites\/10\/2013\/11\/etosha-450x300.jpg 450w\" sizes=\"(max-width: 500px) 100vw, 500px\" \/><\/li>\n<\/ul>\n<\/li>\n<\/ul>\n<h2>Gli animali del Parco<\/h2>\n<p>Nell\u2019Etosha National Park potrete incontrare <strong>giraffe<\/strong>, <strong>elefanti<\/strong>, <strong>springbok<\/strong>, <strong>leopardi<\/strong>, <strong>ghepardi<\/strong>, <strong>zebre di Burchell<\/strong>, <strong>orici<\/strong> e tanti altri ancora.<\/p>\n<p>Pi\u00f9 in dettaglio il territorio ospita in tutto<strong> 114 specie di mammiferi<\/strong>, 116 di <strong>rettili<\/strong>, 340 di <strong>uccelli<\/strong>, 16 di <strong>anfibi<\/strong> e anche una specie di pesci: una variet\u00e0 infinita che da sola vale un viaggio in questo paese africano.<\/p>\n<p>Inoltre potrete avvistare anche il raro <strong>impala dal muso nero<\/strong>, ormai in via d\u2019estinzione.<\/p>\n<p>Quando le precipitazioni aumentano la pianura accoglie <strong>fenicotteri, pellicani e aironi<\/strong> ma generalmente potreste incrociare uccelli come gli <strong>struzzi, l\u2019avvoltoio testabianca<\/strong>, alcune variet\u00e0 di <strong>aquile e gufi<\/strong>.<\/p>\n<h3>Offerte viaggio Safari nel Parco Etosha<\/h3>\n<p>Se vuoi vedere in un solo click tutte le <strong>ultime offerte della settimana<\/strong> dedicate proprio a chi vuole fare un safari in questo parco della Namibia clicca su quelle che trovi qui di seguito in elenco e vedi tutti i dettagli.<\/p>\n<ul>\n<li><strong><em><a href=\"https:\/\/safari.evolutiontravel.it\/it_IT\/911\/tab\/1296_speciale-parco-etosha.html\"><u>Speciale Parco Etosha<\/u><\/a><\/em><\/strong>\n<ul>\n<li>Viaggi fotografici, tour di gruppo<\/li>\n<li>16 giorni\/13 notti<\/li>\n<li>\u20ac2740<\/li>\n<\/ul>\n<\/li>\n<li><a href=\"https:\/\/safari.evolutiontravel.it\/it_IT\/911\/tab\/1365_namib-ed-etosha-fra-deserti-ed-animali.html\"><em><strong><u>Namib ed Etosha: fra deserti ed animali<\/u><\/strong><\/em><\/a>\n<ul>\n<li>Viaggi Fotografici , Volo + Tour<\/li>\n<li>13 giorni\/11 notti<\/li>\n<li>da \u20ac2050<\/li>\n<\/ul>\n<\/li>\n<li><a href=\"https:\/\/safari.evolutiontravel.it\/it_IT\/911\/tab\/35550_namib-e-wild-etosha.html\"><em><strong><u>Namib e Wild Etosha<\/u><\/strong><\/em><\/a>\n<ul>\n<li>Tour di gruppo , Viaggi Fotografici<\/li>\n<li>14 giorni\/11 notti<\/li>\n<li>da \u20ac2720<\/li>\n<\/ul>\n<\/li>\n<li><a href=\"https:\/\/safari.evolutiontravel.it\/it_IT\/911\/tab\/1265_panorama-tra-namib-ed-etosha.html\"><em><strong><u>Panorama, tra namib ed etosha<\/u><\/strong><\/em><\/a>\n<ul>\n<li>Viaggi Fotografici , Tour di gruppo<\/li>\n<li>16 giorni \/ 13 notti<\/li>\n<li>da \u20ac2840<\/li>\n<\/ul>\n<\/li>\n<\/ul>\n<p>&nbsp;<\/p>\n<h3 style=\"text-align: center\">Speciale &#8220;<strong><span style=\"color: #008000\">SAFARI IN AFRICA<\/span><\/strong>&#8221; con Evolution Travel<\/h3>\n<p style=\"text-align: center\"><span style=\"color: #008000\"><strong>SCOPRI IN UN CLICK<\/strong><\/span> tutte le offerte della settimana per fare <strong>un safari in Africa<\/strong><\/p>\n<p style=\"text-align: center\"><strong><span style=\"color: #008000\">CLICCA E SCOPRI SUBITO<\/span><\/strong>: <strong>programma<\/strong>,<strong> foto<\/strong>, <strong>recensioni<\/strong>, <strong>itinerari<\/strong> e altro ancora!<\/p>\n<div class=\"feedzy-bd657e1b41d9893dfd8455cf82cb2d80 feedzy-rss\"><ul>Feed has no items.<\/ul> <\/div>\n","protected":false},"excerpt":{"rendered":"<p>Il Parco nazionale d&#8217;Etosha (Etosha National Park) si trova a circa 500 km dalla capitale della Namibia, Windhoek ed \u00e8 facilmente raggiungibile sia con auto che con voli interni. E&#8217; tra le riserve nazionali pi\u00f9 interessanti di tutta l\u2019Africa del Sud perch\u00e8 sono davveo tanti gli animali, alcuni in estinzione, che \u00e8 possibile avvistare durante <a class=\"moretag\" href=\"https:\/\/safari.evolutiontravel.it\/infovacanze\/viaggio-namibia\/etosha-park\/\">[&#8230;]<\/a><\/p>\n","protected":false},"author":1,"featured_media":0,"parent":219,"menu_order":0,"comment_status":"closed","ping_status":"open","template":"templates\/template-with-right-sidebar.php","meta":{"footnotes":""},"yoast_head":"<!-- This site is optimized with the Yoast SEO plugin v21.9.1 - https:\/\/yoast.com\/wordpress\/plugins\/seo\/ -->\n<title>Parco nazionale d&#039;Etosha, informazioni utili sul parco - Namibia<\/title>\n<meta name=\"description\" content=\"Il parco nazionale d&#039;Etosha \u00e8 una tappa obbligatoria del tuo viaggio in Namibia: scoprilo con noi e parti subito grazie alle nostre offerte speciali!\" \/>\n<meta name=\"robots\" content=\"index, follow, max-snippet:-1, max-image-preview:large, max-video-preview:-1\" \/>\n<link rel=\"canonical\" href=\"https:\/\/safari.evolutiontravel.it\/infovacanze\/viaggio-namibia\/etosha-park\/\" \/>\n<meta name=\"twitter:label1\" content=\"Tempo di lettura stimato\" \/>\n\t<meta name=\"twitter:data1\" content=\"3 minuti\" \/>\n<script type=\"application\/ld+json\" class=\"yoast-schema-graph\">{\"@context\":\"https:\/\/schema.org\",\"@graph\":[{\"@type\":\"WebPage\",\"@id\":\"https:\/\/safari.evolutiontravel.it\/infovacanze\/viaggio-namibia\/etosha-park\/\",\"url\":\"https:\/\/safari.evolutiontravel.it\/infovacanze\/viaggio-namibia\/etosha-park\/\",\"name\":\"Parco nazionale d'Etosha, informazioni utili sul parco - Namibia\",\"isPartOf\":{\"@id\":\"https:\/\/safari.evolutiontravel.it\/infovacanze\/#website\"},\"datePublished\":\"2013-08-05T15:27:47+00:00\",\"dateModified\":\"2018-12-06T15:11:55+00:00\",\"description\":\"Il parco nazionale d'Etosha \u00e8 una tappa obbligatoria del tuo viaggio in Namibia: scoprilo con noi e parti subito grazie alle nostre offerte speciali!\",\"breadcrumb\":{\"@id\":\"https:\/\/safari.evolutiontravel.it\/infovacanze\/viaggio-namibia\/etosha-park\/#breadcrumb\"},\"inLanguage\":\"it-IT\",\"potentialAction\":[{\"@type\":\"ReadAction\",\"target\":[\"https:\/\/safari.evolutiontravel.it\/infovacanze\/viaggio-namibia\/etosha-park\/\"]}]},{\"@type\":\"BreadcrumbList\",\"@id\":\"https:\/\/safari.evolutiontravel.it\/infovacanze\/viaggio-namibia\/etosha-park\/#breadcrumb\",\"itemListElement\":[{\"@type\":\"ListItem\",\"position\":1,\"name\":\"Viaggio in Namibia\",\"item\":\"https:\/\/safari.evolutiontravel.it\/infovacanze\/viaggio-namibia\/\"},{\"@type\":\"ListItem\",\"position\":2,\"name\":\"Parco nazionale d&#8217;Etosha\"}]},{\"@type\":\"WebSite\",\"@id\":\"https:\/\/safari.evolutiontravel.it\/infovacanze\/#website\",\"url\":\"https:\/\/safari.evolutiontravel.it\/infovacanze\/\",\"name\":\"Safari\",\"description\":\"\",\"potentialAction\":[{\"@type\":\"SearchAction\",\"target\":{\"@type\":\"EntryPoint\",\"urlTemplate\":\"https:\/\/safari.evolutiontravel.it\/infovacanze\/?s={search_term_string}\"},\"query-input\":\"required name=search_term_string\"}],\"inLanguage\":\"it-IT\"}]}<\/script>\n<!-- \/ Yoast SEO plugin. -->","yoast_head_json":{"title":"Parco nazionale d'Etosha, informazioni utili sul parco - Namibia","description":"Il parco nazionale d'Etosha \u00e8 una tappa obbligatoria del tuo viaggio in Namibia: scoprilo con noi e parti subito grazie alle nostre offerte speciali!","robots":{"index":"index","follow":"follow","max-snippet":"max-snippet:-1","max-image-preview":"max-image-preview:large","max-video-preview":"max-video-preview:-1"},"canonical":"https:\/\/safari.evolutiontravel.it\/infovacanze\/viaggio-namibia\/etosha-park\/","twitter_misc":{"Tempo di lettura stimato":"3 minuti"},"schema":{"@context":"https:\/\/schema.org","@graph":[{"@type":"WebPage","@id":"https:\/\/safari.evolutiontravel.it\/infovacanze\/viaggio-namibia\/etosha-park\/","url":"https:\/\/safari.evolutiontravel.it\/infovacanze\/viaggio-namibia\/etosha-park\/","name":"Parco nazionale d'Etosha, informazioni utili sul parco - Namibia","isPartOf":{"@id":"https:\/\/safari.evolutiontravel.it\/infovacanze\/#website"},"datePublished":"2013-08-05T15:27:47+00:00","dateModified":"2018-12-06T15:11:55+00:00","description":"Il parco nazionale d'Etosha \u00e8 una tappa obbligatoria del tuo viaggio in Namibia: scoprilo con noi e parti subito grazie alle nostre offerte speciali!","breadcrumb":{"@id":"https:\/\/safari.evolutiontravel.it\/infovacanze\/viaggio-namibia\/etosha-park\/#breadcrumb"},"inLanguage":"it-IT","potentialAction":[{"@type":"ReadAction","target":["https:\/\/safari.evolutiontravel.it\/infovacanze\/viaggio-namibia\/etosha-park\/"]}]},{"@type":"BreadcrumbList","@id":"https:\/\/safari.evolutiontravel.it\/infovacanze\/viaggio-namibia\/etosha-park\/#breadcrumb","itemListElement":[{"@type":"ListItem","position":1,"name":"Viaggio in Namibia","item":"https:\/\/safari.evolutiontravel.it\/infovacanze\/viaggio-namibia\/"},{"@type":"ListItem","position":2,"name":"Parco nazionale d&#8217;Etosha"}]},{"@type":"WebSite","@id":"https:\/\/safari.evolutiontravel.it\/infovacanze\/#website","url":"https:\/\/safari.evolutiontravel.it\/infovacanze\/","name":"Safari","description":"","potentialAction":[{"@type":"SearchAction","target":{"@type":"EntryPoint","urlTemplate":"https:\/\/safari.evolutiontravel.it\/infovacanze\/?s={search_term_string}"},"query-input":"required name=search_term_string"}],"inLanguage":"it-IT"}]}},"_links":{"self":[{"href":"https:\/\/safari.evolutiontravel.it\/infovacanze\/wp-json\/wp\/v2\/pages\/225"}],"collection":[{"href":"https:\/\/safari.evolutiontravel.it\/infovacanze\/wp-json\/wp\/v2\/pages"}],"about":[{"href":"https:\/\/safari.evolutiontravel.it\/infovacanze\/wp-json\/wp\/v2\/types\/page"}],"author":[{"embeddable":true,"href":"https:\/\/safari.evolutiontravel.it\/infovacanze\/wp-json\/wp\/v2\/users\/1"}],"replies":[{"embeddable":true,"href":"https:\/\/safari.evolutiontravel.it\/infovacanze\/wp-json\/wp\/v2\/comments?post=225"}],"version-history":[{"count":14,"href":"https:\/\/safari.evolutiontravel.it\/infovacanze\/wp-json\/wp\/v2\/pages\/225\/revisions"}],"predecessor-version":[{"id":1115,"href":"https:\/\/safari.evolutiontravel.it\/infovacanze\/wp-json\/wp\/v2\/pages\/225\/revisions\/1115"}],"up":[{"embeddable":true,"href":"https:\/\/safari.evolutiontravel.it\/infovacanze\/wp-json\/wp\/v2\/pages\/219"}],"wp:attachment":[{"href":"https:\/\/safari.evolutiontravel.it\/infovacanze\/wp-json\/wp\/v2\/media?parent=225"}],"curies":[{"name":"wp","href":"https:\/\/api.w.org\/{rel}","templated":true}]}}