{"id":1117,"date":"2018-12-07T09:55:27","date_gmt":"2018-12-07T08:55:27","guid":{"rendered":"http:\/\/safari.evolutiontravel.it\/infovacanze\/?page_id=1117"},"modified":"2018-12-07T10:04:41","modified_gmt":"2018-12-07T09:04:41","slug":"windhoek-capitale","status":"publish","type":"page","link":"https:\/\/safari.evolutiontravel.it\/infovacanze\/namibia\/windhoek-capitale\/","title":{"rendered":"Windhoek"},"content":{"rendered":"<p><strong>Windhoek<\/strong> \u00e8 la <strong>capitale della Namibia<\/strong> anche se coem citt\u00e0 sembra avere poco a che fare con il continente africano, infatti ricorda <strong>una tipica cittadina tedesca<\/strong> perch\u00e8 in effetti \u00e8 qui che ci fu la colonizzazione tedesca, fin dalla Prima Guerra Mondiale.<\/p>\n<p>Potete girare a piedi Windhoek perch\u00e8 non \u00e8 molto grande e le strade sono ben curate; una volta qui non perdete <strong>queste attrazioni<\/strong>:<\/p>\n<ul>\n<li style=\"list-style-type: none\">\n<ul>\n<li><strong>la chiesa Christuskirche<\/strong> del 1907: vicino all\u2019altare un importante dipinto del <strong>pittore Rubens<\/strong>, la Resurrezione di Lazzaro.<\/li>\n<li><strong>L\u2019Alte Feste<\/strong>, un <strong>antico fortino germanico<\/strong> costruito nel 1890.<\/li>\n<li>Il <strong>Reiterdenkmal<\/strong>, un monumento eretto in onore della Schutztruppe, l\u2019esercito coloniale tedesco contro il quale inizi\u00f2 la guerra Herrero.<\/li>\n<li>Il <strong>Giardino botanico<\/strong> (<a href=\"http:\/\/www.nbri.org.na\/sections\/botanic-garden\" target=\"_blank\" rel=\"noopener\"><em>The national botanical garden<\/em><\/a> in 8 Orban Street)<\/li>\n<li><strong>Namibia Craft Centre<\/strong><\/li>\n<\/ul>\n<\/li>\n<\/ul>\n<p>Sono <strong>tutte cose da vedere che stanno vicine tra di loro<\/strong>, come potete vedere <strong>dalla mappa Googl<\/strong>e, in pratica in una giornata riuscirete a vederle tutte, a girare per il centro e anche a fare shopping.<\/p>\n<p><img loading=\"lazy\" decoding=\"async\" class=\"aligncenter wp-image-1056 size-full\" src=\"https:\/\/safari.evolutiontravel.it\/infovacanze\/wp-content\/uploads\/sites\/10\/2018\/11\/Windhoek-da-vedere.png\" alt=\"cosa vedere a Windhoek\" width=\"500\" height=\"313\" srcset=\"https:\/\/safari.evolutiontravel.it\/infovacanze\/wp-content\/uploads\/sites\/10\/2018\/11\/Windhoek-da-vedere.png 500w, https:\/\/safari.evolutiontravel.it\/infovacanze\/wp-content\/uploads\/sites\/10\/2018\/11\/Windhoek-da-vedere-300x188.png 300w\" sizes=\"(max-width: 500px) 100vw, 500px\" \/><\/p>\n<p>Si differenzia dalle altre citt\u00e0 della Nambia anche <strong>per quanto riguarda il clima<\/strong> che qui \u00e8 semidesertico e fa sentire i cambi di stagione. Le temperature non scendono mai sotto lo zero quindi sar\u00e0 piuttosto difficile vedere la citt\u00e0 coperta dalla neve.<\/p>\n<p>Nei mesi invernali di giugno, luglio e agosto le temperature minime variano tra i 0 \u00b0C e i 15 \u00b0C. Grazie poi proprio al suo clima, qui c&#8217;\u00e8 una <strong>fitta e lussureggiante vegetazione,<\/strong> altra caratteristica tipica che contraddistingue la citt\u00e0 rispetto a molte altri luoghi della Namibia.<\/p>\n<h2>Offerte viaggi per la Namibia<\/h2>\n<p>Per vedere tutte le nostre migliori offerte per questa destinazione <strong>scegli il modo che preferisci<\/strong>.<br \/>\n<strong>Contattaci attraverso il form<\/strong> oppure clicca sulle nostre<strong> ultime proposte di viaggio<\/strong>: <strong><span style=\"color: #008000\">CLICCA E SCOPRI TUTTI I DETTAGLI DEI VIAGGI!<\/span><\/strong><\/p>\n<div class=\"feedzy-fe7f52efa4a11c4baa1ace8ea2cbca42 feedzy-rss\"><ul>Feed has no items.<\/ul> <\/div>\n","protected":false},"excerpt":{"rendered":"<p>Windhoek \u00e8 la capitale della Namibia anche se coem citt\u00e0 sembra avere poco a che fare con il continente africano, infatti ricorda una tipica cittadina tedesca perch\u00e8 in effetti \u00e8 qui che ci fu la colonizzazione tedesca, fin dalla Prima Guerra Mondiale. Potete girare a piedi Windhoek perch\u00e8 non \u00e8 molto grande e le strade <a class=\"moretag\" href=\"https:\/\/safari.evolutiontravel.it\/infovacanze\/namibia\/windhoek-capitale\/\">[&#8230;]<\/a><\/p>\n","protected":false},"author":6,"featured_media":0,"parent":8,"menu_order":0,"comment_status":"closed","ping_status":"closed","template":"templates\/template-with-right-sidebar.php","meta":{"footnotes":""},"yoast_head":"<!-- This site is optimized with the Yoast SEO plugin v21.9.1 - https:\/\/yoast.com\/wordpress\/plugins\/seo\/ -->\n<title>Windhoek, capitale Namibia: cosa vedere in citt\u00e0 - Evolution Travel<\/title>\n<meta name=\"description\" content=\"Scopri con noi Windhoek la capitale della Namibia: viaggi e vacanze per scoprire questo paese ricco di tradizioni, natura e citt\u00e0 affascinanti!\" \/>\n<meta name=\"robots\" content=\"index, follow, max-snippet:-1, max-image-preview:large, max-video-preview:-1\" \/>\n<link rel=\"canonical\" href=\"https:\/\/safari.evolutiontravel.it\/infovacanze\/namibia\/windhoek-capitale\/\" \/>\n<meta name=\"twitter:label1\" content=\"Tempo di lettura stimato\" \/>\n\t<meta name=\"twitter:data1\" content=\"2 minuti\" \/>\n<script type=\"application\/ld+json\" class=\"yoast-schema-graph\">{\"@context\":\"https:\/\/schema.org\",\"@graph\":[{\"@type\":\"WebPage\",\"@id\":\"https:\/\/safari.evolutiontravel.it\/infovacanze\/namibia\/windhoek-capitale\/\",\"url\":\"https:\/\/safari.evolutiontravel.it\/infovacanze\/namibia\/windhoek-capitale\/\",\"name\":\"Windhoek, capitale Namibia: cosa vedere in citt\u00e0 - Evolution Travel\",\"isPartOf\":{\"@id\":\"https:\/\/safari.evolutiontravel.it\/infovacanze\/#website\"},\"datePublished\":\"2018-12-07T08:55:27+00:00\",\"dateModified\":\"2018-12-07T09:04:41+00:00\",\"description\":\"Scopri con noi Windhoek la capitale della Namibia: viaggi e vacanze per scoprire questo paese ricco di tradizioni, natura e citt\u00e0 affascinanti!\",\"breadcrumb\":{\"@id\":\"https:\/\/safari.evolutiontravel.it\/infovacanze\/namibia\/windhoek-capitale\/#breadcrumb\"},\"inLanguage\":\"it-IT\",\"potentialAction\":[{\"@type\":\"ReadAction\",\"target\":[\"https:\/\/safari.evolutiontravel.it\/infovacanze\/namibia\/windhoek-capitale\/\"]}]},{\"@type\":\"BreadcrumbList\",\"@id\":\"https:\/\/safari.evolutiontravel.it\/infovacanze\/namibia\/windhoek-capitale\/#breadcrumb\",\"itemListElement\":[{\"@type\":\"ListItem\",\"position\":1,\"name\":\"Namibia\",\"item\":\"https:\/\/safari.evolutiontravel.it\/infovacanze\/namibia\/\"},{\"@type\":\"ListItem\",\"position\":2,\"name\":\"Windhoek\"}]},{\"@type\":\"WebSite\",\"@id\":\"https:\/\/safari.evolutiontravel.it\/infovacanze\/#website\",\"url\":\"https:\/\/safari.evolutiontravel.it\/infovacanze\/\",\"name\":\"Safari\",\"description\":\"\",\"potentialAction\":[{\"@type\":\"SearchAction\",\"target\":{\"@type\":\"EntryPoint\",\"urlTemplate\":\"https:\/\/safari.evolutiontravel.it\/infovacanze\/?s={search_term_string}\"},\"query-input\":\"required name=search_term_string\"}],\"inLanguage\":\"it-IT\"}]}<\/script>\n<!-- \/ Yoast SEO plugin. -->","yoast_head_json":{"title":"Windhoek, capitale Namibia: cosa vedere in citt\u00e0 - Evolution Travel","description":"Scopri con noi Windhoek la capitale della Namibia: viaggi e vacanze per scoprire questo paese ricco di tradizioni, natura e citt\u00e0 affascinanti!","robots":{"index":"index","follow":"follow","max-snippet":"max-snippet:-1","max-image-preview":"max-image-preview:large","max-video-preview":"max-video-preview:-1"},"canonical":"https:\/\/safari.evolutiontravel.it\/infovacanze\/namibia\/windhoek-capitale\/","twitter_misc":{"Tempo di lettura stimato":"2 minuti"},"schema":{"@context":"https:\/\/schema.org","@graph":[{"@type":"WebPage","@id":"https:\/\/safari.evolutiontravel.it\/infovacanze\/namibia\/windhoek-capitale\/","url":"https:\/\/safari.evolutiontravel.it\/infovacanze\/namibia\/windhoek-capitale\/","name":"Windhoek, capitale Namibia: cosa vedere in citt\u00e0 - Evolution Travel","isPartOf":{"@id":"https:\/\/safari.evolutiontravel.it\/infovacanze\/#website"},"datePublished":"2018-12-07T08:55:27+00:00","dateModified":"2018-12-07T09:04:41+00:00","description":"Scopri con noi Windhoek la capitale della Namibia: viaggi e vacanze per scoprire questo paese ricco di tradizioni, natura e citt\u00e0 affascinanti!","breadcrumb":{"@id":"https:\/\/safari.evolutiontravel.it\/infovacanze\/namibia\/windhoek-capitale\/#breadcrumb"},"inLanguage":"it-IT","potentialAction":[{"@type":"ReadAction","target":["https:\/\/safari.evolutiontravel.it\/infovacanze\/namibia\/windhoek-capitale\/"]}]},{"@type":"BreadcrumbList","@id":"https:\/\/safari.evolutiontravel.it\/infovacanze\/namibia\/windhoek-capitale\/#breadcrumb","itemListElement":[{"@type":"ListItem","position":1,"name":"Namibia","item":"https:\/\/safari.evolutiontravel.it\/infovacanze\/namibia\/"},{"@type":"ListItem","position":2,"name":"Windhoek"}]},{"@type":"WebSite","@id":"https:\/\/safari.evolutiontravel.it\/infovacanze\/#website","url":"https:\/\/safari.evolutiontravel.it\/infovacanze\/","name":"Safari","description":"","potentialAction":[{"@type":"SearchAction","target":{"@type":"EntryPoint","urlTemplate":"https:\/\/safari.evolutiontravel.it\/infovacanze\/?s={search_term_string}"},"query-input":"required name=search_term_string"}],"inLanguage":"it-IT"}]}},"_links":{"self":[{"href":"https:\/\/safari.evolutiontravel.it\/infovacanze\/wp-json\/wp\/v2\/pages\/1117"}],"collection":[{"href":"https:\/\/safari.evolutiontravel.it\/infovacanze\/wp-json\/wp\/v2\/pages"}],"about":[{"href":"https:\/\/safari.evolutiontravel.it\/infovacanze\/wp-json\/wp\/v2\/types\/page"}],"author":[{"embeddable":true,"href":"https:\/\/safari.evolutiontravel.it\/infovacanze\/wp-json\/wp\/v2\/users\/6"}],"replies":[{"embeddable":true,"href":"https:\/\/safari.evolutiontravel.it\/infovacanze\/wp-json\/wp\/v2\/comments?post=1117"}],"version-history":[{"count":3,"href":"https:\/\/safari.evolutiontravel.it\/infovacanze\/wp-json\/wp\/v2\/pages\/1117\/revisions"}],"predecessor-version":[{"id":1123,"href":"https:\/\/safari.evolutiontravel.it\/infovacanze\/wp-json\/wp\/v2\/pages\/1117\/revisions\/1123"}],"up":[{"embeddable":true,"href":"https:\/\/safari.evolutiontravel.it\/infovacanze\/wp-json\/wp\/v2\/pages\/8"}],"wp:attachment":[{"href":"https:\/\/safari.evolutiontravel.it\/infovacanze\/wp-json\/wp\/v2\/media?parent=1117"}],"curies":[{"name":"wp","href":"https:\/\/api.w.org\/{rel}","templated":true}]}}