{"id":1080,"date":"2018-12-04T14:40:22","date_gmt":"2018-12-04T13:40:22","guid":{"rendered":"http:\/\/safari.evolutiontravel.it\/infovacanze\/?page_id=1080"},"modified":"2018-12-04T15:39:56","modified_gmt":"2018-12-04T14:39:56","slug":"safari-namibia","status":"publish","type":"page","link":"https:\/\/safari.evolutiontravel.it\/infovacanze\/safari-namibia\/","title":{"rendered":"Safari in Namibia"},"content":{"rendered":"<p>Il modo migliore per vivere uno o pi\u00f9 giorni <strong>a contatto con la natura selvaggia<\/strong> dell&#8217;Africa e con le popolazioni indigene \u00e8 partecipare a un <strong>safari e in Namibia<\/strong> potrete scegliere quello che preferite e sempre in totale sicurezza, anche <a title=\"namibia con bambini\" href=\"https:\/\/safari.evolutiontravel.it\/infovacanze\/viaggio-namibia\/namibia-con-bambini\/\">se viaggiate con i pi\u00f9 piccoli<\/a>.<\/p>\n<p>I posti <a title=\"animali namibia\" href=\"https:\/\/safari.evolutiontravel.it\/infovacanze\/vacanza-in-namibia\/safari-ed-animali\/\">dove poter avvistare gli animali<\/a> sono tanti e con panorami differenti, tra i pi\u00f9 famosi parchi della Namibia frequentati proprio da chi viene in questo paese appositamente per fare un safari si sono sicuramente l\u2019<a title=\"Etosha National Park\" href=\"https:\/\/safari.evolutiontravel.it\/infovacanze\/viaggio-namibia\/etosha-park\/\"><strong>Etosha National Park<\/strong><\/a> e la <strong><a title=\"namib\" href=\"https:\/\/safari.evolutiontravel.it\/infovacanze\/namibia\/regione-del-namib\/\">Regione del Namib<\/a><\/strong> con il suo deserto dove proprio la scarsit\u00e0 di precipitazione lo rende uno dei luoghi pi\u00f9 aridi al mondo e tuttavia qui potrete osservare animali e piante che hanno saputo adattarsi a queste difficili condizioni climatiche.<\/p>\n<p><strong>A sud della Namibia<\/strong> consigliamo il <strong>Fish River Canyon<\/strong>: 160 chilometri di estensione per 27 chilometri di larghezza massima e una profondit\u00e0 che raggiunge i 500 metri; mentre a\u00a0 <strong>Nord-Est<\/strong> il famoso <strong>Caprivi Game Park<\/strong> e <strong>Khaudom Game Reserve<\/strong>. Nel primo vivono pi\u00f9 di quattrocento specie animali e il secondo \u00e8 una zona poco battuta dai turisti, molto pi\u00f9 amena e riservata.<strong>\u00a0<\/strong><\/p>\n<p>Per sapere <strong>qual \u00e8 il periodo migliore per fare un safari<\/strong> in questo paese consigliamo di leggere <a title=\"namibia clima\" href=\"https:\/\/safari.evolutiontravel.it\/infovacanze\/namibia\/clima\/\">l&#8217;approfondimento dedicato al clima<\/a> perch\u00e8 in realt\u00e0 le condizioni climatiche variano a seconda della zona scelta per la vacanza e nel caso vogliate anche approfondire la questione dei costi c&#8217;\u00e8 un articolo dedicato: <a href=\"https:\/\/safari.evolutiontravel.it\/infovacanze\/prezzi\/\">quanto costa un safari in Africa?<\/a><\/p>\n<p><img loading=\"lazy\" decoding=\"async\" class=\"wp-image-1093 alignright\" src=\"https:\/\/safari.evolutiontravel.it\/infovacanze\/wp-content\/uploads\/sites\/10\/2018\/12\/safari-namibia.jpg\" alt=\"safari namibia\" width=\"500\" height=\"333\" srcset=\"https:\/\/safari.evolutiontravel.it\/infovacanze\/wp-content\/uploads\/sites\/10\/2018\/12\/safari-namibia.jpg 650w, https:\/\/safari.evolutiontravel.it\/infovacanze\/wp-content\/uploads\/sites\/10\/2018\/12\/safari-namibia-300x200.jpg 300w\" sizes=\"(max-width: 500px) 100vw, 500px\" \/><\/p>\n<p style=\"text-align: justify\">Un viaggio in Namibia \u00e8 anche un modo per <strong>stare a contatto con culture, molto diverse dalla nostra<\/strong> e fare conoscenza di <strong>nuove popolazioni<\/strong> e gruppi etnici come per esempio gli <strong>Herero<\/strong>, popolazione africana che appartiene al gruppo etnico dei bantu e che vive per lo pi\u00f9 negli altipiani centrali: riconoscerete le donne dal loro caratteristico abito vittoriano e dal loro copricapo a forma di corno.<\/p>\n<p style=\"text-align: justify\">Nella zona di Kaokoland, <strong>verso lo Skeleton Coast Park<\/strong>, incontrerete invece <strong>gli Himba, uno dei popoli pi\u00f9 antichi della terra<\/strong>, dove uomini e donne si cospargono di grasso con colorazioni differenti e gli anziani comunicano con gli antenati attraverso antichi riti.<\/p>\n<p>Insomma un\u2019occasione per <strong>conoscere un nuovo mondo<\/strong>, emozionarsi e tornare a casa con un bagaglio di profonde suggestioni. Lasciatevi alle spalle i ritmi frenetici occidentali e siate pronti a tuffarvi nel vostra escursione fatta di attese, avvistamenti e nuove conoscenze.<\/p>\n<p>&nbsp;<\/p>\n<p style=\"text-align: center\"><strong>OFFERTE &#8220;<span style=\"color: #008000\">SPECIALE SAFARI IN NAMIBIA<\/span>&#8221; con Evolution Travel<br \/>\n<\/strong><\/p>\n<p>Per consultare le nostre offerte speciali per questa destinazione puoi scegliere il modo che preferisci. Puoi <strong>contattarci attraverso il form<\/strong> e ricevere subito le nostre migliori proposte oppure <span style=\"color: #008000\"><strong>cliccare sulle ultime offerte che trovi qui di seguito<\/strong><\/span>.<\/p>\n<div class=\"feedzy-a57879478e26ce8958ba9a615fa83444 feedzy-rss\">\n\t\t<ul class=\"feedzy-style2\">\n\t\t\t\t\t<li  style=\"padding: 23px 0 38px\" class=\"rss_item feedzy-rss-col-3\" >\n\t\t\t\t\t\t\t\t\t<div class=\"rss_image\" style=\"width:225px; height:225px;\">\n\t\t\t\t\t\t<a href=\"https:\/\/safari.evolutiontravel.it\/it_IT\/911\/tab\/40338_etosha-e-deserto.html\" target=\"_blank\" \n\t\t\t\t\t\t\trel=\"noopener \"\n\t\t\t\t\t\t\ttitle=\"etosha e deserto\"\n\t\t\t\t\t\t\tstyle=\"width:225px; height:225px;\">\n\t\t\t\t\t\t\t<span class=\"fetched\" style=\"background-image:  url('http:\/\/etcdn.net\/thumbnails\/1296\/it-windhoek-speciale-parco-etosha-568ea.jpg');\" title=\"etosha e deserto\"><\/span><amp-img width=\"225\" height=\"225\" src=\"http:\/\/etcdn.net\/thumbnails\/1296\/it-windhoek-speciale-parco-etosha-568ea.jpg\">\t\t\t\t\t\t<\/a>\n\t\t\t\t\t<\/div>\n\t\t\t\t\t\t\t\t<div class=\"rss_content_wrap\">\n\t\t\t\t\t<span class=\"title\">\n\t\t\t\t\t\t<a href=\"https:\/\/safari.evolutiontravel.it\/it_IT\/911\/tab\/40338_etosha-e-deserto.html\" target=\"_blank\"  rel=\"noopener \">\n\t\t\t\t\t\t\tetosha e deserto\t\t\t\t\t\t<\/a>\n\t\t\t\t\t<\/span>\n\t\t\t\t\t<div class=\"rss_content\"\n\t\t\t\t\t\t\tstyle=\"\">\n\t\t\t\t\t\t\n\t\t\t\t\t\t\t\t\t\t\t\t<p class=\"description\">da giugno ad ottobre, viaggio di gruppo con guida inglese per max 7 persone per scoprire uno stupendo paese, partenze\u00a005 e 19 [&hellip;]<\/p>\n\t\t\t\t\t\t\n\t\t\t\t\t\t\t\t\t\t\t\t\t\t\t\t\t\t\t<div class=\"price-wrap\">\n\t\t\t\t\t\t\t\t<a href=\"https:\/\/safari.evolutiontravel.it\/it_IT\/911\/tab\/40338_etosha-e-deserto.html\" target=\"_blank\" rel=\"noopener\"><button class=\"price\"> 4340<\/button><\/a>\n\t\t\t\t\t\t\t<\/div>\n\t\t\t\t\t\t\t\t\t\t\t<\/div>\n\t\t\t\t<\/div>\n\t\t\t<\/li>\n\t\t\t\t\t\t<li  style=\"padding: 23px 0 38px\" class=\"rss_item feedzy-rss-col-3\" >\n\t\t\t\t\t\t\t\t\t<div class=\"rss_image\" style=\"width:225px; height:225px;\">\n\t\t\t\t\t\t<a href=\"https:\/\/safari.evolutiontravel.it\/it_IT\/911\/tab\/1265_panorama-tra-namib-ed-etosha.html\" target=\"_blank\" \n\t\t\t\t\t\t\trel=\"noopener \"\n\t\t\t\t\t\t\ttitle=\"Panorama, tra namib ed etosha\"\n\t\t\t\t\t\t\tstyle=\"width:225px; height:225px;\">\n\t\t\t\t\t\t\t<span class=\"fetched\" style=\"background-image:  url('http:\/\/etcdn.net\/thumbnails\/1265\/it-windhoek-panorama-tra-namib-ed-etosha-5600e.jpg');\" title=\"Panorama, tra namib ed etosha\"><\/span><amp-img width=\"225\" height=\"225\" src=\"http:\/\/etcdn.net\/thumbnails\/1265\/it-windhoek-panorama-tra-namib-ed-etosha-5600e.jpg\">\t\t\t\t\t\t<\/a>\n\t\t\t\t\t<\/div>\n\t\t\t\t\t\t\t\t<div class=\"rss_content_wrap\">\n\t\t\t\t\t<span class=\"title\">\n\t\t\t\t\t\t<a href=\"https:\/\/safari.evolutiontravel.it\/it_IT\/911\/tab\/1265_panorama-tra-namib-ed-etosha.html\" target=\"_blank\"  rel=\"noopener \">\n\t\t\t\t\t\t\tPanorama, tra namib ed etosha\t\t\t\t\t\t<\/a>\n\t\t\t\t\t<\/span>\n\t\t\t\t\t<div class=\"rss_content\"\n\t\t\t\t\t\t\tstyle=\"\">\n\t\t\t\t\t\t\n\t\t\t\t\t\t\t\t\t\t\t\t<p class=\"description\">Agosto, Viaggio di gruppo con guida italiana per max 12 persone accomunate dal desiderio di vivere una grande avventura in [&hellip;]<\/p>\n\t\t\t\t\t\t\n\t\t\t\t\t\t\t\t\t\t\t\t\t\t\t\t\t\t\t<div class=\"price-wrap\">\n\t\t\t\t\t\t\t\t<a href=\"https:\/\/safari.evolutiontravel.it\/it_IT\/911\/tab\/1265_panorama-tra-namib-ed-etosha.html\" target=\"_blank\" rel=\"noopener\"><button class=\"price\"> 4490<\/button><\/a>\n\t\t\t\t\t\t\t<\/div>\n\t\t\t\t\t\t\t\t\t\t\t<\/div>\n\t\t\t\t<\/div>\n\t\t\t<\/li>\n\t\t\t\t\t\t<li  style=\"padding: 23px 0 38px\" class=\"rss_item feedzy-rss-col-3\" >\n\t\t\t\t\t\t\t\t\t<div class=\"rss_image\" style=\"width:225px; height:225px;\">\n\t\t\t\t\t\t<a href=\"https:\/\/safari.evolutiontravel.it\/it_IT\/911\/tab\/27326_workshop-namibiano.html\" target=\"_blank\" \n\t\t\t\t\t\t\trel=\"noopener \"\n\t\t\t\t\t\t\ttitle=\"workshop namibiano\"\n\t\t\t\t\t\t\tstyle=\"width:225px; height:225px;\">\n\t\t\t\t\t\t\t<span class=\"fetched\" style=\"background-image:  url('http:\/\/etcdn.net\/thumbnails\/27326\/it-windhoek-workshop-namibiano-56017.jpg');\" title=\"workshop namibiano\"><\/span><amp-img width=\"225\" height=\"225\" src=\"http:\/\/etcdn.net\/thumbnails\/27326\/it-windhoek-workshop-namibiano-56017.jpg\">\t\t\t\t\t\t<\/a>\n\t\t\t\t\t<\/div>\n\t\t\t\t\t\t\t\t<div class=\"rss_content_wrap\">\n\t\t\t\t\t<span class=\"title\">\n\t\t\t\t\t\t<a href=\"https:\/\/safari.evolutiontravel.it\/it_IT\/911\/tab\/27326_workshop-namibiano.html\" target=\"_blank\"  rel=\"noopener \">\n\t\t\t\t\t\t\tworkshop namibiano\t\t\t\t\t\t<\/a>\n\t\t\t\t\t<\/span>\n\t\t\t\t\t<div class=\"rss_content\"\n\t\t\t\t\t\t\tstyle=\"\">\n\t\t\t\t\t\t\n\t\t\t\t\t\t\t\t\t\t\t\t<p class=\"description\">Viaggio fotografico alla scoperta dei Paesaggi leggendari del Sud della Namibia, dalla costa di Walvis Bay alle dune di sabbia [&hellip;]<\/p>\n\t\t\t\t\t\t\n\t\t\t\t\t\t\t\t\t\t\t\t\t\t\t\t\t\t\t<div class=\"price-wrap\">\n\t\t\t\t\t\t\t\t<a href=\"https:\/\/safari.evolutiontravel.it\/it_IT\/911\/tab\/27326_workshop-namibiano.html\" target=\"_blank\" rel=\"noopener\"><button class=\"price\"> 4550<\/button><\/a>\n\t\t\t\t\t\t\t<\/div>\n\t\t\t\t\t\t\t\t\t\t\t<\/div>\n\t\t\t\t<\/div>\n\t\t\t<\/li>\n\t\t\t\t\t\t<li  style=\"padding: 23px 0 38px\" class=\"rss_item feedzy-rss-col-3\" >\n\t\t\t\t\t\t\t\t\t<div class=\"rss_image\" style=\"width:225px; height:225px;\">\n\t\t\t\t\t\t<a href=\"https:\/\/safari.evolutiontravel.it\/it_IT\/911\/tab\/35549_etosha-e-namib.html\" target=\"_blank\" \n\t\t\t\t\t\t\trel=\"noopener \"\n\t\t\t\t\t\t\ttitle=\"Etosha e Namib\"\n\t\t\t\t\t\t\tstyle=\"width:225px; height:225px;\">\n\t\t\t\t\t\t\t<span class=\"fetched\" style=\"background-image:  url('http:\/\/etcdn.net\/thumbnails\/1296\/it-windhoek-speciale-parco-etosha-5600d.jpg');\" title=\"Etosha e Namib\"><\/span><amp-img width=\"225\" height=\"225\" src=\"http:\/\/etcdn.net\/thumbnails\/1296\/it-windhoek-speciale-parco-etosha-5600d.jpg\">\t\t\t\t\t\t<\/a>\n\t\t\t\t\t<\/div>\n\t\t\t\t\t\t\t\t<div class=\"rss_content_wrap\">\n\t\t\t\t\t<span class=\"title\">\n\t\t\t\t\t\t<a href=\"https:\/\/safari.evolutiontravel.it\/it_IT\/911\/tab\/35549_etosha-e-namib.html\" target=\"_blank\"  rel=\"noopener \">\n\t\t\t\t\t\t\tEtosha e Namib\t\t\t\t\t\t<\/a>\n\t\t\t\t\t<\/span>\n\t\t\t\t\t<div class=\"rss_content\"\n\t\t\t\t\t\t\tstyle=\"\">\n\t\t\t\t\t\t\n\t\t\t\t\t\t\t\t\t\t\t\t<p class=\"description\">agosto, Viaggio di gruppo con guida italiana per max 10 persone accomunate dal desiderio di vivere una grande avventura in [&hellip;]<\/p>\n\t\t\t\t\t\t\n\t\t\t\t\t\t\t\t\t\t\t\t\t\t\t\t\t\t\t<div class=\"price-wrap\">\n\t\t\t\t\t\t\t\t<a href=\"https:\/\/safari.evolutiontravel.it\/it_IT\/911\/tab\/35549_etosha-e-namib.html\" target=\"_blank\" rel=\"noopener\"><button class=\"price\"> 4570<\/button><\/a>\n\t\t\t\t\t\t\t<\/div>\n\t\t\t\t\t\t\t\t\t\t\t<\/div>\n\t\t\t\t<\/div>\n\t\t\t<\/li>\n\t\t\t\t\t\t<li  style=\"padding: 23px 0 38px\" class=\"rss_item feedzy-rss-col-3\" >\n\t\t\t\t\t\t\t\t\t<div class=\"rss_image\" style=\"width:225px; height:225px;\">\n\t\t\t\t\t\t<a href=\"https:\/\/safari.evolutiontravel.it\/it_IT\/911\/tab\/9356_namib-per-tutti.html\" target=\"_blank\" \n\t\t\t\t\t\t\trel=\"noopener \"\n\t\t\t\t\t\t\ttitle=\"Namib per tutti\"\n\t\t\t\t\t\t\tstyle=\"width:225px; height:225px;\">\n\t\t\t\t\t\t\t<span class=\"fetched\" style=\"background-image:  url('http:\/\/etcdn.net\/thumbnails\/9356\/it-windhoek-namib-per-tutti-55d61.jpg');\" title=\"Namib per tutti\"><\/span><amp-img width=\"225\" height=\"225\" src=\"http:\/\/etcdn.net\/thumbnails\/9356\/it-windhoek-namib-per-tutti-55d61.jpg\">\t\t\t\t\t\t<\/a>\n\t\t\t\t\t<\/div>\n\t\t\t\t\t\t\t\t<div class=\"rss_content_wrap\">\n\t\t\t\t\t<span class=\"title\">\n\t\t\t\t\t\t<a href=\"https:\/\/safari.evolutiontravel.it\/it_IT\/911\/tab\/9356_namib-per-tutti.html\" target=\"_blank\"  rel=\"noopener \">\n\t\t\t\t\t\t\tNamib per tutti\t\t\t\t\t\t<\/a>\n\t\t\t\t\t<\/span>\n\t\t\t\t\t<div class=\"rss_content\"\n\t\t\t\t\t\t\tstyle=\"\">\n\t\t\t\t\t\t\n\t\t\t\t\t\t\t\t\t\t\t\t<p class=\"description\">La namibia \u00e8 troppo bella, tutti dovrebbero poterla vedere, abbiamo creato un viaggio economico ma con i servizi sempre al top [&hellip;]<\/p>\n\t\t\t\t\t\t\n\t\t\t\t\t\t\t\t\t\t\t\t\t\t\t\t\t\t\t<div class=\"price-wrap\">\n\t\t\t\t\t\t\t\t<a href=\"https:\/\/safari.evolutiontravel.it\/it_IT\/911\/tab\/9356_namib-per-tutti.html\" target=\"_blank\" rel=\"noopener\"><button class=\"price\"> 1795<\/button><\/a>\n\t\t\t\t\t\t\t<\/div>\n\t\t\t\t\t\t\t\t\t\t\t<\/div>\n\t\t\t\t<\/div>\n\t\t\t<\/li>\n\t\t\t\t\t\t<li  style=\"padding: 23px 0 38px\" class=\"rss_item feedzy-rss-col-3\" >\n\t\t\t\t\t\t\t\t\t<div class=\"rss_image\" style=\"width:225px; height:225px;\">\n\t\t\t\t\t\t<a href=\"https:\/\/safari.evolutiontravel.it\/it_IT\/911\/tab\/3504_alla-scoperta-del-deserto-del-namib.html\" target=\"_blank\" \n\t\t\t\t\t\t\trel=\"noopener \"\n\t\t\t\t\t\t\ttitle=\"Alla scoperta del deserto del Namib\"\n\t\t\t\t\t\t\tstyle=\"width:225px; height:225px;\">\n\t\t\t\t\t\t\t<span class=\"fetched\" style=\"background-image:  url('http:\/\/etcdn.net\/thumbnails\/3504\/it-windhoek-alla-scoperta-del-deserto-del-namib-63a77.jpg');\" title=\"Alla scoperta del deserto del Namib\"><\/span><amp-img width=\"225\" height=\"225\" src=\"http:\/\/etcdn.net\/thumbnails\/3504\/it-windhoek-alla-scoperta-del-deserto-del-namib-63a77.jpg\">\t\t\t\t\t\t<\/a>\n\t\t\t\t\t<\/div>\n\t\t\t\t\t\t\t\t<div class=\"rss_content_wrap\">\n\t\t\t\t\t<span class=\"title\">\n\t\t\t\t\t\t<a href=\"https:\/\/safari.evolutiontravel.it\/it_IT\/911\/tab\/3504_alla-scoperta-del-deserto-del-namib.html\" target=\"_blank\"  rel=\"noopener \">\n\t\t\t\t\t\t\tAlla scoperta del deserto del Namib\t\t\t\t\t\t<\/a>\n\t\t\t\t\t<\/span>\n\t\t\t\t\t<div class=\"rss_content\"\n\t\t\t\t\t\t\tstyle=\"\">\n\t\t\t\t\t\t\n\t\t\t\t\t\t\t\t\t\t\t\t<p class=\"description\">giugno agosto e settembre \r\nViaggio per un gruppo di max 12 persone, con autista e guida italiana con automezzi minibus non 4X4, [&hellip;]<\/p>\n\t\t\t\t\t\t\n\t\t\t\t\t\t\t\t\t\t\t\t\t\t\t\t\t\t\t<div class=\"price-wrap\">\n\t\t\t\t\t\t\t\t<a href=\"https:\/\/safari.evolutiontravel.it\/it_IT\/911\/tab\/3504_alla-scoperta-del-deserto-del-namib.html\" target=\"_blank\" rel=\"noopener\"><button class=\"price\"> 3880<\/button><\/a>\n\t\t\t\t\t\t\t<\/div>\n\t\t\t\t\t\t\t\t\t\t\t<\/div>\n\t\t\t\t<\/div>\n\t\t\t<\/li>\n\t\t\t\t<\/ul>\n<\/div>\n<style type=\"text\/css\" media=\"all\">.feedzy-rss .rss_item .rss_image{float:left;position:relative;border:none;text-decoration:none;max-width:100%}.feedzy-rss .rss_item .rss_image span{display:inline-block;position:absolute;width:100%;height:100%;background-position:50%;background-size:cover}.feedzy-rss .rss_item .rss_image{margin:.3em 1em 0 0;content-visibility:auto}.feedzy-rss ul{list-style:none}.feedzy-rss ul li{display:inline-block}<\/style>\n","protected":false},"excerpt":{"rendered":"<p>Il modo migliore per vivere uno o pi\u00f9 giorni a contatto con la natura selvaggia dell&#8217;Africa e con le popolazioni indigene \u00e8 partecipare a un safari e in Namibia potrete scegliere quello che preferite e sempre in totale sicurezza, anche se viaggiate con i pi\u00f9 piccoli. I posti dove poter avvistare gli animali sono tanti <a class=\"moretag\" href=\"https:\/\/safari.evolutiontravel.it\/infovacanze\/safari-namibia\/\">[&#8230;]<\/a><\/p>\n","protected":false},"author":6,"featured_media":0,"parent":0,"menu_order":0,"comment_status":"closed","ping_status":"closed","template":"templates\/template-with-right-sidebar.php","meta":{"footnotes":""},"yoast_head":"<!-- This site is optimized with the Yoast SEO plugin v21.9.1 - https:\/\/yoast.com\/wordpress\/plugins\/seo\/ -->\n<title>Safari in Namibia: dove, quando e perch\u00e8 andare in Namibia<\/title>\n<meta name=\"description\" content=\"Pronti per un viaggio indimenticabile? E&#039; il safari in Namibia a regalarti emozioni e scatti fotografici unici al mondo! Leggi il nostro articolo!\" \/>\n<meta name=\"robots\" content=\"index, follow, max-snippet:-1, max-image-preview:large, max-video-preview:-1\" \/>\n<link rel=\"canonical\" href=\"https:\/\/safari.evolutiontravel.it\/infovacanze\/safari-namibia\/\" \/>\n<meta name=\"twitter:label1\" content=\"Tempo di lettura stimato\" \/>\n\t<meta name=\"twitter:data1\" content=\"2 minuti\" \/>\n<script type=\"application\/ld+json\" class=\"yoast-schema-graph\">{\"@context\":\"https:\/\/schema.org\",\"@graph\":[{\"@type\":\"WebPage\",\"@id\":\"https:\/\/safari.evolutiontravel.it\/infovacanze\/safari-namibia\/\",\"url\":\"https:\/\/safari.evolutiontravel.it\/infovacanze\/safari-namibia\/\",\"name\":\"Safari in Namibia: dove, quando e perch\u00e8 andare in Namibia\",\"isPartOf\":{\"@id\":\"https:\/\/safari.evolutiontravel.it\/infovacanze\/#website\"},\"datePublished\":\"2018-12-04T13:40:22+00:00\",\"dateModified\":\"2018-12-04T14:39:56+00:00\",\"description\":\"Pronti per un viaggio indimenticabile? E' il safari in Namibia a regalarti emozioni e scatti fotografici unici al mondo! Leggi il nostro articolo!\",\"inLanguage\":\"it-IT\",\"potentialAction\":[{\"@type\":\"ReadAction\",\"target\":[\"https:\/\/safari.evolutiontravel.it\/infovacanze\/safari-namibia\/\"]}]},{\"@type\":\"WebSite\",\"@id\":\"https:\/\/safari.evolutiontravel.it\/infovacanze\/#website\",\"url\":\"https:\/\/safari.evolutiontravel.it\/infovacanze\/\",\"name\":\"Safari\",\"description\":\"\",\"potentialAction\":[{\"@type\":\"SearchAction\",\"target\":{\"@type\":\"EntryPoint\",\"urlTemplate\":\"https:\/\/safari.evolutiontravel.it\/infovacanze\/?s={search_term_string}\"},\"query-input\":\"required name=search_term_string\"}],\"inLanguage\":\"it-IT\"}]}<\/script>\n<!-- \/ Yoast SEO plugin. -->","yoast_head_json":{"title":"Safari in Namibia: dove, quando e perch\u00e8 andare in Namibia","description":"Pronti per un viaggio indimenticabile? E' il safari in Namibia a regalarti emozioni e scatti fotografici unici al mondo! Leggi il nostro articolo!","robots":{"index":"index","follow":"follow","max-snippet":"max-snippet:-1","max-image-preview":"max-image-preview:large","max-video-preview":"max-video-preview:-1"},"canonical":"https:\/\/safari.evolutiontravel.it\/infovacanze\/safari-namibia\/","twitter_misc":{"Tempo di lettura stimato":"2 minuti"},"schema":{"@context":"https:\/\/schema.org","@graph":[{"@type":"WebPage","@id":"https:\/\/safari.evolutiontravel.it\/infovacanze\/safari-namibia\/","url":"https:\/\/safari.evolutiontravel.it\/infovacanze\/safari-namibia\/","name":"Safari in Namibia: dove, quando e perch\u00e8 andare in Namibia","isPartOf":{"@id":"https:\/\/safari.evolutiontravel.it\/infovacanze\/#website"},"datePublished":"2018-12-04T13:40:22+00:00","dateModified":"2018-12-04T14:39:56+00:00","description":"Pronti per un viaggio indimenticabile? E' il safari in Namibia a regalarti emozioni e scatti fotografici unici al mondo! Leggi il nostro articolo!","inLanguage":"it-IT","potentialAction":[{"@type":"ReadAction","target":["https:\/\/safari.evolutiontravel.it\/infovacanze\/safari-namibia\/"]}]},{"@type":"WebSite","@id":"https:\/\/safari.evolutiontravel.it\/infovacanze\/#website","url":"https:\/\/safari.evolutiontravel.it\/infovacanze\/","name":"Safari","description":"","potentialAction":[{"@type":"SearchAction","target":{"@type":"EntryPoint","urlTemplate":"https:\/\/safari.evolutiontravel.it\/infovacanze\/?s={search_term_string}"},"query-input":"required name=search_term_string"}],"inLanguage":"it-IT"}]}},"_links":{"self":[{"href":"https:\/\/safari.evolutiontravel.it\/infovacanze\/wp-json\/wp\/v2\/pages\/1080"}],"collection":[{"href":"https:\/\/safari.evolutiontravel.it\/infovacanze\/wp-json\/wp\/v2\/pages"}],"about":[{"href":"https:\/\/safari.evolutiontravel.it\/infovacanze\/wp-json\/wp\/v2\/types\/page"}],"author":[{"embeddable":true,"href":"https:\/\/safari.evolutiontravel.it\/infovacanze\/wp-json\/wp\/v2\/users\/6"}],"replies":[{"embeddable":true,"href":"https:\/\/safari.evolutiontravel.it\/infovacanze\/wp-json\/wp\/v2\/comments?post=1080"}],"version-history":[{"count":9,"href":"https:\/\/safari.evolutiontravel.it\/infovacanze\/wp-json\/wp\/v2\/pages\/1080\/revisions"}],"predecessor-version":[{"id":1097,"href":"https:\/\/safari.evolutiontravel.it\/infovacanze\/wp-json\/wp\/v2\/pages\/1080\/revisions\/1097"}],"wp:attachment":[{"href":"https:\/\/safari.evolutiontravel.it\/infovacanze\/wp-json\/wp\/v2\/media?parent=1080"}],"curies":[{"name":"wp","href":"https:\/\/api.w.org\/{rel}","templated":true}]}}